{"id":12115,"date":"2025-06-20T18:13:52","date_gmt":"2025-06-20T22:13:52","guid":{"rendered":"https:\/\/www.multicasa.com.br\/inicio\/?post_type=product&#038;p=12115"},"modified":"2025-06-23T10:27:25","modified_gmt":"2025-06-23T14:27:25","slug":"plafon-led-sobrepor-quadrada-32w-bivolt-6-5k-l","status":"publish","type":"product","link":"https:\/\/www.multicasa.com.br\/inicio\/produto\/plafon-led-sobrepor-quadrada-32w-bivolt-6-5k-l\/","title":{"rendered":"Plafon Led Sobrepor Quadrada 32W Bivolt 6.5K L"},"content":{"rendered":"<p>Painel de sobrepor HOME TECH, possui design moderno com tecnologia LED integrado e pronto para instalar, estruturado em alum\u00ednio para maior controle de temperatura do LED extraindo a m\u00e1xima efici\u00eancia luminosa, acabamento em pintura ep\u00f3xi branca, difusor em acr\u00edlico, apresenta alta luminesc\u00eancia e uniformidade na distribui\u00e7\u00e3o da luz. Indicado para retrofit de lumin\u00e1rias do tipo calha com l\u00e2mpadas tubular (exceto vers\u00e3o 32W). Ideal para ambientes corporativos, comerciais e residenciais.<\/p>\n","protected":false},"excerpt":{"rendered":"<h4 style=\"margin: 0px;padding: 0px 0px 16px;font-family: Lato, sans-serif;font-weight: bold;line-height: 3rem;color: var(--dark-grey3);font-size: 22px;font-style: normal;letter-spacing: normal;text-align: start;text-indent: 0px;text-transform: none\">Informa\u00e7\u00f5es t\u00e9cnicas<\/h4>\n<p><span style=\"margin: 0px;padding: 0px;font-weight: 450;font-size: 14px;line-height: 21px;color: var(--dark-grey2);font-family: Lato, sans-serif;font-style: normal;letter-spacing: normal;text-align: start;text-indent: 0px;text-transform: none\">Produto: PLAFON LED SOB.QD.AL.32W BIV.6.5K L<br \/>\nMarca: led<br \/>\nMaterial: Alum\u00ednio<br \/>\nCor: Branco<br \/>\nCaracter\u00edsticas<br \/>\n&#8211; Garantia de 3 anos;<br \/>\n&#8211; Vida \u00fatil de 25.000 horas;<br \/>\n&#8211; Grau de prote\u00e7\u00e3o IP40;<br \/>\n&#8211; Tens\u00e3o bivolt 127-220Vca;<br \/>\n&#8211; Fluxo luminoso: 2720lm;<br \/>\n&#8211; Formato: quadrado;<br \/>\n&#8211; Temperatura de cor: 6500K.<\/p>\n<p>Dimens\u00f5es:<br \/>\n40 x 40 x 4 cm<\/span><\/p>\n","protected":false},"featured_media":25758,"template":"","meta":{"_joinchat":[]},"product_brand":[],"product_cat":[157],"product_tag":[],"class_list":{"0":"post-12115","1":"product","2":"type-product","3":"status-publish","4":"has-post-thumbnail","6":"product_cat-leds-decorativos","8":"first","9":"outofstock","10":"shipping-taxable","11":"product-type-simple"},"_links":{"self":[{"href":"https:\/\/www.multicasa.com.br\/inicio\/wp-json\/wp\/v2\/product\/12115","targetHints":{"allow":["GET"]}}],"collection":[{"href":"https:\/\/www.multicasa.com.br\/inicio\/wp-json\/wp\/v2\/product"}],"about":[{"href":"https:\/\/www.multicasa.com.br\/inicio\/wp-json\/wp\/v2\/types\/product"}],"wp:featuredmedia":[{"embeddable":true,"href":"https:\/\/www.multicasa.com.br\/inicio\/wp-json\/wp\/v2\/media\/25758"}],"wp:attachment":[{"href":"https:\/\/www.multicasa.com.br\/inicio\/wp-json\/wp\/v2\/media?parent=12115"}],"wp:term":[{"taxonomy":"product_brand","embeddable":true,"href":"https:\/\/www.multicasa.com.br\/inicio\/wp-json\/wp\/v2\/product_brand?post=12115"},{"taxonomy":"product_cat","embeddable":true,"href":"https:\/\/www.multicasa.com.br\/inicio\/wp-json\/wp\/v2\/product_cat?post=12115"},{"taxonomy":"product_tag","embeddable":true,"href":"https:\/\/www.multicasa.com.br\/inicio\/wp-json\/wp\/v2\/product_tag?post=12115"}],"curies":[{"name":"wp","href":"https:\/\/api.w.org\/{rel}","templated":true}]}}