{"id":12116,"date":"2025-06-20T18:13:52","date_gmt":"2025-06-20T22:13:52","guid":{"rendered":"https:\/\/www.multicasa.com.br\/inicio\/?post_type=product&#038;p=12116"},"modified":"2025-08-17T19:06:34","modified_gmt":"2025-08-17T23:06:34","slug":"torneira-p-cozinha-de-parede-bica-media-2068-c29-bognar","status":"publish","type":"product","link":"https:\/\/www.multicasa.com.br\/inicio\/produto\/torneira-p-cozinha-de-parede-bica-media-2068-c29-bognar\/","title":{"rendered":"Torneira P\/ Cozinha De Parede Bica Media 2068 C29 Bognar"},"content":{"rendered":"<p>A Torneira de Mesa Para Cozinha com Bica M\u00f3vel 1\/4 Volta 1\/2 Polegada C29 Bognar \u00e9 um produto exclusivo da Linha Gourmet. Fabricada em metal com acabamento cromado, possui bica m\u00f3vel,flex\u00edvel 360 graus com ducha e acionamento de 1\/4 de volta. Arejador com dois tipos de jato, permite maior praticidade na utiliza\u00e7\u00e3o do produto. Bica flexivel, permite o direcionamento do fluxo de \u00e1gua.<\/p>\n","protected":false},"excerpt":{"rendered":"<h4 style=\"margin: 0px;padding: 0px 0px 16px;font-family: Lato, sans-serif;font-weight: bold;line-height: 3rem;color: var(--dark-grey3);font-size: 22px;font-style: normal;letter-spacing: normal;text-align: start;text-indent: 0px;text-transform: none\">Informa\u00e7\u00f5es t\u00e9cnicas<\/h4>\n<p><span style=\"margin: 0px;padding: 0px;font-weight: 450;font-size: 14px;line-height: 21px;color: var(--dark-grey2);font-family: Lato, sans-serif;font-style: normal;letter-spacing: normal;text-align: start;text-indent: 0px;text-transform: none\">Produto: TORNEIRA P\/ COZINHA DE PAREDE BICA MEDIA 2068 C29 BOGNAR<br \/>\nMarca: Bognar<br \/>\nMaterial: Metal<br \/>\nCor: Cromado<br \/>\nCaracter\u00edsticas<br \/>\n&#8211; Tenha todos os seus alimentos lavados e preparados para as suas refei\u00e7\u00f5es di\u00e1rias. Garanta praticidade e versatilidade \u00e0s atividades do dia-a-dia em sua cozinha, proporcionando uma maior economia de \u00e1gua.<\/p>\n<p>Dimens\u00f5es<br \/>\nAltura: 25cm;<br \/>\nLargura: 5cm;<br \/>\nComprimento:18cm.<\/span><\/p>\n","protected":false},"featured_media":26146,"template":"","meta":{"_joinchat":[]},"product_brand":[],"product_cat":[67],"product_tag":[],"class_list":{"0":"post-12116","1":"product","2":"type-product","3":"status-publish","4":"has-post-thumbnail","6":"product_cat-torneiras-e-cia","8":"first","9":"outofstock","10":"shipping-taxable","11":"purchasable","12":"product-type-simple"},"_links":{"self":[{"href":"https:\/\/www.multicasa.com.br\/inicio\/wp-json\/wp\/v2\/product\/12116","targetHints":{"allow":["GET"]}}],"collection":[{"href":"https:\/\/www.multicasa.com.br\/inicio\/wp-json\/wp\/v2\/product"}],"about":[{"href":"https:\/\/www.multicasa.com.br\/inicio\/wp-json\/wp\/v2\/types\/product"}],"wp:featuredmedia":[{"embeddable":true,"href":"https:\/\/www.multicasa.com.br\/inicio\/wp-json\/wp\/v2\/media\/26146"}],"wp:attachment":[{"href":"https:\/\/www.multicasa.com.br\/inicio\/wp-json\/wp\/v2\/media?parent=12116"}],"wp:term":[{"taxonomy":"product_brand","embeddable":true,"href":"https:\/\/www.multicasa.com.br\/inicio\/wp-json\/wp\/v2\/product_brand?post=12116"},{"taxonomy":"product_cat","embeddable":true,"href":"https:\/\/www.multicasa.com.br\/inicio\/wp-json\/wp\/v2\/product_cat?post=12116"},{"taxonomy":"product_tag","embeddable":true,"href":"https:\/\/www.multicasa.com.br\/inicio\/wp-json\/wp\/v2\/product_tag?post=12116"}],"curies":[{"name":"wp","href":"https:\/\/api.w.org\/{rel}","templated":true}]}}