{"id":12126,"date":"2025-06-20T18:13:53","date_gmt":"2025-06-20T22:13:53","guid":{"rendered":"https:\/\/www.multicasa.com.br\/inicio\/?post_type=product&#038;p=12126"},"modified":"2025-08-18T02:13:59","modified_gmt":"2025-08-18T06:13:59","slug":"botina-de-seguranca-serv-gerais-n43-pt","status":"publish","type":"product","link":"https:\/\/www.multicasa.com.br\/inicio\/produto\/botina-de-seguranca-serv-gerais-n43-pt\/","title":{"rendered":"BOTINA DE SEGURAN\u00c7A SERV. GERAIS N43 PT"},"content":{"rendered":"<p>&#8216;- Bota de seguran\u00e7a confeccionada em couro.<br \/>\n&#8211; Biqueira de polipropileno.<br \/>\n&#8211; Fechamento em el\u00e1stico nas laterais.<br \/>\n&#8211; Palmilha de montagem em EVA.<br \/>\n&#8211; Solado em PU bidensidade bicolor com sistema de absor\u00e7\u00e3o de impacto, injetado diretamente no cabedal.<\/p>\n","protected":false},"excerpt":{"rendered":"<h4 style=\"margin: 0px;padding: 0px 0px 16px;font-family: Lato, sans-serif;font-weight: bold;line-height: 3rem;color: var(--dark-grey3);font-size: 22px;font-style: normal;letter-spacing: normal;text-align: start;text-indent: 0px;text-transform: none\">Informa\u00e7\u00f5es t\u00e9cnicas<\/h4>\n<p><span style=\"margin: 0px;padding: 0px;font-weight: 450;font-size: 14px;line-height: 21px;color: var(--dark-grey2);font-family: Lato, sans-serif;font-style: normal;letter-spacing: normal;text-align: start;text-indent: 0px;text-transform: none\">Cabedal: Couro<br \/>\nForra\u00e7\u00e3o Interna: Tecido n\u00e3o tecido<br \/>\nDorso: Napa Dolaro Sint\u00e9tica<br \/>\nSolado: PU\/PU Bidensidade<br \/>\nBiqueira: Polipropileno<br \/>\nNumero 43<br \/>\nPreto<\/span><\/p>\n","protected":false},"featured_media":24714,"template":"","meta":{"_joinchat":[]},"product_brand":[],"product_cat":[133],"product_tag":[],"class_list":{"0":"post-12126","1":"product","2":"type-product","3":"status-publish","4":"has-post-thumbnail","6":"product_cat-epis","8":"first","9":"outofstock","10":"shipping-taxable","11":"purchasable","12":"product-type-simple"},"_links":{"self":[{"href":"https:\/\/www.multicasa.com.br\/inicio\/wp-json\/wp\/v2\/product\/12126","targetHints":{"allow":["GET"]}}],"collection":[{"href":"https:\/\/www.multicasa.com.br\/inicio\/wp-json\/wp\/v2\/product"}],"about":[{"href":"https:\/\/www.multicasa.com.br\/inicio\/wp-json\/wp\/v2\/types\/product"}],"wp:featuredmedia":[{"embeddable":true,"href":"https:\/\/www.multicasa.com.br\/inicio\/wp-json\/wp\/v2\/media\/24714"}],"wp:attachment":[{"href":"https:\/\/www.multicasa.com.br\/inicio\/wp-json\/wp\/v2\/media?parent=12126"}],"wp:term":[{"taxonomy":"product_brand","embeddable":true,"href":"https:\/\/www.multicasa.com.br\/inicio\/wp-json\/wp\/v2\/product_brand?post=12126"},{"taxonomy":"product_cat","embeddable":true,"href":"https:\/\/www.multicasa.com.br\/inicio\/wp-json\/wp\/v2\/product_cat?post=12126"},{"taxonomy":"product_tag","embeddable":true,"href":"https:\/\/www.multicasa.com.br\/inicio\/wp-json\/wp\/v2\/product_tag?post=12126"}],"curies":[{"name":"wp","href":"https:\/\/api.w.org\/{rel}","templated":true}]}}