{"id":12129,"date":"2025-06-20T18:13:53","date_gmt":"2025-06-20T22:13:53","guid":{"rendered":"https:\/\/www.multicasa.com.br\/inicio\/?post_type=product&#038;p=12129"},"modified":"2026-02-26T16:31:08","modified_gmt":"2026-02-26T20:31:08","slug":"botina-nobuck-c-biqueira-n39-pvc","status":"publish","type":"product","link":"https:\/\/www.multicasa.com.br\/inicio\/produto\/botina-nobuck-c-biqueira-n39-pvc\/","title":{"rendered":"BOTINA NOBUCK C\/ BIQUEIRA N39 PVC"},"content":{"rendered":"<p>\u00c9 o cal\u00e7ado perfeito para quem busca conforto e prote\u00e7\u00e3o nos ambientes de trabalho. Com materiais de qualidade, essa botina \u00e9 feita em couro nobuck, um material dur\u00e1vel e resistente, o que a torna ideal para ambientes com riscos eminentes, garantindo a prote\u00e7\u00e3o dos p\u00e9s do trabalhador. Possui fechamento em cadar\u00e7o, o que permite um perfeito ajuste ao tamanho dos p\u00e9s, proporcionando um calce confort\u00e1vel e seguro. O solado \u00e9 de poliuretano bidensidade, que garante a ader\u00eancia e estabilidade ao caminhar, evitando poss\u00edveis acidentes no ambiente de trabalho. Outro ponto importante \u00e9 que a botina possui biqueira de pl\u00e1stico, que protege contra impactos e esmagamentos, proporcionando uma maior seguran\u00e7a para quem usa essa botina. Seu design na cor marrom caf\u00e9 traz eleg\u00e2ncia ao cal\u00e7ado, que pode ser usado em diferentes setores profissionais. Essa botina proporciona conforto e prote\u00e7\u00e3o para quem precisa se movimentar constantemente em diferentes ambientes de trabalho. Invista na seguran\u00e7a e no conforto para os seus p\u00e9s no ambiente de trabalho. Adquira j\u00e1 o seu e tenha tranquilidade na hora de desenvolver as atividades do seu trabalho. A qualidade e seguran\u00e7a da Marluvas \u00e9 uma escolha que faz a diferen\u00e7a para os seus p\u00e9s. Compre agora mesmo! <\/p>\n","protected":false},"excerpt":{"rendered":"<h4 style=\"margin: 0px;padding: 0px 0px 16px;font-family: Lato, sans-serif;font-weight: bold;line-height: 3rem;color: var(--dark-grey3);font-size: 22px;font-style: normal;letter-spacing: normal;text-align: start;text-indent: 0px;text-transform: none\">Informa\u00e7\u00f5es t\u00e9cnicas<\/h4>\n<p><span style=\"margin: 0px;padding: 0px;font-weight: 450;font-size: 14px;line-height: 21px;color: var(--dark-grey2);font-family: Lato, sans-serif;font-style: normal;letter-spacing: normal;text-align: start;text-indent: 0px;text-transform: none\">Couro Nobuck<br \/>\nTamanho: 39<br \/>\nFechamento: Cadar\u00e7o<br \/>\nBiqueira: Pl\u00e1stico<br \/>\nCor: Marrom Caf\u00e9<br \/>\nSolado: Poliuretano Bidensidade<br \/>\nPalmilha: Antibacteriana<br \/>\nMarluvas<br \/>\n<\/span><\/p>\n","protected":false},"featured_media":24716,"template":"","meta":{"_joinchat":[]},"product_brand":[],"product_cat":[133],"product_tag":[],"class_list":{"0":"post-12129","1":"product","2":"type-product","3":"status-publish","4":"has-post-thumbnail","6":"product_cat-epis","8":"first","9":"instock","10":"shipping-taxable","11":"purchasable","12":"product-type-simple"},"_links":{"self":[{"href":"https:\/\/www.multicasa.com.br\/inicio\/wp-json\/wp\/v2\/product\/12129","targetHints":{"allow":["GET"]}}],"collection":[{"href":"https:\/\/www.multicasa.com.br\/inicio\/wp-json\/wp\/v2\/product"}],"about":[{"href":"https:\/\/www.multicasa.com.br\/inicio\/wp-json\/wp\/v2\/types\/product"}],"wp:featuredmedia":[{"embeddable":true,"href":"https:\/\/www.multicasa.com.br\/inicio\/wp-json\/wp\/v2\/media\/24716"}],"wp:attachment":[{"href":"https:\/\/www.multicasa.com.br\/inicio\/wp-json\/wp\/v2\/media?parent=12129"}],"wp:term":[{"taxonomy":"product_brand","embeddable":true,"href":"https:\/\/www.multicasa.com.br\/inicio\/wp-json\/wp\/v2\/product_brand?post=12129"},{"taxonomy":"product_cat","embeddable":true,"href":"https:\/\/www.multicasa.com.br\/inicio\/wp-json\/wp\/v2\/product_cat?post=12129"},{"taxonomy":"product_tag","embeddable":true,"href":"https:\/\/www.multicasa.com.br\/inicio\/wp-json\/wp\/v2\/product_tag?post=12129"}],"curies":[{"name":"wp","href":"https:\/\/api.w.org\/{rel}","templated":true}]}}