{"id":12135,"date":"2025-06-20T18:14:01","date_gmt":"2025-06-20T22:14:01","guid":{"rendered":"https:\/\/www.multicasa.com.br\/inicio\/?post_type=product&#038;p=12135"},"modified":"2025-08-18T02:14:43","modified_gmt":"2025-08-18T06:14:43","slug":"kit-bacia-c-caixa-acoplada-like-bc-lor","status":"publish","type":"product","link":"https:\/\/www.multicasa.com.br\/inicio\/produto\/kit-bacia-c-caixa-acoplada-like-bc-lor\/","title":{"rendered":"Kit Bacia C\/Caixa Acoplada Like Bc Lor"},"content":{"rendered":"<p>O Kit Bacia com Caixa Acoplada LorenLike Branco da Lorenzetti \u00e9 produzido em cer\u00e2mica sanit\u00e1ria com design quadrado, sif\u00e3o oculto e bacia ultra jet. Acompanha caixa acoplada com duplo acionamento de 3 e 6 litros, assento soft close, anel para veda\u00e7\u00e3o, flex\u00edvel em inox e parafusos para fixa\u00e7\u00e3o.<\/p>\n","protected":false},"excerpt":{"rendered":"<h4 style=\"margin: 0px;padding: 0px 0px 16px;font-family: Lato, sans-serif;font-weight: bold;line-height: 3rem;color: var(--dark-grey3);font-size: 22px;font-style: normal;letter-spacing: normal;text-align: start;text-indent: 0px;text-transform: none\">Informa\u00e7\u00f5es t\u00e9cnicas<\/h4>\n<p><span style=\"margin: 0px;padding: 0px;font-weight: 450;font-size: 14px;line-height: 21px;color: var(--dark-grey2);font-family: Lato, sans-serif;font-style: normal;letter-spacing: normal;text-align: start;text-indent: 0px;text-transform: none\">Produto: KIT BACIA C\/CAIXA ACOPL.LIKE BC LOR<br \/>\nMarca: Lorenzetti<br \/>\nMaterial: Cer\u00e2mica<br \/>\nCor: Branca<br \/>\nCaracter\u00edsticas<br \/>\n&#8211; 1 Bacia Ultrajet para Caixa, 1 Caixa para Acoplar, 1 Assento, 1 Flex\u00edvel, 1 Anel de Veda\u00e7\u00f5a e Parafusos de Fixa\u00e7\u00e3o;<br \/>\n&#8211; Capacidade: 3 e 6 litros;<br \/>\n&#8211; Peso: 39,5 kg;<br \/>\n&#8211; Formato: quadrado.<\/p>\n<p>Dimens\u00f5es aproximadas<br \/>\n46,1 x 46,3 x 79,9 cm.<\/span><\/p>\n","protected":false},"featured_media":25339,"template":"","meta":{"_joinchat":[]},"product_brand":[],"product_cat":[68],"product_tag":[],"class_list":{"0":"post-12135","1":"product","2":"type-product","3":"status-publish","4":"has-post-thumbnail","6":"product_cat-loucas-e-cia","8":"first","9":"outofstock","10":"shipping-taxable","11":"purchasable","12":"product-type-simple"},"_links":{"self":[{"href":"https:\/\/www.multicasa.com.br\/inicio\/wp-json\/wp\/v2\/product\/12135","targetHints":{"allow":["GET"]}}],"collection":[{"href":"https:\/\/www.multicasa.com.br\/inicio\/wp-json\/wp\/v2\/product"}],"about":[{"href":"https:\/\/www.multicasa.com.br\/inicio\/wp-json\/wp\/v2\/types\/product"}],"wp:featuredmedia":[{"embeddable":true,"href":"https:\/\/www.multicasa.com.br\/inicio\/wp-json\/wp\/v2\/media\/25339"}],"wp:attachment":[{"href":"https:\/\/www.multicasa.com.br\/inicio\/wp-json\/wp\/v2\/media?parent=12135"}],"wp:term":[{"taxonomy":"product_brand","embeddable":true,"href":"https:\/\/www.multicasa.com.br\/inicio\/wp-json\/wp\/v2\/product_brand?post=12135"},{"taxonomy":"product_cat","embeddable":true,"href":"https:\/\/www.multicasa.com.br\/inicio\/wp-json\/wp\/v2\/product_cat?post=12135"},{"taxonomy":"product_tag","embeddable":true,"href":"https:\/\/www.multicasa.com.br\/inicio\/wp-json\/wp\/v2\/product_tag?post=12135"}],"curies":[{"name":"wp","href":"https:\/\/api.w.org\/{rel}","templated":true}]}}