{"id":12136,"date":"2025-06-20T18:14:02","date_gmt":"2025-06-20T22:14:02","guid":{"rendered":"https:\/\/www.multicasa.com.br\/inicio\/?post_type=product&#038;p=12136"},"modified":"2025-08-17T19:06:54","modified_gmt":"2025-08-17T23:06:54","slug":"kit-bacia-c-caixa-acoplada-way-branca-lorenzetti","status":"publish","type":"product","link":"https:\/\/www.multicasa.com.br\/inicio\/produto\/kit-bacia-c-caixa-acoplada-way-branca-lorenzetti\/","title":{"rendered":"Kit Bacia C\/Caixa Acoplada Way Branca Lorenzetti"},"content":{"rendered":"<p>Bacia com Caixa Acoplada Way &#8211; Duo Flow 60% de economia em rela\u00e7\u00e3o aos modelos antigos de bacias. Economia na medida certa! Duas op\u00e7\u00f5es de acionamento: 3 litros para liquidos e 6 litros para s\u00f3lidos.<br \/>\nCompat\u00edvel com os assentos sanit\u00e1rios:<br \/>\n&#8211; Duratti<br \/>\n&#8211; Formatta<br \/>\n&#8211; Formatta (soft close)<br \/>\n&#8211; Elegantti.<\/p>\n","protected":false},"excerpt":{"rendered":"<h4 style=\"margin: 0px;padding: 0px 0px 16px;font-family: Lato, sans-serif;font-weight: bold;line-height: 3rem;color: var(--dark-grey3);font-size: 22px;font-style: normal;letter-spacing: normal;text-align: start;text-indent: 0px;text-transform: none\">Informa\u00e7\u00f5es t\u00e9cnicas<\/h4>\n<p><span style=\"margin: 0px;padding: 0px;font-weight: 450;font-size: 14px;line-height: 21px;color: var(--dark-grey2);font-family: Lato, sans-serif;font-style: normal;letter-spacing: normal;text-align: start;text-indent: 0px;text-transform: none\">Produto: KIT BACIA C\/CAIXA ACOPL.WAY BC LORE<br \/>\nMarca: Lorenzetti<br \/>\nMaterial: Cer\u00e2mica<br \/>\nCor: Branca<br \/>\nCaracter\u00edsticas<br \/>\n&#8211; Bacia com caixa acoplada;<br \/>\n&#8211; Assento;<br \/>\n&#8211; Anel de Veda\u00e7\u00e3o;<br \/>\n&#8211; Parafusos de Fixa\u00e7\u00e3o;<br \/>\n&#8211; Flex\u00edvel A\u00e7o Inox.<\/p>\n<p>Dimens\u00f5es aproximadas<br \/>\n766 x 373 x 400 mm<\/span><\/p>\n","protected":false},"featured_media":27353,"template":"","meta":{"_joinchat":[]},"product_brand":[],"product_cat":[68],"product_tag":[],"class_list":{"0":"post-12136","1":"product","2":"type-product","3":"status-publish","4":"has-post-thumbnail","6":"product_cat-loucas-e-cia","8":"first","9":"outofstock","10":"shipping-taxable","11":"purchasable","12":"product-type-simple"},"_links":{"self":[{"href":"https:\/\/www.multicasa.com.br\/inicio\/wp-json\/wp\/v2\/product\/12136","targetHints":{"allow":["GET"]}}],"collection":[{"href":"https:\/\/www.multicasa.com.br\/inicio\/wp-json\/wp\/v2\/product"}],"about":[{"href":"https:\/\/www.multicasa.com.br\/inicio\/wp-json\/wp\/v2\/types\/product"}],"wp:featuredmedia":[{"embeddable":true,"href":"https:\/\/www.multicasa.com.br\/inicio\/wp-json\/wp\/v2\/media\/27353"}],"wp:attachment":[{"href":"https:\/\/www.multicasa.com.br\/inicio\/wp-json\/wp\/v2\/media?parent=12136"}],"wp:term":[{"taxonomy":"product_brand","embeddable":true,"href":"https:\/\/www.multicasa.com.br\/inicio\/wp-json\/wp\/v2\/product_brand?post=12136"},{"taxonomy":"product_cat","embeddable":true,"href":"https:\/\/www.multicasa.com.br\/inicio\/wp-json\/wp\/v2\/product_cat?post=12136"},{"taxonomy":"product_tag","embeddable":true,"href":"https:\/\/www.multicasa.com.br\/inicio\/wp-json\/wp\/v2\/product_tag?post=12136"}],"curies":[{"name":"wp","href":"https:\/\/api.w.org\/{rel}","templated":true}]}}