{"id":12140,"date":"2025-06-20T18:14:02","date_gmt":"2025-06-20T22:14:02","guid":{"rendered":"https:\/\/www.multicasa.com.br\/inicio\/?post_type=product&#038;p=12140"},"modified":"2025-06-23T10:36:19","modified_gmt":"2025-06-23T14:36:19","slug":"spot-led-de-embutir-quadrado-7w-bivolt-4-0k-avant","status":"publish","type":"product","link":"https:\/\/www.multicasa.com.br\/inicio\/produto\/spot-led-de-embutir-quadrado-7w-bivolt-4-0k-avant\/","title":{"rendered":"Spot Led De Embutir Quadrado 7W Bivolt 4.0K Avant"},"content":{"rendered":"<p>Uso embutido em teto, forros de gesso, modulares, forros de pvc, madeira e similares. Usado em ambientes internos, ou externos protegidos de chuva, Possui sistema direcion\u00e1vel para melhor ajuste do seu projeto. Ideal para uso decorativo com destaque em paredes, com foco em objetos ou texturas.<\/p>\n","protected":false},"excerpt":{"rendered":"<h4 style=\"margin: 0px;padding: 0px 0px 16px;font-family: Lato, sans-serif;font-weight: bold;line-height: 3rem;color: var(--dark-grey3);font-size: 22px;font-style: normal;letter-spacing: normal;text-align: start;text-indent: 0px;text-transform: none\">Informa\u00e7\u00f5es t\u00e9cnicas<\/h4>\n<p><span style=\"margin: 0px;padding: 0px;font-weight: 450;font-size: 14px;line-height: 21px;color: var(--dark-grey2);font-family: Lato, sans-serif;font-style: normal;letter-spacing: normal;text-align: start;text-indent: 0px;text-transform: none\">Produto: SPOT LED DE EMBUTIR QUADRADO 7W BIVOLT 4.0K<br \/>\nMarca: AVANT<br \/>\nCor: branco<\/p>\n<p>Caracter\u00edsticas<br \/>\n&#8211; Garantia de 1 ano;<br \/>\n&#8211; Pot\u00eancia de 7W;<br \/>\n&#8211; Fluxo luminoso: 630lm;<br \/>\n&#8211; Possui emiss\u00e3o de luz focal com instala\u00e7\u00e3o do tipo<br \/>\nembutida em forro de gesso;<br \/>\n&#8211; Corpo em polipropileno;<br \/>\n&#8211; Equipado com cabo de duplo isolamento (cabo PP);<br \/>\n&#8211; Lente em policarbonato;<br \/>\n&#8211; Temperatura de cor: 4.0k;<br \/>\n&#8211; Tens\u00e3o: 100V &#8211; 240V Bivolt;<br \/>\n&#8211; Baixo consumo de energia;<br \/>\n&#8211; \u00cdndice de prote\u00e7\u00e3o: IP20;<br \/>\n&#8211; Vida \u00fatil de 15.000 horas;<br \/>\n&#8211; Uso interno;<br \/>\n&#8211; Tamanho: 120 x 120mm.&#8221;<br \/>\n&#8211; Peso:106g<br \/>\n<\/span><\/p>\n","protected":false},"featured_media":25986,"template":"","meta":{"_joinchat":[]},"product_brand":[],"product_cat":[157],"product_tag":[],"class_list":{"0":"post-12140","1":"product","2":"type-product","3":"status-publish","4":"has-post-thumbnail","6":"product_cat-leds-decorativos","8":"first","9":"outofstock","10":"shipping-taxable","11":"product-type-simple"},"_links":{"self":[{"href":"https:\/\/www.multicasa.com.br\/inicio\/wp-json\/wp\/v2\/product\/12140","targetHints":{"allow":["GET"]}}],"collection":[{"href":"https:\/\/www.multicasa.com.br\/inicio\/wp-json\/wp\/v2\/product"}],"about":[{"href":"https:\/\/www.multicasa.com.br\/inicio\/wp-json\/wp\/v2\/types\/product"}],"wp:featuredmedia":[{"embeddable":true,"href":"https:\/\/www.multicasa.com.br\/inicio\/wp-json\/wp\/v2\/media\/25986"}],"wp:attachment":[{"href":"https:\/\/www.multicasa.com.br\/inicio\/wp-json\/wp\/v2\/media?parent=12140"}],"wp:term":[{"taxonomy":"product_brand","embeddable":true,"href":"https:\/\/www.multicasa.com.br\/inicio\/wp-json\/wp\/v2\/product_brand?post=12140"},{"taxonomy":"product_cat","embeddable":true,"href":"https:\/\/www.multicasa.com.br\/inicio\/wp-json\/wp\/v2\/product_cat?post=12140"},{"taxonomy":"product_tag","embeddable":true,"href":"https:\/\/www.multicasa.com.br\/inicio\/wp-json\/wp\/v2\/product_tag?post=12140"}],"curies":[{"name":"wp","href":"https:\/\/api.w.org\/{rel}","templated":true}]}}