{"id":12141,"date":"2025-06-20T18:14:02","date_gmt":"2025-06-20T22:14:02","guid":{"rendered":"https:\/\/www.multicasa.com.br\/inicio\/?post_type=product&#038;p=12141"},"modified":"2025-08-17T19:06:57","modified_gmt":"2025-08-17T23:06:57","slug":"arandela-led-hub-6w-biv-3-0k-pt-opu","status":"publish","type":"product","link":"https:\/\/www.multicasa.com.br\/inicio\/produto\/arandela-led-hub-6w-biv-3-0k-pt-opu\/","title":{"rendered":"Arandela Led Hub 6W Biv.3.0K Pt Opu"},"content":{"rendered":"<p>Ilumina\u00e7\u00e3o para ambiente interno, facho regul\u00e1vel, multiplas conbina\u00e7\u00f5es de efeitos, pintura eletrost\u00e1tica anti-UV, dispon\u00edvel nas cores branca e preta e corpo em alum\u00ednio injetado.<\/p>\n","protected":false},"excerpt":{"rendered":"<h4 style=\"margin: 0px;padding: 0px 0px 16px;font-family: Lato, sans-serif;font-weight: bold;line-height: 3rem;color: var(--dark-grey3);font-size: 22px;font-style: normal;letter-spacing: normal;text-align: start;text-indent: 0px;text-transform: none\">Informa\u00e7\u00f5es t\u00e9cnicas<\/h4>\n<p><span style=\"margin: 0px;padding: 0px;font-weight: 450;font-size: 14px;line-height: 21px;color: var(--dark-grey2);font-family: Lato, sans-serif;font-style: normal;letter-spacing: normal;text-align: start;text-indent: 0px;text-transform: none\">Produto: ARANDELA LED HUB 6W BIV.3.0K PT OPU<br \/>\nMarca: OPUS<br \/>\nMaterial: corpo em alum\u00ednio injetado.<br \/>\nCor: Preto<\/p>\n<p>Caracter\u00edsticas:<br \/>\nIlumina\u00e7\u00e3o para ambiente interno e externo;<br \/>\nFacho ajust\u00e1vel;<br \/>\nTexturizado;<br \/>\nAlum\u00ednio;<br \/>\nFLUXO LUMINOSO: 400 lm;<br \/>\nPOT\u00caNCIA: 6W;<br \/>\nTENS\u00c3O: 100 &#8211; 240V;<br \/>\nFREQU\u00caNCIA: 50\/60Hz;<br \/>\nCORRENTE EL\u00c9TRICA: 0.067 A;<br \/>\nTEMPERATURA DE OPERA\u00c7\u00c3O: &#8211; 20\u00b0C A 55\u00b0C;<br \/>\nPESO: 580g;<br \/>\nDIMENS\u00d5ES: 100 x 100 x 100mm;<br \/>\nGARANTIA: 2 ANOS.<\/span><\/p>\n","protected":false},"featured_media":27250,"template":"","meta":{"_joinchat":[]},"product_brand":[],"product_cat":[157],"product_tag":[],"class_list":{"0":"post-12141","1":"product","2":"type-product","3":"status-publish","4":"has-post-thumbnail","6":"product_cat-leds-decorativos","8":"first","9":"outofstock","10":"shipping-taxable","11":"purchasable","12":"product-type-simple"},"_links":{"self":[{"href":"https:\/\/www.multicasa.com.br\/inicio\/wp-json\/wp\/v2\/product\/12141","targetHints":{"allow":["GET"]}}],"collection":[{"href":"https:\/\/www.multicasa.com.br\/inicio\/wp-json\/wp\/v2\/product"}],"about":[{"href":"https:\/\/www.multicasa.com.br\/inicio\/wp-json\/wp\/v2\/types\/product"}],"wp:featuredmedia":[{"embeddable":true,"href":"https:\/\/www.multicasa.com.br\/inicio\/wp-json\/wp\/v2\/media\/27250"}],"wp:attachment":[{"href":"https:\/\/www.multicasa.com.br\/inicio\/wp-json\/wp\/v2\/media?parent=12141"}],"wp:term":[{"taxonomy":"product_brand","embeddable":true,"href":"https:\/\/www.multicasa.com.br\/inicio\/wp-json\/wp\/v2\/product_brand?post=12141"},{"taxonomy":"product_cat","embeddable":true,"href":"https:\/\/www.multicasa.com.br\/inicio\/wp-json\/wp\/v2\/product_cat?post=12141"},{"taxonomy":"product_tag","embeddable":true,"href":"https:\/\/www.multicasa.com.br\/inicio\/wp-json\/wp\/v2\/product_tag?post=12141"}],"curies":[{"name":"wp","href":"https:\/\/api.w.org\/{rel}","templated":true}]}}