{"id":12142,"date":"2025-06-20T18:14:02","date_gmt":"2025-06-20T22:14:02","guid":{"rendered":"https:\/\/www.multicasa.com.br\/inicio\/?post_type=product&#038;p=12142"},"modified":"2026-04-22T06:29:36","modified_gmt":"2026-04-22T10:29:36","slug":"lanterna-325lm-3-pilhas-aaa-coleman","status":"publish","type":"product","link":"https:\/\/www.multicasa.com.br\/inicio\/produto\/lanterna-325lm-3-pilhas-aaa-coleman\/","title":{"rendered":"Lanterna 325LM 3 Pilhas AAA Coleman"},"content":{"rendered":"<p>A tecnologia de prote\u00e7\u00e3o de bateria na lanterna LED Coleman 325M interrompe a drenagem da bateria, ent\u00e3o voc\u00ea ter\u00e1 energia quando mais precisar. As lanternas convencionais experimentam drenagem residual desde que a bateria esteja conectada no circuito, mesmo quando a luz \u00e9 desligada. Quando voc\u00ea desligar sua lanterna Coleman, a tecnologia Battery Guard desativa completamente a bateria para manter o brilho duas vezes mais e prolongar a vida \u00fatil da bateria em 25%. Tamb\u00e9m reduz a corros\u00e3o prejudicial, para que as baterias possam ser armazenadas em sua lanterna por anos. A lanterna mant\u00e9m sua durabilidade com um exterior de alum\u00ednio forte e borda de borracha resistente \u00e0 \u00e1gua e a impactos a quedas de at\u00e9 dois metros. Com uma bateria de longa dura\u00e7\u00e3o e um exterior resistente.<\/p>\n","protected":false},"excerpt":{"rendered":"<h4 style=\"margin: 0px;padding: 0px 0px 16px;font-family: Lato, sans-serif;font-weight: bold;line-height: 3rem;color: var(--dark-grey3);font-size: 22px;font-style: normal;letter-spacing: normal;text-align: start;text-indent: 0px;text-transform: none\">Informa\u00e7\u00f5es t\u00e9cnicas<\/h4>\n<p><span style=\"margin: 0px;padding: 0px;font-weight: 450;font-size: 14px;line-height: 21px;color: var(--dark-grey2);font-family: Lato, sans-serif;font-style: normal;letter-spacing: normal;text-align: start;text-indent: 0px;text-transform: none\">&#8211; O sistema de prote\u00e7\u00e3o de bateria interrompe o dreno da bateria para preservar a vida \u00fatil da bateria<br \/>\n&#8211; Vida \u00fatil da bateria at\u00e9 25% mais longa do que as lanternas tradicionais<br \/>\n&#8211; Design dur\u00e1vel e leve com borda de borracha protege contra quedas de at\u00e9 2 metros<br \/>\n&#8211; Tempo de funcionamento: 2 horas na alta, 200 em baixa temperatura<br \/>\n&#8211; L\u00famens: 500 na alta, 10 em baixa temperatura<\/span><\/p>\n","protected":false},"featured_media":25453,"template":"","meta":{"_joinchat":[]},"product_brand":[],"product_cat":[136],"product_tag":[],"class_list":{"0":"post-12142","1":"product","2":"type-product","3":"status-publish","4":"has-post-thumbnail","6":"product_cat-lazer","8":"first","9":"outofstock","10":"shipping-taxable","11":"product-type-simple"},"_links":{"self":[{"href":"https:\/\/www.multicasa.com.br\/inicio\/wp-json\/wp\/v2\/product\/12142","targetHints":{"allow":["GET"]}}],"collection":[{"href":"https:\/\/www.multicasa.com.br\/inicio\/wp-json\/wp\/v2\/product"}],"about":[{"href":"https:\/\/www.multicasa.com.br\/inicio\/wp-json\/wp\/v2\/types\/product"}],"wp:featuredmedia":[{"embeddable":true,"href":"https:\/\/www.multicasa.com.br\/inicio\/wp-json\/wp\/v2\/media\/25453"}],"wp:attachment":[{"href":"https:\/\/www.multicasa.com.br\/inicio\/wp-json\/wp\/v2\/media?parent=12142"}],"wp:term":[{"taxonomy":"product_brand","embeddable":true,"href":"https:\/\/www.multicasa.com.br\/inicio\/wp-json\/wp\/v2\/product_brand?post=12142"},{"taxonomy":"product_cat","embeddable":true,"href":"https:\/\/www.multicasa.com.br\/inicio\/wp-json\/wp\/v2\/product_cat?post=12142"},{"taxonomy":"product_tag","embeddable":true,"href":"https:\/\/www.multicasa.com.br\/inicio\/wp-json\/wp\/v2\/product_tag?post=12142"}],"curies":[{"name":"wp","href":"https:\/\/api.w.org\/{rel}","templated":true}]}}