{"id":12148,"date":"2025-06-20T18:14:03","date_gmt":"2025-06-20T22:14:03","guid":{"rendered":"https:\/\/www.multicasa.com.br\/inicio\/?post_type=product&#038;p=12148"},"modified":"2025-08-18T02:15:09","modified_gmt":"2025-08-18T06:15:09","slug":"kit-trilho-com-3-lampadas-led-7w-3000k-opus","status":"publish","type":"product","link":"https:\/\/www.multicasa.com.br\/inicio\/produto\/kit-trilho-com-3-lampadas-led-7w-3000k-opus\/","title":{"rendered":"Kit Trilho com 3 l\u00e2mpadas led 7W 3000K Opus"},"content":{"rendered":"<p>Kit de trilho eletrificado de 1m com 3 spots direcion\u00e1veis de 7W cada e uma ponteira para emenda. Temperatura de cor de 3000K. Pe\u00e7a em policarbonato para spots e alum\u00ednio no trilho dispon\u00edvel nas cor branca.<\/p>\n","protected":false},"excerpt":{"rendered":"<h4 style=\"margin: 0px;padding: 0px 0px 16px;font-family: Lato, sans-serif;font-weight: bold;line-height: 3rem;color: var(--dark-grey3);font-size: 22px;font-style: normal;letter-spacing: normal;text-align: start;text-indent: 0px;text-transform: none\">Informa\u00e7\u00f5es t\u00e9cnicas<\/h4>\n<p><span style=\"margin: 0px;padding: 0px;font-weight: 450;font-size: 14px;line-height: 21px;color: var(--dark-grey2);font-family: Lato, sans-serif;font-style: normal;letter-spacing: normal;text-align: start;text-indent: 0px;text-transform: none\">Temperatura de cor: 3000K<br \/>\nFluxo luminoso:  600lm\/ SPOT<br \/>\n\u00c2ngulo: 24\u00b0<br \/>\nIRC: &gt;80<br \/>\nPont\u00eancia: 7W \/SPOT<br \/>\nTens\u00e3o: 100-240V<br \/>\nFrenqu\u00eancia: 60Hz<br \/>\nFator pot\u00eancia: &gt;0.45<br \/>\nCorrente el\u00e9trica: 0.138A\/ spot<br \/>\nTemp. de opera\u00e7\u00e3o: -20\u00b0C a 40\u00b0C<br \/>\nGrau de prote\u00e7\u00e3o: IP20<br \/>\nPeso: 510g<br \/>\nVida \u00fatil 30.000h<br \/>\nGarantia 1 ano<\/span><\/p>\n","protected":false},"featured_media":25372,"template":"","meta":{"_joinchat":[]},"product_brand":[],"product_cat":[157],"product_tag":[],"class_list":{"0":"post-12148","1":"product","2":"type-product","3":"status-publish","4":"has-post-thumbnail","6":"product_cat-leds-decorativos","8":"first","9":"outofstock","10":"shipping-taxable","11":"purchasable","12":"product-type-simple"},"_links":{"self":[{"href":"https:\/\/www.multicasa.com.br\/inicio\/wp-json\/wp\/v2\/product\/12148","targetHints":{"allow":["GET"]}}],"collection":[{"href":"https:\/\/www.multicasa.com.br\/inicio\/wp-json\/wp\/v2\/product"}],"about":[{"href":"https:\/\/www.multicasa.com.br\/inicio\/wp-json\/wp\/v2\/types\/product"}],"wp:featuredmedia":[{"embeddable":true,"href":"https:\/\/www.multicasa.com.br\/inicio\/wp-json\/wp\/v2\/media\/25372"}],"wp:attachment":[{"href":"https:\/\/www.multicasa.com.br\/inicio\/wp-json\/wp\/v2\/media?parent=12148"}],"wp:term":[{"taxonomy":"product_brand","embeddable":true,"href":"https:\/\/www.multicasa.com.br\/inicio\/wp-json\/wp\/v2\/product_brand?post=12148"},{"taxonomy":"product_cat","embeddable":true,"href":"https:\/\/www.multicasa.com.br\/inicio\/wp-json\/wp\/v2\/product_cat?post=12148"},{"taxonomy":"product_tag","embeddable":true,"href":"https:\/\/www.multicasa.com.br\/inicio\/wp-json\/wp\/v2\/product_tag?post=12148"}],"curies":[{"name":"wp","href":"https:\/\/api.w.org\/{rel}","templated":true}]}}