{"id":12149,"date":"2025-06-20T18:14:03","date_gmt":"2025-06-20T22:14:03","guid":{"rendered":"https:\/\/www.multicasa.com.br\/inicio\/?post_type=product&#038;p=12149"},"modified":"2025-08-18T02:15:11","modified_gmt":"2025-08-18T06:15:11","slug":"kit-trilho-led-3lpx7w-biv-6500k-bc","status":"publish","type":"product","link":"https:\/\/www.multicasa.com.br\/inicio\/produto\/kit-trilho-led-3lpx7w-biv-6500k-bc\/","title":{"rendered":"KIT TRILHO LED 3LPX7W BIV. 6500K BC"},"content":{"rendered":"<p> Os trilhos s\u00e3o eletrificados, dispensando a necessidade de fios para liga\u00e7\u00e3o dos Spots.<br \/>\n&#8211; As emendas dos trilhos s\u00e3o feitas por conectores que fazem a ponte el\u00e9trica.<br \/>\n&#8211; Um profissional eletricista pode cortar os trilhos em partes menores e utilizar conectores para junt\u00e1-las, por\u00e9m lembramos que o trilho sendo cortado perder\u00e1 sua garantia. <\/p>\n","protected":false},"excerpt":{"rendered":"<h4 style=\"margin: 0px;padding: 0px 0px 16px;font-family: Lato, sans-serif;font-weight: bold;line-height: 3rem;color: var(--dark-grey3);font-size: 22px;font-style: normal;letter-spacing: normal;text-align: start;text-indent: 0px;text-transform: none\">Informa\u00e7\u00f5es t\u00e9cnicas<\/h4>\n<p><span style=\"margin: 0px;padding: 0px;font-weight: 450;font-size: 14px;line-height: 21px;color: var(--dark-grey2);font-family: Lato, sans-serif;font-style: normal;letter-spacing: normal;text-align: start;text-indent: 0px;text-transform: none\">Kit Trilho Opus Branco 3x7w Led 6500k Biv<br \/>\nProduzido em policarbonato<br \/>\n3x7w Bivolt 3&#215;900 candelas<br \/>\nEmiss\u00e3o de luz branca<br \/>\nBivolt autom\u00e1tico 110v-240v<br \/>\nAngulo de abertura 38\u00b0<br \/>\nN\u00e3o permite dimeriza\u00e7\u00e3o<br \/>\nIRC &gt;80<br \/>\nTipo de instala\u00e7\u00e3o sobrepor<\/span><\/p>\n","protected":false},"featured_media":25373,"template":"","meta":{"_joinchat":[]},"product_brand":[],"product_cat":[157],"product_tag":[],"class_list":{"0":"post-12149","1":"product","2":"type-product","3":"status-publish","4":"has-post-thumbnail","6":"product_cat-leds-decorativos","8":"first","9":"outofstock","10":"shipping-taxable","11":"purchasable","12":"product-type-simple"},"_links":{"self":[{"href":"https:\/\/www.multicasa.com.br\/inicio\/wp-json\/wp\/v2\/product\/12149","targetHints":{"allow":["GET"]}}],"collection":[{"href":"https:\/\/www.multicasa.com.br\/inicio\/wp-json\/wp\/v2\/product"}],"about":[{"href":"https:\/\/www.multicasa.com.br\/inicio\/wp-json\/wp\/v2\/types\/product"}],"wp:featuredmedia":[{"embeddable":true,"href":"https:\/\/www.multicasa.com.br\/inicio\/wp-json\/wp\/v2\/media\/25373"}],"wp:attachment":[{"href":"https:\/\/www.multicasa.com.br\/inicio\/wp-json\/wp\/v2\/media?parent=12149"}],"wp:term":[{"taxonomy":"product_brand","embeddable":true,"href":"https:\/\/www.multicasa.com.br\/inicio\/wp-json\/wp\/v2\/product_brand?post=12149"},{"taxonomy":"product_cat","embeddable":true,"href":"https:\/\/www.multicasa.com.br\/inicio\/wp-json\/wp\/v2\/product_cat?post=12149"},{"taxonomy":"product_tag","embeddable":true,"href":"https:\/\/www.multicasa.com.br\/inicio\/wp-json\/wp\/v2\/product_tag?post=12149"}],"curies":[{"name":"wp","href":"https:\/\/api.w.org\/{rel}","templated":true}]}}