{"id":12150,"date":"2025-06-20T18:14:03","date_gmt":"2025-06-20T22:14:03","guid":{"rendered":"https:\/\/www.multicasa.com.br\/inicio\/?post_type=product&#038;p=12150"},"modified":"2025-07-01T13:47:45","modified_gmt":"2025-07-01T17:47:45","slug":"adaptador-inteligente-2pt-16a-gaya","status":"publish","type":"product","link":"https:\/\/www.multicasa.com.br\/inicio\/produto\/adaptador-inteligente-2pt-16a-gaya\/","title":{"rendered":"Adaptador Inteligente 2P+T 16A Gaya"},"content":{"rendered":"<p>A Linha Smart oferece tecnologia, praticidade e inova\u00e7\u00e3o na palma da sua m\u00e3o. Por meio do aplicativo Gaya Smart, dispon\u00edvel para sistema Android e Iphone, \u00e9 poss\u00edvel escolher entre milh\u00f5es de cores, ajustar a intensidade da luz e controlar a ilumina\u00e7\u00e3o de qualquer lugar, entre outras funcionalidades. \u00c9 composta por uma vasta gama de produtos, como l\u00e2mpadas, pain\u00e9is, fitas e uma tomada inteligente. Al\u00e9m de utilizarem tecnologia de led, que ilumina mais gastando menos energia, s\u00e3o dispositivos extremamente f\u00e1ceis de serem instalados por qualquer um, evitando a sempre inconveniente e custosa instala\u00e7\u00e3o da automa\u00e7\u00e3o convencional.<\/p>\n","protected":false},"excerpt":{"rendered":"<h4 style=\"margin: 0px;padding: 0px 0px 16px;font-family: Lato, sans-serif;font-weight: bold;line-height: 3rem;color: var(--dark-grey3);font-size: 22px;font-style: normal;letter-spacing: normal;text-align: start;text-indent: 0px;text-transform: none\">Informa\u00e7\u00f5es t\u00e9cnicas<\/h4>\n<p><span style=\"margin: 0px;padding: 0px;font-weight: 450;font-size: 14px;line-height: 21px;color: var(--dark-grey2);font-family: Lato, sans-serif;font-style: normal;letter-spacing: normal;text-align: start;text-indent: 0px;text-transform: none\">Produto: Adaptador Inteligente<br \/>\nMarca: Gaya<br \/>\nCor: Branco<br \/>\nCaracter\u00edsticas:<br \/>\n&#8211; Pot\u00eancia M\u00e1xima: 3500W<br \/>\n&#8211; Corrente M\u00e1xima: 16A<br \/>\n&#8211; IP20<br \/>\n&#8211; SKU 9813<\/span><\/p>\n","protected":false},"featured_media":27245,"template":"","meta":{"_joinchat":[]},"product_brand":[],"product_cat":[157],"product_tag":[],"class_list":{"0":"post-12150","1":"product","2":"type-product","3":"status-publish","4":"has-post-thumbnail","6":"product_cat-leds-decorativos","8":"first","9":"outofstock","10":"shipping-taxable","11":"product-type-simple"},"_links":{"self":[{"href":"https:\/\/www.multicasa.com.br\/inicio\/wp-json\/wp\/v2\/product\/12150","targetHints":{"allow":["GET"]}}],"collection":[{"href":"https:\/\/www.multicasa.com.br\/inicio\/wp-json\/wp\/v2\/product"}],"about":[{"href":"https:\/\/www.multicasa.com.br\/inicio\/wp-json\/wp\/v2\/types\/product"}],"wp:featuredmedia":[{"embeddable":true,"href":"https:\/\/www.multicasa.com.br\/inicio\/wp-json\/wp\/v2\/media\/27245"}],"wp:attachment":[{"href":"https:\/\/www.multicasa.com.br\/inicio\/wp-json\/wp\/v2\/media?parent=12150"}],"wp:term":[{"taxonomy":"product_brand","embeddable":true,"href":"https:\/\/www.multicasa.com.br\/inicio\/wp-json\/wp\/v2\/product_brand?post=12150"},{"taxonomy":"product_cat","embeddable":true,"href":"https:\/\/www.multicasa.com.br\/inicio\/wp-json\/wp\/v2\/product_cat?post=12150"},{"taxonomy":"product_tag","embeddable":true,"href":"https:\/\/www.multicasa.com.br\/inicio\/wp-json\/wp\/v2\/product_tag?post=12150"}],"curies":[{"name":"wp","href":"https:\/\/api.w.org\/{rel}","templated":true}]}}