{"id":12151,"date":"2025-06-20T18:14:03","date_gmt":"2025-06-20T22:14:03","guid":{"rendered":"https:\/\/www.multicasa.com.br\/inicio\/?post_type=product&#038;p=12151"},"modified":"2026-03-06T15:51:11","modified_gmt":"2026-03-06T19:51:11","slug":"plafon-led-emb-qd-36w-biv-6500k-llum","status":"publish","type":"product","link":"https:\/\/www.multicasa.com.br\/inicio\/produto\/plafon-led-emb-qd-36w-biv-6500k-llum\/","title":{"rendered":"PLAFON LED EMB. QD. 36W BIV. 6500K LLUM"},"content":{"rendered":"<p>Desenvolvidos para aplica\u00e7\u00f5es em forros de gesso, com pouca profundidade, em ambientes residenciais e comerciais. Substituem, entre outras, as lumin\u00e1rias de embutir com l\u00e2mpadas fluorescente compactas, com muito mais efici\u00eancia, durabilidade e beleza.<\/p>\n","protected":false},"excerpt":{"rendered":"<h4 style=\"margin: 0px;padding: 0px 0px 16px;font-family: Lato, sans-serif;font-weight: bold;line-height: 3rem;color: var(--dark-grey3);font-size: 22px;font-style: normal;letter-spacing: normal;text-align: start;text-indent: 0px;text-transform: none\">Informa\u00e7\u00f5es t\u00e9cnicas<\/h4>\n<p><span style=\"margin: 0px;padding: 0px;font-weight: 450;font-size: 14px;line-height: 21px;color: var(--dark-grey2);font-family: Lato, sans-serif;font-style: normal;letter-spacing: normal;text-align: start;text-indent: 0px;text-transform: none\">Ficha T\u00e9cnica<\/p>\n<p>Tens\u00e3o el\u00e9trica: 110-240V<br \/>\nFrequ\u00eancia: 50\/60Hz<br \/>\nPossui LED Integrado: Sim<br \/>\nFormato: Quadrado<br \/>\nModelo: Embutir<br \/>\nSugest\u00e3o de uso: Ambientes internos com necessidade de uma boa distribui\u00e7\u00e3o de luz.<br \/>\nBronzearte LLUM<\/span><\/p>\n","protected":false},"featured_media":0,"template":"","meta":{"_joinchat":[]},"product_brand":[],"product_cat":[145],"product_tag":[],"class_list":{"0":"post-12151","1":"product","2":"type-product","3":"status-publish","5":"product_cat-leds-comerciais","7":"first","8":"instock","9":"shipping-taxable","10":"purchasable","11":"product-type-simple"},"_links":{"self":[{"href":"https:\/\/www.multicasa.com.br\/inicio\/wp-json\/wp\/v2\/product\/12151","targetHints":{"allow":["GET"]}}],"collection":[{"href":"https:\/\/www.multicasa.com.br\/inicio\/wp-json\/wp\/v2\/product"}],"about":[{"href":"https:\/\/www.multicasa.com.br\/inicio\/wp-json\/wp\/v2\/types\/product"}],"wp:attachment":[{"href":"https:\/\/www.multicasa.com.br\/inicio\/wp-json\/wp\/v2\/media?parent=12151"}],"wp:term":[{"taxonomy":"product_brand","embeddable":true,"href":"https:\/\/www.multicasa.com.br\/inicio\/wp-json\/wp\/v2\/product_brand?post=12151"},{"taxonomy":"product_cat","embeddable":true,"href":"https:\/\/www.multicasa.com.br\/inicio\/wp-json\/wp\/v2\/product_cat?post=12151"},{"taxonomy":"product_tag","embeddable":true,"href":"https:\/\/www.multicasa.com.br\/inicio\/wp-json\/wp\/v2\/product_tag?post=12151"}],"curies":[{"name":"wp","href":"https:\/\/api.w.org\/{rel}","templated":true}]}}