{"id":12157,"date":"2025-06-20T18:14:04","date_gmt":"2025-06-20T22:14:04","guid":{"rendered":"https:\/\/www.multicasa.com.br\/inicio\/?post_type=product&#038;p=12157"},"modified":"2026-03-05T16:00:40","modified_gmt":"2026-03-05T20:00:40","slug":"cabo-de-forca-para-notebook-c5-tripolar-megatron-preto-12m","status":"publish","type":"product","link":"https:\/\/www.multicasa.com.br\/inicio\/produto\/cabo-de-forca-para-notebook-c5-tripolar-megatron-preto-12m\/","title":{"rendered":"Cabo de For\u00e7a para Notebook &#8211; C5 Tripolar Megatron Preto 1,2M"},"content":{"rendered":"<p>Use o Cabo de For\u00e7a para Notebook &#8211; C5 Tripolar da Megatron para conectar computadores, notebooks e outros equipamentos que tenham entrada C5. Com 1,20m de comprimento, facilita o uso e alcance \u00e0s tomadas.<\/p>\n","protected":false},"excerpt":{"rendered":"<h4 style=\"margin: 0px;padding: 0px 0px 16px;font-family: Lato, sans-serif;font-weight: bold;line-height: 3rem;color: var(--dark-grey3);font-size: 22px;font-style: normal;letter-spacing: normal;text-align: start;text-indent: 0px;text-transform: none\">Informa\u00e7\u00f5es t\u00e9cnicas<\/h4>\n<p><span style=\"margin: 0px;padding: 0px;font-weight: 450;font-size: 14px;line-height: 21px;color: var(--dark-grey2);font-family: Lato, sans-serif;font-style: normal;letter-spacing: normal;text-align: start;text-indent: 0px;text-transform: none\">Produto: Cabo de For\u00e7a<br \/>\nMarca: Megatron                                                                                                                                                     Modelo: Notebook &#8211; C5<br \/>\nCor: Preto                                                                                                                                                              Tens\u00e3o el\u00e9trica: Bivolt<br \/>\nCaracter\u00edsticas: Plugue 3&#215;0,75mm; 10A; N\u00e3o propaga chamas.<br \/>\nItens inclusos: 1 Cabo de For\u00e7a<br \/>\nDimens\u00f5es do produto (C): 1,20m<br \/>\nPeso: 0,21kg<\/span><\/p>\n","protected":false},"featured_media":12166,"template":"","meta":{"_joinchat":[]},"product_brand":[],"product_cat":[130],"product_tag":[],"class_list":{"0":"post-12157","1":"product","2":"type-product","3":"status-publish","4":"has-post-thumbnail","6":"product_cat-informatica","8":"first","9":"instock","10":"shipping-taxable","11":"purchasable","12":"product-type-simple"},"_links":{"self":[{"href":"https:\/\/www.multicasa.com.br\/inicio\/wp-json\/wp\/v2\/product\/12157","targetHints":{"allow":["GET"]}}],"collection":[{"href":"https:\/\/www.multicasa.com.br\/inicio\/wp-json\/wp\/v2\/product"}],"about":[{"href":"https:\/\/www.multicasa.com.br\/inicio\/wp-json\/wp\/v2\/types\/product"}],"wp:featuredmedia":[{"embeddable":true,"href":"https:\/\/www.multicasa.com.br\/inicio\/wp-json\/wp\/v2\/media\/12166"}],"wp:attachment":[{"href":"https:\/\/www.multicasa.com.br\/inicio\/wp-json\/wp\/v2\/media?parent=12157"}],"wp:term":[{"taxonomy":"product_brand","embeddable":true,"href":"https:\/\/www.multicasa.com.br\/inicio\/wp-json\/wp\/v2\/product_brand?post=12157"},{"taxonomy":"product_cat","embeddable":true,"href":"https:\/\/www.multicasa.com.br\/inicio\/wp-json\/wp\/v2\/product_cat?post=12157"},{"taxonomy":"product_tag","embeddable":true,"href":"https:\/\/www.multicasa.com.br\/inicio\/wp-json\/wp\/v2\/product_tag?post=12157"}],"curies":[{"name":"wp","href":"https:\/\/api.w.org\/{rel}","templated":true}]}}