{"id":12162,"date":"2025-06-20T18:14:04","date_gmt":"2025-06-20T22:14:04","guid":{"rendered":"https:\/\/www.multicasa.com.br\/inicio\/?post_type=product&#038;p=12162"},"modified":"2025-08-18T02:23:32","modified_gmt":"2025-08-18T06:23:32","slug":"ducha-higienica-1850-c77-matte-meber","status":"publish","type":"product","link":"https:\/\/www.multicasa.com.br\/inicio\/produto\/ducha-higienica-1850-c77-matte-meber\/","title":{"rendered":"Ducha Higi\u00eanica 1850 C77 Matte Meber"},"content":{"rendered":"<p>A Ducha Higi\u00eanica 1850 C77, \u00e9 o equil\u00edbrio perfeito entre qualidade, beleza e versatilidade. Seu design sintetiza as exig\u00eancias de modernidade e sofistica\u00e7\u00e3o para ambientes que procuram um toque de requinte e sobriedade.<\/p>\n","protected":false},"excerpt":{"rendered":"<h4 style=\"margin: 0px;padding: 0px 0px 16px;font-family: Lato, sans-serif;font-weight: bold;line-height: 3rem;color: var(--dark-grey3);font-size: 22px;font-style: normal;letter-spacing: normal;text-align: start;text-indent: 0px;text-transform: none\">Informa\u00e7\u00f5es t\u00e9cnicas<\/h4>\n<p><span style=\"margin: 0px;padding: 0px;font-weight: 450;font-size: 14px;line-height: 21px;color: var(--dark-grey2);font-family: Lato, sans-serif;font-style: normal;letter-spacing: normal;text-align: start;text-indent: 0px;text-transform: none\">Caracter\u00edsticas:<br \/>\nMaterial: ligas de cobre e pl\u00e1stico de engenharia<br \/>\nAcabamento: fosco<br \/>\nInstala\u00e7\u00e3o: parede<br \/>\nVolante (registro): simples<br \/>\nDimens\u00f5es:<br \/>\nLargura: 20,00 cm<br \/>\nAltura: 1,20 cm<br \/>\nProfundidade: 10,00 cm<br \/>\nPeso: 1,00 kg <\/span><\/p>\n","protected":false},"featured_media":0,"template":"","meta":{"_joinchat":[]},"product_brand":[],"product_cat":[67],"product_tag":[],"class_list":{"0":"post-12162","1":"product","2":"type-product","3":"status-publish","5":"product_cat-torneiras-e-cia","7":"first","8":"outofstock","9":"shipping-taxable","10":"purchasable","11":"product-type-simple"},"_links":{"self":[{"href":"https:\/\/www.multicasa.com.br\/inicio\/wp-json\/wp\/v2\/product\/12162","targetHints":{"allow":["GET"]}}],"collection":[{"href":"https:\/\/www.multicasa.com.br\/inicio\/wp-json\/wp\/v2\/product"}],"about":[{"href":"https:\/\/www.multicasa.com.br\/inicio\/wp-json\/wp\/v2\/types\/product"}],"wp:attachment":[{"href":"https:\/\/www.multicasa.com.br\/inicio\/wp-json\/wp\/v2\/media?parent=12162"}],"wp:term":[{"taxonomy":"product_brand","embeddable":true,"href":"https:\/\/www.multicasa.com.br\/inicio\/wp-json\/wp\/v2\/product_brand?post=12162"},{"taxonomy":"product_cat","embeddable":true,"href":"https:\/\/www.multicasa.com.br\/inicio\/wp-json\/wp\/v2\/product_cat?post=12162"},{"taxonomy":"product_tag","embeddable":true,"href":"https:\/\/www.multicasa.com.br\/inicio\/wp-json\/wp\/v2\/product_tag?post=12162"}],"curies":[{"name":"wp","href":"https:\/\/api.w.org\/{rel}","templated":true}]}}