{"id":12163,"date":"2025-06-20T18:14:04","date_gmt":"2025-06-20T22:14:04","guid":{"rendered":"https:\/\/www.multicasa.com.br\/inicio\/?post_type=product&#038;p=12163"},"modified":"2025-08-18T02:23:33","modified_gmt":"2025-08-18T06:23:33","slug":"papeleira-101-c36-matte-meber","status":"publish","type":"product","link":"https:\/\/www.multicasa.com.br\/inicio\/produto\/papeleira-101-c36-matte-meber\/","title":{"rendered":"Papeleira 101 C36 Matte Meber"},"content":{"rendered":"<p>O Porta Papel Atria prima pela versatilidade, com design limpo e atemporal, que combina com v\u00e1rios estilos de projetos, trazendo consigo o equil\u00edbrio perfeito entre qualidade, beleza e competitividade, \u00e9 a solu\u00e7\u00e3o inteligente para completar de forma pr\u00e1tica a composi\u00e7\u00e3o de banheiros e lavabos. <\/p>\n","protected":false},"excerpt":{"rendered":"<h4 style=\"margin: 0px;padding: 0px 0px 16px;font-family: Lato, sans-serif;font-weight: bold;line-height: 3rem;color: var(--dark-grey3);font-size: 22px;font-style: normal;letter-spacing: normal;text-align: start;text-indent: 0px;text-transform: none\">Informa\u00e7\u00f5es t\u00e9cnicas<\/h4>\n<p><span style=\"margin: 0px;padding: 0px;font-weight: 450;font-size: 14px;line-height: 21px;color: var(--dark-grey2);font-family: Lato, sans-serif;font-style: normal;letter-spacing: normal;text-align: start;text-indent: 0px;text-transform: none\">Material: Liga de cobre e pl\u00e1stico de engenharia;<br \/>\nSistema de montagem: Parafusos;<br \/>\nDimens\u00f5es: 8 x 14 cm (L x C).<br \/>\nCor: Preto Matte<\/span><\/p>\n","protected":false},"featured_media":0,"template":"","meta":{"_joinchat":[]},"product_brand":[],"product_cat":[69],"product_tag":[],"class_list":{"0":"post-12163","1":"product","2":"type-product","3":"status-publish","5":"product_cat-acessorios-para-banheiro","7":"first","8":"outofstock","9":"shipping-taxable","10":"purchasable","11":"product-type-simple"},"_links":{"self":[{"href":"https:\/\/www.multicasa.com.br\/inicio\/wp-json\/wp\/v2\/product\/12163","targetHints":{"allow":["GET"]}}],"collection":[{"href":"https:\/\/www.multicasa.com.br\/inicio\/wp-json\/wp\/v2\/product"}],"about":[{"href":"https:\/\/www.multicasa.com.br\/inicio\/wp-json\/wp\/v2\/types\/product"}],"wp:attachment":[{"href":"https:\/\/www.multicasa.com.br\/inicio\/wp-json\/wp\/v2\/media?parent=12163"}],"wp:term":[{"taxonomy":"product_brand","embeddable":true,"href":"https:\/\/www.multicasa.com.br\/inicio\/wp-json\/wp\/v2\/product_brand?post=12163"},{"taxonomy":"product_cat","embeddable":true,"href":"https:\/\/www.multicasa.com.br\/inicio\/wp-json\/wp\/v2\/product_cat?post=12163"},{"taxonomy":"product_tag","embeddable":true,"href":"https:\/\/www.multicasa.com.br\/inicio\/wp-json\/wp\/v2\/product_tag?post=12163"}],"curies":[{"name":"wp","href":"https:\/\/api.w.org\/{rel}","templated":true}]}}