{"id":12176,"date":"2025-06-20T18:14:14","date_gmt":"2025-06-20T22:14:14","guid":{"rendered":"https:\/\/www.multicasa.com.br\/inicio\/?post_type=product&#038;p=12176"},"modified":"2025-08-18T02:23:41","modified_gmt":"2025-08-18T06:23:41","slug":"porta-papel-block-preto-matte-meber","status":"publish","type":"product","link":"https:\/\/www.multicasa.com.br\/inicio\/produto\/porta-papel-block-preto-matte-meber\/","title":{"rendered":"Porta Papel Block Preto Matte Meber"},"content":{"rendered":"<p>A nova linha Block da Meber, harmoniza leveza e simplicidade para criar lugares funcionais. S\u00e3o acess\u00f3rios que v\u00e3o deixar os ambientes mais bonitos.<\/p>\n","protected":false},"excerpt":{"rendered":"<p>A nova linha Block da Meber, harmoniza leveza e simplicidade para criar lugares funcionais. S\u00e3o acess\u00f3rios que v\u00e3o deixar os ambientes mais bonitos.<\/p>\n","protected":false},"featured_media":0,"template":"","meta":{"_joinchat":[]},"product_brand":[],"product_cat":[69],"product_tag":[],"class_list":{"0":"post-12176","1":"product","2":"type-product","3":"status-publish","5":"product_cat-acessorios-para-banheiro","7":"first","8":"outofstock","9":"shipping-taxable","10":"purchasable","11":"product-type-simple"},"_links":{"self":[{"href":"https:\/\/www.multicasa.com.br\/inicio\/wp-json\/wp\/v2\/product\/12176","targetHints":{"allow":["GET"]}}],"collection":[{"href":"https:\/\/www.multicasa.com.br\/inicio\/wp-json\/wp\/v2\/product"}],"about":[{"href":"https:\/\/www.multicasa.com.br\/inicio\/wp-json\/wp\/v2\/types\/product"}],"wp:attachment":[{"href":"https:\/\/www.multicasa.com.br\/inicio\/wp-json\/wp\/v2\/media?parent=12176"}],"wp:term":[{"taxonomy":"product_brand","embeddable":true,"href":"https:\/\/www.multicasa.com.br\/inicio\/wp-json\/wp\/v2\/product_brand?post=12176"},{"taxonomy":"product_cat","embeddable":true,"href":"https:\/\/www.multicasa.com.br\/inicio\/wp-json\/wp\/v2\/product_cat?post=12176"},{"taxonomy":"product_tag","embeddable":true,"href":"https:\/\/www.multicasa.com.br\/inicio\/wp-json\/wp\/v2\/product_tag?post=12176"}],"curies":[{"name":"wp","href":"https:\/\/api.w.org\/{rel}","templated":true}]}}