{"id":12186,"date":"2025-06-20T18:14:16","date_gmt":"2025-06-20T22:14:16","guid":{"rendered":"https:\/\/www.multicasa.com.br\/inicio\/?post_type=product&#038;p=12186"},"modified":"2025-10-31T10:43:04","modified_gmt":"2025-10-31T14:43:04","slug":"espeto-led-pt-5w-biv-3000k-llum","status":"publish","type":"product","link":"https:\/\/www.multicasa.com.br\/inicio\/produto\/espeto-led-pt-5w-biv-3000k-llum\/","title":{"rendered":"Espeto Led PT 5W Biv. 3000K LLUM"},"content":{"rendered":"<p>Fabricado em Alum\u00ednio, e pode ser utilizado em praticamente todos os ambientes como \u00e1rea externa. Seu estilo clean, t\u00e9cnico classifica o espeto de jardim como um produto para todo ambiente externo de forma t\u00e9cnica. Para a aplica\u00e7\u00e3o acima, os espetos de jardim est\u00e3o dispon\u00edveis em v\u00e1rias cores &#8211; o item em quest\u00e3o \u00e9 espeto de jardim Preto.<\/p>\n","protected":false},"excerpt":{"rendered":"<h4 style=\"margin: 0px;padding: 0px 0px 16px;font-family: Lato, sans-serif;font-weight: bold;line-height: 3rem;color: var(--dark-grey3);font-size: 22px;font-style: normal;letter-spacing: normal;text-align: start;text-indent: 0px;text-transform: none\">Informa\u00e7\u00f5es t\u00e9cnicas<\/h4>\n<p><span style=\"margin: 0px;padding: 0px;font-weight: 450;font-size: 14px;line-height: 21px;color: var(--dark-grey2);font-family: Lato, sans-serif;font-style: normal;letter-spacing: normal;text-align: start;text-indent: 0px;text-transform: none\">&#8211; Pot\u00eancia: 5W<br \/>\n&#8211; Tens\u00e3o: Bivolt<br \/>\n&#8211; Corrente nominal: 55mA (127V) \/ 40mA (220V)<br \/>\n&#8211; Frequ\u00eancia da rede: 60Hz<br \/>\n&#8211; Fator de pot\u00eancia: &gt;0,5<br \/>\n&#8211; Fluxo luminoso: 250lm\/W<br \/>\n&#8211; Efici\u00eancia luminosa: 50lm\/W<br \/>\n&#8211; Temperatura de cor: 3000K (branco quente, luz quente, luz amarela)<br \/>\n&#8211; IRC: 80<br \/>\n&#8211; Temperatura de opera\u00e7\u00e3o: -20\u00b040\u00b0C<br \/>\n&#8211; Dimens\u00f5es (mm): \u00d870 x 105(L) x 245(A)<br \/>\n&#8211; \u00cdndice de prote\u00e7\u00e3o: IP65<br \/>\n&#8211; Composi\u00e7\u00e3o: Policarbonato, componentes eletr\u00f4nicos e PCI livre de chumbo.<\/span><\/p>\n","protected":false},"featured_media":25142,"template":"","meta":{"_joinchat":[]},"product_brand":[],"product_cat":[79],"product_tag":[],"class_list":{"0":"post-12186","1":"product","2":"type-product","3":"status-publish","4":"has-post-thumbnail","6":"product_cat-iluminacao-decorativa","8":"first","9":"instock","10":"shipping-taxable","11":"purchasable","12":"product-type-simple"},"_links":{"self":[{"href":"https:\/\/www.multicasa.com.br\/inicio\/wp-json\/wp\/v2\/product\/12186","targetHints":{"allow":["GET"]}}],"collection":[{"href":"https:\/\/www.multicasa.com.br\/inicio\/wp-json\/wp\/v2\/product"}],"about":[{"href":"https:\/\/www.multicasa.com.br\/inicio\/wp-json\/wp\/v2\/types\/product"}],"wp:featuredmedia":[{"embeddable":true,"href":"https:\/\/www.multicasa.com.br\/inicio\/wp-json\/wp\/v2\/media\/25142"}],"wp:attachment":[{"href":"https:\/\/www.multicasa.com.br\/inicio\/wp-json\/wp\/v2\/media?parent=12186"}],"wp:term":[{"taxonomy":"product_brand","embeddable":true,"href":"https:\/\/www.multicasa.com.br\/inicio\/wp-json\/wp\/v2\/product_brand?post=12186"},{"taxonomy":"product_cat","embeddable":true,"href":"https:\/\/www.multicasa.com.br\/inicio\/wp-json\/wp\/v2\/product_cat?post=12186"},{"taxonomy":"product_tag","embeddable":true,"href":"https:\/\/www.multicasa.com.br\/inicio\/wp-json\/wp\/v2\/product_tag?post=12186"}],"curies":[{"name":"wp","href":"https:\/\/api.w.org\/{rel}","templated":true}]}}