{"id":12190,"date":"2025-06-20T18:14:16","date_gmt":"2025-06-20T22:14:16","guid":{"rendered":"https:\/\/www.multicasa.com.br\/inicio\/?post_type=product&#038;p=12190"},"modified":"2025-12-04T17:04:49","modified_gmt":"2025-12-04T21:04:49","slug":"acabamento-c40-deca-docol-pt-blukit","status":"publish","type":"product","link":"https:\/\/www.multicasa.com.br\/inicio\/produto\/acabamento-c40-deca-docol-pt-blukit\/","title":{"rendered":"ACABAMENTO C40 DECA\/DOCOL PT BLUKIT"},"content":{"rendered":"<p>Maior qualidade e resist\u00eancia!<br \/>\nDesenvolvido com os mais altos padr\u00f5es de qualidade o acabamento para registro da Blukit, al\u00e9m de ser super vers\u00e1til, oferece beleza, praticidade e sofistica\u00e7\u00e3o aos ambientes onde \u00e9 instalado.<br \/>\nEle conta com excelente acabamento na cor preta, combinando harmoniosamente com variadas decora\u00e7\u00f5es, volante de acionamento superleve, proporcionando f\u00e1cil abertura do registro, corpo produzido em pl\u00e1stico de engenharia com \u00f3tima resist\u00eancia a corros\u00e3o, garantindo maior durabilidade ao produto, e oferece ainda, f\u00e1cil instala\u00e7\u00e3o e limpeza.<br \/>\nO acabamento pode ser utilizado com altas e baixas temperaturas e \u00e9 submetido a rigorosos testes de qualidade, tudo para garantir a voc\u00ea um produto resistente e exclusivo.<\/p>\n","protected":false},"excerpt":{"rendered":"<h4 style=\"margin: 0px;padding: 0px 0px 16px;font-family: Lato, sans-serif;font-weight: bold;line-height: 3rem;color: var(--dark-grey3);font-size: 22px;font-style: normal;letter-spacing: normal;text-align: start;text-indent: 0px;text-transform: none\">Informa\u00e7\u00f5es t\u00e9cnicas<\/h4>\n<p><span style=\"margin: 0px;padding: 0px;font-weight: 450;font-size: 14px;line-height: 21px;color: var(--dark-grey2);font-family: Lato, sans-serif;font-style: normal;letter-spacing: normal;text-align: start;text-indent: 0px;text-transform: none\">Padr\u00e3o Deca e Docol<br \/>\nTipo de montagem: De Parede<br \/>\nCor Predominante: Preto<br \/>\nEstria padr\u00e3o<br \/>\n20 Estrias para Docol \/ 16 Estrias para Deca<br \/>\nComposi\u00e7\u00e3o: Pl\u00e1sticos de engenharia \/ A\u00e7o inoxid\u00e1vel AISI 304<br \/>\nAcabamento: Brilhante<br \/>\nInforma\u00e7\u00e3o Complementar: Acompanha canopla<br \/>\nInforma\u00e7\u00f5es Importantes<br \/>\nImagens meramente ilustrativas<br \/>\nMaterial: Pl\u00e1stico de engenharia<br \/>\nMarca: Blukit<br \/>\nModelo: C-40<\/span><\/p>\n","protected":false},"featured_media":24563,"template":"","meta":{"_joinchat":[]},"product_brand":[],"product_cat":[67],"product_tag":[],"class_list":{"0":"post-12190","1":"product","2":"type-product","3":"status-publish","4":"has-post-thumbnail","6":"product_cat-torneiras-e-cia","8":"first","9":"instock","10":"shipping-taxable","11":"purchasable","12":"product-type-simple"},"_links":{"self":[{"href":"https:\/\/www.multicasa.com.br\/inicio\/wp-json\/wp\/v2\/product\/12190","targetHints":{"allow":["GET"]}}],"collection":[{"href":"https:\/\/www.multicasa.com.br\/inicio\/wp-json\/wp\/v2\/product"}],"about":[{"href":"https:\/\/www.multicasa.com.br\/inicio\/wp-json\/wp\/v2\/types\/product"}],"wp:featuredmedia":[{"embeddable":true,"href":"https:\/\/www.multicasa.com.br\/inicio\/wp-json\/wp\/v2\/media\/24563"}],"wp:attachment":[{"href":"https:\/\/www.multicasa.com.br\/inicio\/wp-json\/wp\/v2\/media?parent=12190"}],"wp:term":[{"taxonomy":"product_brand","embeddable":true,"href":"https:\/\/www.multicasa.com.br\/inicio\/wp-json\/wp\/v2\/product_brand?post=12190"},{"taxonomy":"product_cat","embeddable":true,"href":"https:\/\/www.multicasa.com.br\/inicio\/wp-json\/wp\/v2\/product_cat?post=12190"},{"taxonomy":"product_tag","embeddable":true,"href":"https:\/\/www.multicasa.com.br\/inicio\/wp-json\/wp\/v2\/product_tag?post=12190"}],"curies":[{"name":"wp","href":"https:\/\/api.w.org\/{rel}","templated":true}]}}