{"id":12197,"date":"2025-06-20T18:14:17","date_gmt":"2025-06-20T22:14:17","guid":{"rendered":"https:\/\/www.multicasa.com.br\/inicio\/?post_type=product&#038;p=12197"},"modified":"2025-08-16T18:00:10","modified_gmt":"2025-08-16T22:00:10","slug":"cimento-queimado-cianita-5kg-biomassa","status":"publish","type":"product","link":"https:\/\/www.multicasa.com.br\/inicio\/produto\/cimento-queimado-cianita-5kg-biomassa\/","title":{"rendered":"CIMENTO QUEIMADO CIANITA 5KG BIOMASSA"},"content":{"rendered":"<p>O Cimento Queimado Biomassa em sua formula\u00e7\u00e3o, n\u00e3o cont\u00e9m subst\u00e2ncias contaminantes que influenciam negativamente na sa\u00fade e bem-estar tanto do aplicador, quanto o morador que vai residir no ambiente com ele aplicado. Al\u00e9m de n\u00e3o irradiar subst\u00e2ncias nocivas \u00e0 sa\u00fade, em seu processo de fabrica\u00e7\u00e3o \u00e9 utilizado \u00e1gua de reuso e cargas minerais inertes, comprovando que al\u00e9m de ser saud\u00e1vel tamb\u00e9m \u00e9 sustent\u00e1vel. <\/p>\n","protected":false},"excerpt":{"rendered":"<h4 style=\"margin: 0px;padding: 0px 0px 16px;font-family: Lato, sans-serif;font-weight: bold;line-height: 3rem;color: var(--dark-grey3);font-size: 22px;font-style: normal;letter-spacing: normal;text-align: start;text-indent: 0px;text-transform: none\">Informa\u00e7\u00f5es t\u00e9cnicas<\/h4>\n<p><span style=\"margin: 0px;padding: 0px;font-weight: 450;font-size: 14px;line-height: 21px;color: var(--dark-grey2);font-family: Lato, sans-serif;font-style: normal;letter-spacing: normal;text-align: start;text-indent: 0px;text-transform: none\">Sem Subst\u00e2ncias Contaminantes<br \/>\nBaixa Emiss\u00e3o de Vol\u00e1teis<br \/>\nSem Odor<br \/>\nAO TOQUE: De 20 a 40 minutos;<br \/>\nENTRE DEM\u00c2OS: De 2 a 3 horas.<br \/>\nSECAGEM TOTAL: 4 horas.<br \/>\nLargura: 12.00 cm<br \/>\nAltura: 15.00 cm<br \/>\nComprimento: 10.00 cm<br \/>\nPeso: 1600.00 g<\/span><\/p>\n","protected":false},"featured_media":24962,"template":"","meta":{"_joinchat":[]},"product_brand":[],"product_cat":[155],"product_tag":[],"class_list":{"0":"post-12197","1":"product","2":"type-product","3":"status-publish","4":"has-post-thumbnail","6":"product_cat-impermeabilizantes-e-cia","8":"first","9":"outofstock","10":"shipping-taxable","11":"product-type-simple"},"_links":{"self":[{"href":"https:\/\/www.multicasa.com.br\/inicio\/wp-json\/wp\/v2\/product\/12197","targetHints":{"allow":["GET"]}}],"collection":[{"href":"https:\/\/www.multicasa.com.br\/inicio\/wp-json\/wp\/v2\/product"}],"about":[{"href":"https:\/\/www.multicasa.com.br\/inicio\/wp-json\/wp\/v2\/types\/product"}],"wp:featuredmedia":[{"embeddable":true,"href":"https:\/\/www.multicasa.com.br\/inicio\/wp-json\/wp\/v2\/media\/24962"}],"wp:attachment":[{"href":"https:\/\/www.multicasa.com.br\/inicio\/wp-json\/wp\/v2\/media?parent=12197"}],"wp:term":[{"taxonomy":"product_brand","embeddable":true,"href":"https:\/\/www.multicasa.com.br\/inicio\/wp-json\/wp\/v2\/product_brand?post=12197"},{"taxonomy":"product_cat","embeddable":true,"href":"https:\/\/www.multicasa.com.br\/inicio\/wp-json\/wp\/v2\/product_cat?post=12197"},{"taxonomy":"product_tag","embeddable":true,"href":"https:\/\/www.multicasa.com.br\/inicio\/wp-json\/wp\/v2\/product_tag?post=12197"}],"curies":[{"name":"wp","href":"https:\/\/api.w.org\/{rel}","templated":true}]}}