{"id":12205,"date":"2025-06-20T18:14:23","date_gmt":"2025-06-20T22:14:23","guid":{"rendered":"https:\/\/www.multicasa.com.br\/inicio\/?post_type=product&#038;p=12205"},"modified":"2025-08-18T03:13:55","modified_gmt":"2025-08-18T07:13:55","slug":"quadro-de-embutir-c-barramento-34d-100a-cemar","status":"publish","type":"product","link":"https:\/\/www.multicasa.com.br\/inicio\/produto\/quadro-de-embutir-c-barramento-34d-100a-cemar\/","title":{"rendered":"Quadro De Embutir C\/ Barramento 34D 100A Cemar"},"content":{"rendered":"<p>Com diversas op\u00e7\u00f5es de tamanhos, modelos e padr\u00f5es, os quadros de distribui\u00e7\u00e3o CEMAR oferecem maiores possibilidades de uso, entregando seguran\u00e7a e alta qualidade nas instala\u00e7\u00f5es.<\/p>\n","protected":false},"excerpt":{"rendered":"<h4 style=\"margin: 0px;padding: 0px 0px 16px;font-family: Lato, sans-serif;font-weight: bold;line-height: 3rem;color: var(--dark-grey3);font-size: 22px;font-style: normal;letter-spacing: normal;text-align: start;text-indent: 0px;text-transform: none\">Informa\u00e7\u00f5es t\u00e9cnicas<\/h4>\n<p><span style=\"margin: 0px;padding: 0px;font-weight: 450;font-size: 14px;line-height: 21px;color: var(--dark-grey2);font-family: Lato, sans-serif;font-style: normal;letter-spacing: normal;text-align: start;text-indent: 0px;text-transform: none\">PRODUTO: QUADRO DE EMBUTIR C\/ BARRAMENTO 34D 100A<br \/>\nMARCA: CEMAR<br \/>\nCOR: branco<br \/>\nCARACTER\u00cdSTICAS:<br \/>\n\u0095 Capacidade em n\u00famero de m\u00f3dulos: DIN 34;<br \/>\n\u0095 Corrente Nominal: 100A;<br \/>\n\u0095 Tipo de quadro: Embutir;<br \/>\n\u0095 Barramento n\u00e3o acompanha o quadro.<\/span><\/p>\n","protected":false},"featured_media":25870,"template":"","meta":{"_joinchat":[]},"product_brand":[],"product_cat":[122],"product_tag":[],"class_list":{"0":"post-12205","1":"product","2":"type-product","3":"status-publish","4":"has-post-thumbnail","6":"product_cat-quadros-e-cia","8":"first","9":"instock","10":"shipping-taxable","11":"purchasable","12":"product-type-simple"},"_links":{"self":[{"href":"https:\/\/www.multicasa.com.br\/inicio\/wp-json\/wp\/v2\/product\/12205","targetHints":{"allow":["GET"]}}],"collection":[{"href":"https:\/\/www.multicasa.com.br\/inicio\/wp-json\/wp\/v2\/product"}],"about":[{"href":"https:\/\/www.multicasa.com.br\/inicio\/wp-json\/wp\/v2\/types\/product"}],"wp:featuredmedia":[{"embeddable":true,"href":"https:\/\/www.multicasa.com.br\/inicio\/wp-json\/wp\/v2\/media\/25870"}],"wp:attachment":[{"href":"https:\/\/www.multicasa.com.br\/inicio\/wp-json\/wp\/v2\/media?parent=12205"}],"wp:term":[{"taxonomy":"product_brand","embeddable":true,"href":"https:\/\/www.multicasa.com.br\/inicio\/wp-json\/wp\/v2\/product_brand?post=12205"},{"taxonomy":"product_cat","embeddable":true,"href":"https:\/\/www.multicasa.com.br\/inicio\/wp-json\/wp\/v2\/product_cat?post=12205"},{"taxonomy":"product_tag","embeddable":true,"href":"https:\/\/www.multicasa.com.br\/inicio\/wp-json\/wp\/v2\/product_tag?post=12205"}],"curies":[{"name":"wp","href":"https:\/\/api.w.org\/{rel}","templated":true}]}}