{"id":12206,"date":"2025-06-20T18:14:23","date_gmt":"2025-06-20T22:14:23","guid":{"rendered":"https:\/\/www.multicasa.com.br\/inicio\/?post_type=product&#038;p=12206"},"modified":"2026-04-19T14:30:11","modified_gmt":"2026-04-19T18:30:11","slug":"passa-fio-aco-20m-amarelo-proaqua","status":"publish","type":"product","link":"https:\/\/www.multicasa.com.br\/inicio\/produto\/passa-fio-aco-20m-amarelo-proaqua\/","title":{"rendered":"Passa fio a\u00e7o 20M amarelo Proaqua"},"content":{"rendered":"<p>O passa fio \u00e9 um acess\u00f3rio indispens\u00e1vel para fazer o cabo sair da caixa de distribui\u00e7\u00e3o e chegar at\u00e9 os locais em que voc\u00ea deseja ter acesso \u00e0 eletricidade, como por exemplo bocais para l\u00e2mpada, tomadas, interruptores e chuveiros el\u00e9tricos.<\/p>\n","protected":false},"excerpt":{"rendered":"<h4 style=\"margin: 0px;padding: 0px 0px 16px;font-family: Lato, sans-serif;font-weight: bold;line-height: 3rem;color: var(--dark-grey3);font-size: 22px;font-style: normal;letter-spacing: normal;text-align: start;text-indent: 0px;text-transform: none\">Informa\u00e7\u00f5es t\u00e9cnicas<\/h4>\n<p><span style=\"margin: 0px;padding: 0px;font-weight: 450;font-size: 14px;line-height: 21px;color: var(--dark-grey2);font-family: Lato, sans-serif;font-style: normal;letter-spacing: normal;text-align: start;text-indent: 0px;text-transform: none\">Passa fio Nylon 20M COM Alma de A\u00e7o Super<br \/>\nMarca: Proaqua<br \/>\nCOM CABO DE A\u00c7O INTERNO PARA MAIOR RESIST\u00caNCIA E DURABILIDADE.<br \/>\nOriginal<br \/>\n20 Metros<\/span><\/p>\n","protected":false},"featured_media":25687,"template":"","meta":{"_joinchat":[]},"product_brand":[],"product_cat":[137],"product_tag":[],"class_list":{"0":"post-12206","1":"product","2":"type-product","3":"status-publish","4":"has-post-thumbnail","6":"product_cat-ferramentas-manuais","8":"first","9":"instock","10":"shipping-taxable","11":"purchasable","12":"product-type-simple"},"_links":{"self":[{"href":"https:\/\/www.multicasa.com.br\/inicio\/wp-json\/wp\/v2\/product\/12206","targetHints":{"allow":["GET"]}}],"collection":[{"href":"https:\/\/www.multicasa.com.br\/inicio\/wp-json\/wp\/v2\/product"}],"about":[{"href":"https:\/\/www.multicasa.com.br\/inicio\/wp-json\/wp\/v2\/types\/product"}],"wp:featuredmedia":[{"embeddable":true,"href":"https:\/\/www.multicasa.com.br\/inicio\/wp-json\/wp\/v2\/media\/25687"}],"wp:attachment":[{"href":"https:\/\/www.multicasa.com.br\/inicio\/wp-json\/wp\/v2\/media?parent=12206"}],"wp:term":[{"taxonomy":"product_brand","embeddable":true,"href":"https:\/\/www.multicasa.com.br\/inicio\/wp-json\/wp\/v2\/product_brand?post=12206"},{"taxonomy":"product_cat","embeddable":true,"href":"https:\/\/www.multicasa.com.br\/inicio\/wp-json\/wp\/v2\/product_cat?post=12206"},{"taxonomy":"product_tag","embeddable":true,"href":"https:\/\/www.multicasa.com.br\/inicio\/wp-json\/wp\/v2\/product_tag?post=12206"}],"curies":[{"name":"wp","href":"https:\/\/api.w.org\/{rel}","templated":true}]}}