{"id":12207,"date":"2025-06-20T18:14:23","date_gmt":"2025-06-20T22:14:23","guid":{"rendered":"https:\/\/www.multicasa.com.br\/inicio\/?post_type=product&#038;p=12207"},"modified":"2026-04-07T11:50:19","modified_gmt":"2026-04-07T15:50:19","slug":"disjuntor-3x70a-ul-eletromar","status":"publish","type":"product","link":"https:\/\/www.multicasa.com.br\/inicio\/produto\/disjuntor-3x70a-ul-eletromar\/","title":{"rendered":"Disjuntor 3X70A Ul Eletromar"},"content":{"rendered":"<p>Dispositivos autom\u00e1ticos de prote\u00e7\u00e3o contra sobrecargas e curto-circuitos destinados ao comando e prote\u00e7\u00e3o individual de cada circuito.<\/p>\n","protected":false},"excerpt":{"rendered":"<h4 style=\"margin: 0px;padding: 0px 0px 16px;font-family: Lato, sans-serif;font-weight: bold;line-height: 3rem;color: var(--dark-grey3);font-size: 22px;font-style: normal;letter-spacing: normal;text-align: start;text-indent: 0px;text-transform: none\">Informa\u00e7\u00f5es t\u00e9cnicas<\/h4>\n<p><span style=\"margin: 0px;padding: 0px;font-weight: 450;font-size: 14px;line-height: 21px;color: var(--dark-grey2);font-family: Lato, sans-serif;font-style: normal;letter-spacing: normal;text-align: start;text-indent: 0px;text-transform: none\">Produto: DISJUNTOR 3X70A UL ELETROMAR<br \/>\nMarca: ELETROMAR<\/p>\n<p>Utiliza\u00e7\u00e3o:<br \/>\n&#8211; Destinam-se a instala\u00e7\u00f5es residenciais e prediais.<br \/>\n&#8211; Dispositivos autom\u00e1ticos de prote\u00e7\u00e3o contra sobrecargas e curto-circuitos destinados ao comando e prote\u00e7\u00e3o individual de cada circuito.<\/p>\n<p>Caracter\u00edsticas:<br \/>\n&#8211; Fabricado nas correntes nominais de 10 a 100A<br \/>\n&#8211; Capacidade de liga\u00e7\u00e3o: 1,5 a 35mm\u00b2<br \/>\n&#8211; Tens\u00e3o nominal de 127\/380V<br \/>\n&#8211; Frequ\u00eancia: 50\/60Hz<br \/>\n&#8211; Capacidade de Interrup\u00e7\u00e3o:<br \/>\n&#8211; DQE 1P = 5kA em 127V \/ 3kA em 220V<br \/>\n&#8211; DQE 2\/3P = 5kA em 220V \/ 3kA em 380V<\/span><\/p>\n","protected":false},"featured_media":25063,"template":"","meta":{"_joinchat":[]},"product_brand":[],"product_cat":[122],"product_tag":[],"class_list":{"0":"post-12207","1":"product","2":"type-product","3":"status-publish","4":"has-post-thumbnail","6":"product_cat-quadros-e-cia","8":"first","9":"instock","10":"shipping-taxable","11":"purchasable","12":"product-type-simple"},"_links":{"self":[{"href":"https:\/\/www.multicasa.com.br\/inicio\/wp-json\/wp\/v2\/product\/12207","targetHints":{"allow":["GET"]}}],"collection":[{"href":"https:\/\/www.multicasa.com.br\/inicio\/wp-json\/wp\/v2\/product"}],"about":[{"href":"https:\/\/www.multicasa.com.br\/inicio\/wp-json\/wp\/v2\/types\/product"}],"wp:featuredmedia":[{"embeddable":true,"href":"https:\/\/www.multicasa.com.br\/inicio\/wp-json\/wp\/v2\/media\/25063"}],"wp:attachment":[{"href":"https:\/\/www.multicasa.com.br\/inicio\/wp-json\/wp\/v2\/media?parent=12207"}],"wp:term":[{"taxonomy":"product_brand","embeddable":true,"href":"https:\/\/www.multicasa.com.br\/inicio\/wp-json\/wp\/v2\/product_brand?post=12207"},{"taxonomy":"product_cat","embeddable":true,"href":"https:\/\/www.multicasa.com.br\/inicio\/wp-json\/wp\/v2\/product_cat?post=12207"},{"taxonomy":"product_tag","embeddable":true,"href":"https:\/\/www.multicasa.com.br\/inicio\/wp-json\/wp\/v2\/product_tag?post=12207"}],"curies":[{"name":"wp","href":"https:\/\/api.w.org\/{rel}","templated":true}]}}