{"id":12208,"date":"2025-06-20T18:14:23","date_gmt":"2025-06-20T22:14:23","guid":{"rendered":"https:\/\/www.multicasa.com.br\/inicio\/?post_type=product&#038;p=12208"},"modified":"2026-03-10T06:33:41","modified_gmt":"2026-03-10T10:33:41","slug":"cabo-quadriplex-4x16mm-4awg-1m-corfio","status":"publish","type":"product","link":"https:\/\/www.multicasa.com.br\/inicio\/produto\/cabo-quadriplex-4x16mm-4awg-1m-corfio\/","title":{"rendered":"Cabo Quadriplex 4X16Mm (4Awg) 1M Corfio"},"content":{"rendered":"<p>Aplica\u00e7\u00e3o: cabo de pot\u00eancia multiplexado auto sustentado, projetado para circuitos de alimenta\u00e7\u00e3o e distribui\u00e7\u00e3o de energia em tens\u00f5es de at\u00e9 0,6\/1 kV, em instala\u00e7\u00f5es a\u00e9reas fixadas em postes ou fachadas.<br \/>\nConstru\u00e7\u00e3o:<br \/>\nCondutor fase: formado por fios de alum\u00ednio 1350 e encordoamento classe 2 de acordo com a ABNT NBR NM 280. Isola\u00e7\u00e3o de XLPE 90\u00b0C &#8211; composto termofixo extrudado \u00e0 base de polietileno reticulado.<br \/>\nCondutor neutro: formado por fios de alum\u00ednio 1350 t\u00eampera H19 (CA) e encordoamento classe 2 de acordo com a ABNT NBR 7271. Nu ou isolado com XLPE 90\u00b0C.<\/p>\n","protected":false},"excerpt":{"rendered":"<h4 style=\"margin: 0px;padding: 0px 0px 16px;font-family: Lato, sans-serif;font-weight: bold;line-height: 3rem;color: var(--dark-grey3);font-size: 22px;font-style: normal;letter-spacing: normal;text-align: start;text-indent: 0px;text-transform: none\">Informa\u00e7\u00f5es t\u00e9cnicas<\/h4>\n<p><span style=\"margin: 0px;padding: 0px;font-weight: 450;font-size: 14px;line-height: 21px;color: var(--dark-grey2);font-family: Lato, sans-serif;font-style: normal;letter-spacing: normal;text-align: start;text-indent: 0px;text-transform: none\">Produto: CABO QUADRIP.4X16MM(4AWG) 1M CORFI<br \/>\nMarca: CORFIO<br \/>\nCondutor fase: formado por fios de alum\u00ednio 1350 e encordoamento classe 2 de acordo com a ABNT NBR NM 280.<br \/>\nIsola\u00e7\u00e3o de XLPE 90\u00b0C &#8211; composto termofixo extrudado \u00e0 base de polietileno reticulado.<br \/>\nCondutor neutro: formado por fios de alum\u00ednio 1350 t\u00eampera H19 (CA) e encordoamento classe 2 de acordo com a ABNT NBR 7271.<br \/>\nNu ou isolado com XLPE 90\u00b0C<\/span><\/p>\n","protected":false},"featured_media":24816,"template":"","meta":{"_joinchat":[]},"product_brand":[],"product_cat":[121],"product_tag":[],"class_list":{"0":"post-12208","1":"product","2":"type-product","3":"status-publish","4":"has-post-thumbnail","6":"product_cat-fios-e-cabo","8":"first","9":"instock","10":"shipping-taxable","11":"purchasable","12":"product-type-simple"},"_links":{"self":[{"href":"https:\/\/www.multicasa.com.br\/inicio\/wp-json\/wp\/v2\/product\/12208","targetHints":{"allow":["GET"]}}],"collection":[{"href":"https:\/\/www.multicasa.com.br\/inicio\/wp-json\/wp\/v2\/product"}],"about":[{"href":"https:\/\/www.multicasa.com.br\/inicio\/wp-json\/wp\/v2\/types\/product"}],"wp:featuredmedia":[{"embeddable":true,"href":"https:\/\/www.multicasa.com.br\/inicio\/wp-json\/wp\/v2\/media\/24816"}],"wp:attachment":[{"href":"https:\/\/www.multicasa.com.br\/inicio\/wp-json\/wp\/v2\/media?parent=12208"}],"wp:term":[{"taxonomy":"product_brand","embeddable":true,"href":"https:\/\/www.multicasa.com.br\/inicio\/wp-json\/wp\/v2\/product_brand?post=12208"},{"taxonomy":"product_cat","embeddable":true,"href":"https:\/\/www.multicasa.com.br\/inicio\/wp-json\/wp\/v2\/product_cat?post=12208"},{"taxonomy":"product_tag","embeddable":true,"href":"https:\/\/www.multicasa.com.br\/inicio\/wp-json\/wp\/v2\/product_tag?post=12208"}],"curies":[{"name":"wp","href":"https:\/\/api.w.org\/{rel}","templated":true}]}}