{"id":12216,"date":"2025-06-20T18:14:24","date_gmt":"2025-06-20T22:14:24","guid":{"rendered":"https:\/\/www.multicasa.com.br\/inicio\/?post_type=product&#038;p=12216"},"modified":"2025-06-23T10:04:44","modified_gmt":"2025-06-23T14:04:44","slug":"engate-flex-inox-gas-fxf-200m-bluk","status":"publish","type":"product","link":"https:\/\/www.multicasa.com.br\/inicio\/produto\/engate-flex-inox-gas-fxf-200m-bluk\/","title":{"rendered":"Engate Flex.Inox Gas Fxf 2,00M Bluk"},"content":{"rendered":"<p>O Flex\u00edvel tran\u00e7ado da Roddex \u00e9 produzido em a\u00e7o inox, um material de alt\u00edssima resist\u00eancia e durabilidade conferindo alto padr\u00e3o \u00e0 pe\u00e7a.\u00c9 um produto indispens\u00e1vel para a instala\u00e7\u00e3o de torneiras em resid\u00eancia ou com\u00e9rcio.O engate flex\u00edvel \u00e9 um equipamento que n\u00e3o pode faltar na cozinha, banheiro, lavanderia ou em qualquer outro ambiente que se utilize uma torneira.Utilizado para a liga\u00e7\u00e3o entre a rede hidr\u00e1ulica e a torneira.<\/p>\n","protected":false},"excerpt":{"rendered":"<h4 style=\"margin: 0px;padding: 0px 0px 16px;font-family: Lato, sans-serif;font-weight: bold;line-height: 3rem;color: var(--dark-grey3);font-size: 22px;font-style: normal;letter-spacing: normal;text-align: start;text-indent: 0px;text-transform: none\">Informa\u00e7\u00f5es t\u00e9cnicas<\/h4>\n<p><span style=\"margin: 0px;padding: 0px;font-weight: 450;font-size: 14px;line-height: 21px;color: var(--dark-grey2);font-family: Lato, sans-serif;font-style: normal;letter-spacing: normal;text-align: start;text-indent: 0px;text-transform: none\">PRODUTO: ENGATE FLEX.INOX GAS FXF 2,00M BLUK<br \/>\nMARCA: BLUKIT<\/p>\n<p>Caracter\u00edsticas T\u00e9cnicas:                                        Material: A\u00e7o Inox<br \/>\nCor: Cromado<br \/>\nComprimento: 200 cm<br \/>\nConex\u00e3o: 1\/2? Macho Longo Sextavado x Porca F\u00eamea Girat\u00f3ria<br \/>\nUtiliza\u00e7\u00e3o: Liga\u00e7\u00e3o Hidr\u00e1ulica<br \/>\nGarantia: 12 meses<br \/>\n<\/span><\/p>\n","protected":false},"featured_media":25108,"template":"","meta":{"_joinchat":[]},"product_brand":[],"product_cat":[94],"product_tag":[],"class_list":{"0":"post-12216","1":"product","2":"type-product","3":"status-publish","4":"has-post-thumbnail","6":"product_cat-gas","8":"first","9":"outofstock","10":"shipping-taxable","11":"product-type-simple"},"_links":{"self":[{"href":"https:\/\/www.multicasa.com.br\/inicio\/wp-json\/wp\/v2\/product\/12216","targetHints":{"allow":["GET"]}}],"collection":[{"href":"https:\/\/www.multicasa.com.br\/inicio\/wp-json\/wp\/v2\/product"}],"about":[{"href":"https:\/\/www.multicasa.com.br\/inicio\/wp-json\/wp\/v2\/types\/product"}],"wp:featuredmedia":[{"embeddable":true,"href":"https:\/\/www.multicasa.com.br\/inicio\/wp-json\/wp\/v2\/media\/25108"}],"wp:attachment":[{"href":"https:\/\/www.multicasa.com.br\/inicio\/wp-json\/wp\/v2\/media?parent=12216"}],"wp:term":[{"taxonomy":"product_brand","embeddable":true,"href":"https:\/\/www.multicasa.com.br\/inicio\/wp-json\/wp\/v2\/product_brand?post=12216"},{"taxonomy":"product_cat","embeddable":true,"href":"https:\/\/www.multicasa.com.br\/inicio\/wp-json\/wp\/v2\/product_cat?post=12216"},{"taxonomy":"product_tag","embeddable":true,"href":"https:\/\/www.multicasa.com.br\/inicio\/wp-json\/wp\/v2\/product_tag?post=12216"}],"curies":[{"name":"wp","href":"https:\/\/api.w.org\/{rel}","templated":true}]}}