{"id":12217,"date":"2025-06-20T18:14:24","date_gmt":"2025-06-20T22:14:24","guid":{"rendered":"https:\/\/www.multicasa.com.br\/inicio\/?post_type=product&#038;p=12217"},"modified":"2025-08-17T19:18:40","modified_gmt":"2025-08-17T23:18:40","slug":"ducha-relax-3temperaturas-4600w-220v-branca-lorenzetti","status":"publish","type":"product","link":"https:\/\/www.multicasa.com.br\/inicio\/produto\/ducha-relax-3temperaturas-4600w-220v-branca-lorenzetti\/","title":{"rendered":"Ducha Relax 3Temperaturas 4600W 220V Branca Lorenzetti"},"content":{"rendered":"<p>A Ducha Relax agora vem com a nova resist\u00eancia Loren Ultra. A tecnologia Loren Ultra revoluciona o conceito de durabilidade e desempenho em compara\u00e7\u00e3o as resist\u00eancias comuns. O design marcante d\u00e1 um banho de estilo no seu banheiro. A funcionalidade do seu jato multidirecional permite mais conforto. Tr\u00eas op\u00e7\u00f5es de temperaturas: mais relax no seu banho durante o ano todo.<\/p>\n","protected":false},"excerpt":{"rendered":"<h4 style=\"margin: 0px;padding: 0px 0px 16px;font-family: Lato, sans-serif;font-weight: bold;line-height: 3rem;color: var(--dark-grey3);font-size: 22px;font-style: normal;letter-spacing: normal;text-align: start;text-indent: 0px;text-transform: none\">Informa\u00e7\u00f5es t\u00e9cnicas<\/h4>\n<p><span style=\"margin: 0px;padding: 0px;font-weight: 450;font-size: 14px;line-height: 21px;color: var(--dark-grey2);font-family: Lato, sans-serif;font-style: normal;letter-spacing: normal;text-align: start;text-indent: 0px;text-transform: none\">PRODUTO: DUCHA RELAX 3T.4600W 220V BC LOR<br \/>\nMARCA: LORENZETTI<\/p>\n<p>Caracter\u00edsticas T\u00e9cnicas:<br \/>\n3 Temperaturas<br \/>\nJato Multidirecional<br \/>\n\u00c1gua na dire\u00e7\u00e3o desejada.<br \/>\n4600W\/5500W<\/span><\/p>\n","protected":false},"featured_media":25084,"template":"","meta":{"_joinchat":[]},"product_brand":[],"product_cat":[71],"product_tag":[],"class_list":{"0":"post-12217","1":"product","2":"type-product","3":"status-publish","4":"has-post-thumbnail","6":"product_cat-chuveiros","8":"first","9":"outofstock","10":"shipping-taxable","11":"purchasable","12":"product-type-simple"},"_links":{"self":[{"href":"https:\/\/www.multicasa.com.br\/inicio\/wp-json\/wp\/v2\/product\/12217","targetHints":{"allow":["GET"]}}],"collection":[{"href":"https:\/\/www.multicasa.com.br\/inicio\/wp-json\/wp\/v2\/product"}],"about":[{"href":"https:\/\/www.multicasa.com.br\/inicio\/wp-json\/wp\/v2\/types\/product"}],"wp:featuredmedia":[{"embeddable":true,"href":"https:\/\/www.multicasa.com.br\/inicio\/wp-json\/wp\/v2\/media\/25084"}],"wp:attachment":[{"href":"https:\/\/www.multicasa.com.br\/inicio\/wp-json\/wp\/v2\/media?parent=12217"}],"wp:term":[{"taxonomy":"product_brand","embeddable":true,"href":"https:\/\/www.multicasa.com.br\/inicio\/wp-json\/wp\/v2\/product_brand?post=12217"},{"taxonomy":"product_cat","embeddable":true,"href":"https:\/\/www.multicasa.com.br\/inicio\/wp-json\/wp\/v2\/product_cat?post=12217"},{"taxonomy":"product_tag","embeddable":true,"href":"https:\/\/www.multicasa.com.br\/inicio\/wp-json\/wp\/v2\/product_tag?post=12217"}],"curies":[{"name":"wp","href":"https:\/\/api.w.org\/{rel}","templated":true}]}}