{"id":12218,"date":"2025-06-20T18:14:24","date_gmt":"2025-06-20T22:14:24","guid":{"rendered":"https:\/\/www.multicasa.com.br\/inicio\/?post_type=product&#038;p=12218"},"modified":"2025-08-18T04:44:06","modified_gmt":"2025-08-18T08:44:06","slug":"contra-umidade-balde-18l-viapol","status":"publish","type":"product","link":"https:\/\/www.multicasa.com.br\/inicio\/produto\/contra-umidade-balde-18l-viapol\/","title":{"rendered":"Contra Umidade Balde 18L Viapol"},"content":{"rendered":"<p>Impermeabilizante hidr\u00f3fugo que reage com o cimento, bloqueando os capilares da estrutura, interrompendo assim, o desenvolvimento da umidade em \u00e1reas abaixo do n\u00edvel do solo, como piscinas enterradas; subsolos; po\u00e7os de elevadores; alicerces e baldrames; muros de conten\u00e7\u00e3o; rebocos externos e caixa d&#8217;\u00e1gua enterrada. A tecnologia permite que as paredes respirem. De aplica\u00e7\u00e3o simples e f\u00e1cil, oferece efici\u00eancia permanente (n\u00e3o perde suas caracter\u00edsticas ao longo do tempo). Al\u00e9m disso, n\u00e3o altera o tempo de cura de argamassas ou concreto.<\/p>\n","protected":false},"excerpt":{"rendered":"<h4 style=\"margin: 0px;padding: 0px 0px 16px;font-family: Lato, sans-serif;font-weight: bold;line-height: 3rem;color: var(--dark-grey3);font-size: 22px;font-style: normal;letter-spacing: normal;text-align: start;text-indent: 0px;text-transform: none\">Informa\u00e7\u00f5es t\u00e9cnicas<\/h4>\n<p><span style=\"margin: 0px;padding: 0px;font-weight: 450;font-size: 14px;line-height: 21px;color: var(--dark-grey2);font-family: Lato, sans-serif;font-style: normal;letter-spacing: normal;text-align: start;text-indent: 0px;text-transform: none\">Marca: Viapol<br \/>\nUso Indicado: Piscinas enterradas, Subsolos, Po\u00e7os de Elevadores, Alicerces e Baldrames, Muros de Conten\u00e7\u00e3o, Rebocos Externos e Internos , Caixa d&#8217;\u00e1gua enterrada.<br \/>\nConte\u00fado da Embalagem: 18 Litros<br \/>\nInforma\u00e7\u00f5es Adicionais: Permite que as paredes respirem -Hidrofugante.<br \/>\nComposi\u00e7\u00e3o: Impermeabilizante Mineral<br \/>\nCor: Branco<br \/>\nLinha: Impermeabiliza\u00e7\u00e3o<br \/>\nC\u00f3digo de Barras: 7898055522089<\/span><\/p>\n","protected":false},"featured_media":25015,"template":"","meta":{"_joinchat":[]},"product_brand":[],"product_cat":[155],"product_tag":[],"class_list":{"0":"post-12218","1":"product","2":"type-product","3":"status-publish","4":"has-post-thumbnail","6":"product_cat-impermeabilizantes-e-cia","8":"first","9":"instock","10":"shipping-taxable","11":"purchasable","12":"product-type-simple"},"_links":{"self":[{"href":"https:\/\/www.multicasa.com.br\/inicio\/wp-json\/wp\/v2\/product\/12218","targetHints":{"allow":["GET"]}}],"collection":[{"href":"https:\/\/www.multicasa.com.br\/inicio\/wp-json\/wp\/v2\/product"}],"about":[{"href":"https:\/\/www.multicasa.com.br\/inicio\/wp-json\/wp\/v2\/types\/product"}],"wp:featuredmedia":[{"embeddable":true,"href":"https:\/\/www.multicasa.com.br\/inicio\/wp-json\/wp\/v2\/media\/25015"}],"wp:attachment":[{"href":"https:\/\/www.multicasa.com.br\/inicio\/wp-json\/wp\/v2\/media?parent=12218"}],"wp:term":[{"taxonomy":"product_brand","embeddable":true,"href":"https:\/\/www.multicasa.com.br\/inicio\/wp-json\/wp\/v2\/product_brand?post=12218"},{"taxonomy":"product_cat","embeddable":true,"href":"https:\/\/www.multicasa.com.br\/inicio\/wp-json\/wp\/v2\/product_cat?post=12218"},{"taxonomy":"product_tag","embeddable":true,"href":"https:\/\/www.multicasa.com.br\/inicio\/wp-json\/wp\/v2\/product_tag?post=12218"}],"curies":[{"name":"wp","href":"https:\/\/api.w.org\/{rel}","templated":true}]}}