{"id":12221,"date":"2025-06-20T18:14:24","date_gmt":"2025-06-20T22:14:24","guid":{"rendered":"https:\/\/www.multicasa.com.br\/inicio\/?post_type=product&#038;p=12221"},"modified":"2025-08-17T19:18:47","modified_gmt":"2025-08-17T23:18:47","slug":"tubo-soldavel-60mm-6m-amanco","status":"publish","type":"product","link":"https:\/\/www.multicasa.com.br\/inicio\/produto\/tubo-soldavel-60mm-6m-amanco\/","title":{"rendered":"Tubo Sold\u00e1vel 60Mm 6M Amanco"},"content":{"rendered":"<p>Sobre o Produto A linha Amanco Sold\u00e1vel \u00e9 um sistema em PVC para condu\u00e7\u00e3o de \u00e1gua fria com portf\u00f3lio completo para atender todos os projetos, utilizada em obras residenciais, comerciais e industriais. Aplicada em instala\u00e7\u00f5es de \u00e1gua fria permanentes e embutidas. Caracter\u00edsticas Atende norma NBR 5648 Dispon\u00edvel nos di\u00e2metros de 20, 25, 32, 40, 50, 60, 75, 85 e 110 mm suporta press\u00e3o de servi\u00e7o de at\u00e9 750 kPa, (7,5 kgf\/cm2 ou 75 m.c.a.). Vantagens Rapidez na execu\u00e7\u00e3o das juntas sold\u00e1veis Solda com Adesivo Pl\u00e1stico ou Adesivo Pl\u00e1stico Extra Forte.<\/p>\n","protected":false},"excerpt":{"rendered":"<h4 style=\"margin: 0px;padding: 0px 0px 16px;font-family: Lato, sans-serif;font-weight: bold;line-height: 3rem;color: var(--dark-grey3);font-size: 22px;font-style: normal;letter-spacing: normal;text-align: start;text-indent: 0px;text-transform: none\">Informa\u00e7\u00f5es t\u00e9cnicas<\/h4>\n<p><span style=\"margin: 0px;padding: 0px;font-weight: 450;font-size: 14px;line-height: 21px;color: var(--dark-grey2);font-family: Lato, sans-serif;font-style: normal;letter-spacing: normal;text-align: start;text-indent: 0px;text-transform: none\">PRODUTO: TUBO sold\u00e1vel 60MM 6M AMANCO<br \/>\nMARCA: AMANCO<\/p>\n<p>Caracter\u00edsticas T\u00e9cnicas:<br \/>\n&#8211; Facilidade de instala\u00e7\u00e3o;<br \/>\n&#8211; Leveza do material;<br \/>\n&#8211; Linha completa de tubos e conex\u00f5es;<br \/>\n&#8211; Resist\u00eancia a diversos produtos qu\u00edmicos;<br \/>\n&#8211; Durabilidade &#8211; vida \u00fatil de 50 anos;<br \/>\n&#8211; Efici\u00eancia e Economia.<\/p>\n<p> <\/span><\/p>\n","protected":false},"featured_media":26194,"template":"","meta":{"_joinchat":[]},"product_brand":[],"product_cat":[73],"product_tag":[],"class_list":{"0":"post-12221","1":"product","2":"type-product","3":"status-publish","4":"has-post-thumbnail","6":"product_cat-tubos-e-conexoes","8":"first","9":"outofstock","10":"shipping-taxable","11":"purchasable","12":"product-type-simple"},"_links":{"self":[{"href":"https:\/\/www.multicasa.com.br\/inicio\/wp-json\/wp\/v2\/product\/12221","targetHints":{"allow":["GET"]}}],"collection":[{"href":"https:\/\/www.multicasa.com.br\/inicio\/wp-json\/wp\/v2\/product"}],"about":[{"href":"https:\/\/www.multicasa.com.br\/inicio\/wp-json\/wp\/v2\/types\/product"}],"wp:featuredmedia":[{"embeddable":true,"href":"https:\/\/www.multicasa.com.br\/inicio\/wp-json\/wp\/v2\/media\/26194"}],"wp:attachment":[{"href":"https:\/\/www.multicasa.com.br\/inicio\/wp-json\/wp\/v2\/media?parent=12221"}],"wp:term":[{"taxonomy":"product_brand","embeddable":true,"href":"https:\/\/www.multicasa.com.br\/inicio\/wp-json\/wp\/v2\/product_brand?post=12221"},{"taxonomy":"product_cat","embeddable":true,"href":"https:\/\/www.multicasa.com.br\/inicio\/wp-json\/wp\/v2\/product_cat?post=12221"},{"taxonomy":"product_tag","embeddable":true,"href":"https:\/\/www.multicasa.com.br\/inicio\/wp-json\/wp\/v2\/product_tag?post=12221"}],"curies":[{"name":"wp","href":"https:\/\/api.w.org\/{rel}","templated":true}]}}