{"id":12223,"date":"2025-06-20T18:14:25","date_gmt":"2025-06-20T22:14:25","guid":{"rendered":"https:\/\/www.multicasa.com.br\/inicio\/?post_type=product&#038;p=12223"},"modified":"2026-02-26T16:32:03","modified_gmt":"2026-02-26T20:32:03","slug":"cuba-de-embutir-oval-l37-49x36cm-branca-deca","status":"publish","type":"product","link":"https:\/\/www.multicasa.com.br\/inicio\/produto\/cuba-de-embutir-oval-l37-49x36cm-branca-deca\/","title":{"rendered":"Cuba De Embutir Oval L37 49X36Cm Branca Deca"},"content":{"rendered":"<p>A cuba de embutir oval Deca tem design moderno e funcional. Com bordas arredondadas e baix\u00edssima absor\u00e7\u00e3o de umidade, a pe\u00e7a facilita o escoamento de \u00e1gua e reduz os respingos para fora da pia.<\/p>\n","protected":false},"excerpt":{"rendered":"<h4 style=\"margin: 0px;padding: 0px 0px 16px;font-family: Lato, sans-serif;font-weight: bold;line-height: 3rem;color: var(--dark-grey3);font-size: 22px;font-style: normal;letter-spacing: normal;text-align: start;text-indent: 0px;text-transform: none\">Informa\u00e7\u00f5es t\u00e9cnicas<\/h4>\n<p><span style=\"margin: 0px;padding: 0px;font-weight: 450;font-size: 14px;line-height: 21px;color: var(--dark-grey2);font-family: Lato, sans-serif;font-style: normal;letter-spacing: normal;text-align: start;text-indent: 0px;text-transform: none\">PRODUTO: CUBA EMB.OVAL L37 49X36CM BC DECA<br \/>\nMARCA: DECA<\/p>\n<p>Caracter\u00edsticas T\u00e9cnicas:<br \/>\nMarca: Deca<br \/>\nLinha\/Modelo: L37<br \/>\nC\u00f3digo: 3943<br \/>\nFormato: Oval<br \/>\nMaterial: Lou\u00e7a<br \/>\nTipo: De Embutir<br \/>\nCor: Creme<\/span><\/p>\n","protected":false},"featured_media":25042,"template":"","meta":{"_joinchat":[]},"product_brand":[],"product_cat":[68],"product_tag":[],"class_list":{"0":"post-12223","1":"product","2":"type-product","3":"status-publish","4":"has-post-thumbnail","6":"product_cat-loucas-e-cia","8":"first","9":"outofstock","10":"shipping-taxable","11":"purchasable","12":"product-type-simple"},"_links":{"self":[{"href":"https:\/\/www.multicasa.com.br\/inicio\/wp-json\/wp\/v2\/product\/12223","targetHints":{"allow":["GET"]}}],"collection":[{"href":"https:\/\/www.multicasa.com.br\/inicio\/wp-json\/wp\/v2\/product"}],"about":[{"href":"https:\/\/www.multicasa.com.br\/inicio\/wp-json\/wp\/v2\/types\/product"}],"wp:featuredmedia":[{"embeddable":true,"href":"https:\/\/www.multicasa.com.br\/inicio\/wp-json\/wp\/v2\/media\/25042"}],"wp:attachment":[{"href":"https:\/\/www.multicasa.com.br\/inicio\/wp-json\/wp\/v2\/media?parent=12223"}],"wp:term":[{"taxonomy":"product_brand","embeddable":true,"href":"https:\/\/www.multicasa.com.br\/inicio\/wp-json\/wp\/v2\/product_brand?post=12223"},{"taxonomy":"product_cat","embeddable":true,"href":"https:\/\/www.multicasa.com.br\/inicio\/wp-json\/wp\/v2\/product_cat?post=12223"},{"taxonomy":"product_tag","embeddable":true,"href":"https:\/\/www.multicasa.com.br\/inicio\/wp-json\/wp\/v2\/product_tag?post=12223"}],"curies":[{"name":"wp","href":"https:\/\/api.w.org\/{rel}","templated":true}]}}