{"id":12224,"date":"2025-06-20T18:14:25","date_gmt":"2025-06-20T22:14:25","guid":{"rendered":"https:\/\/www.multicasa.com.br\/inicio\/?post_type=product&#038;p=12224"},"modified":"2025-08-17T19:19:05","modified_gmt":"2025-08-17T23:19:05","slug":"lona-plastica-90-micras-1x4m-preto-roma","status":"publish","type":"product","link":"https:\/\/www.multicasa.com.br\/inicio\/produto\/lona-plastica-90-micras-1x4m-preto-roma\/","title":{"rendered":"Lona Pl\u00e1stica 90 Micras 1X4M Preto Roma"},"content":{"rendered":"<p>As Lonas pretas da ROMA s\u00e3o produzidas em polietileno de baixa densidade e possuem alta resist\u00eancia.<\/p>\n","protected":false},"excerpt":{"rendered":"<h4 style=\"margin: 0px;padding: 0px 0px 16px;font-family: Lato, sans-serif;font-weight: bold;line-height: 3rem;color: var(--dark-grey3);font-size: 22px;font-style: normal;letter-spacing: normal;text-align: start;text-indent: 0px;text-transform: none\">Informa\u00e7\u00f5es t\u00e9cnicas<\/h4>\n<p><span style=\"margin: 0px;padding: 0px;font-weight: 450;font-size: 14px;line-height: 21px;color: var(--dark-grey2);font-family: Lato, sans-serif;font-style: normal;letter-spacing: normal;text-align: start;text-indent: 0px;text-transform: none\">PRODUTO: LONA PL\u00c1STICA 90 MICRAS 1X4M<br \/>\nMARCA: ROMA<br \/>\nCaracter\u00edsticas T\u00e9cnicas:<br \/>\n&#8211; Material: Polipropileno de alta densidade<br \/>\n&#8211; Largura: 4,00 m<br \/>\n&#8211; Comprimento: 2,00 m<br \/>\n&#8211; Espessura: 11 micras<br \/>\n&#8211; Aplica\u00e7\u00e3o: Contru\u00e7\u00e3o civil, forra\u00e7\u00e3o e prote\u00e7\u00e3o<br \/>\n&#8211; Lona refor\u00e7ada: Sim<br \/>\n&#8211; Instru\u00e7\u00f5es de limpeza: Sem instru\u00e7\u00e3o<br \/>\n&#8211; Instru\u00e7\u00f5es de armazenagem: Armazenar em local seco e abrigado<br \/>\n <\/span><\/p>\n","protected":false},"featured_media":25478,"template":"","meta":{"_joinchat":[]},"product_brand":[],"product_cat":[147],"product_tag":[],"class_list":{"0":"post-12224","1":"product","2":"type-product","3":"status-publish","4":"has-post-thumbnail","6":"product_cat-basicos","8":"first","9":"outofstock","10":"shipping-taxable","11":"purchasable","12":"product-type-simple"},"_links":{"self":[{"href":"https:\/\/www.multicasa.com.br\/inicio\/wp-json\/wp\/v2\/product\/12224","targetHints":{"allow":["GET"]}}],"collection":[{"href":"https:\/\/www.multicasa.com.br\/inicio\/wp-json\/wp\/v2\/product"}],"about":[{"href":"https:\/\/www.multicasa.com.br\/inicio\/wp-json\/wp\/v2\/types\/product"}],"wp:featuredmedia":[{"embeddable":true,"href":"https:\/\/www.multicasa.com.br\/inicio\/wp-json\/wp\/v2\/media\/25478"}],"wp:attachment":[{"href":"https:\/\/www.multicasa.com.br\/inicio\/wp-json\/wp\/v2\/media?parent=12224"}],"wp:term":[{"taxonomy":"product_brand","embeddable":true,"href":"https:\/\/www.multicasa.com.br\/inicio\/wp-json\/wp\/v2\/product_brand?post=12224"},{"taxonomy":"product_cat","embeddable":true,"href":"https:\/\/www.multicasa.com.br\/inicio\/wp-json\/wp\/v2\/product_cat?post=12224"},{"taxonomy":"product_tag","embeddable":true,"href":"https:\/\/www.multicasa.com.br\/inicio\/wp-json\/wp\/v2\/product_tag?post=12224"}],"curies":[{"name":"wp","href":"https:\/\/api.w.org\/{rel}","templated":true}]}}