{"id":12225,"date":"2025-06-20T18:14:25","date_gmt":"2025-06-20T22:14:25","guid":{"rendered":"https:\/\/www.multicasa.com.br\/inicio\/?post_type=product&#038;p=12225"},"modified":"2026-04-28T13:31:39","modified_gmt":"2026-04-28T17:31:39","slug":"terminal-pino-curto-25mm-cem","status":"publish","type":"product","link":"https:\/\/www.multicasa.com.br\/inicio\/produto\/terminal-pino-curto-25mm-cem\/","title":{"rendered":"Terminal Pino Curto 25Mm Cem"},"content":{"rendered":"<p>O Conector Gen\u00e9rico para Barramento da Steck \u00e9 ideal para aumentar \u00e1rea de conex\u00e3o com cabos de at\u00e9 25mm\u00b2. Produzido em material termopl\u00e1stico autoextingu\u00edvel e componentes met\u00e1licos, facilita uni\u00e3o dos cabos nos dispositivos de prote\u00e7\u00e3o.<\/p>\n","protected":false},"excerpt":{"rendered":"<h4 style=\"margin: 0px;padding: 0px 0px 16px;font-family: Lato, sans-serif;font-weight: bold;line-height: 3rem;color: var(--dark-grey3);font-size: 22px;font-style: normal;letter-spacing: normal;text-align: start;text-indent: 0px;text-transform: none\">Informa\u00e7\u00f5es t\u00e9cnicas<\/h4>\n<p><span style=\"margin: 0px;padding: 0px;font-weight: 450;font-size: 14px;line-height: 21px;color: var(--dark-grey2);font-family: Lato, sans-serif;font-style: normal;letter-spacing: normal;text-align: start;text-indent: 0px;text-transform: none\">PRODUTO: TERMINAL PINO CURTO 25MM CEM<br \/>\nMARCA: CEMAR<br \/>\nCaracter\u00edsticas T\u00e9cnicas:<br \/>\nBitola em Mil\u00edmetros:25mm<br \/>\nModelo:DZ-47 FRONTAL<br \/>\nProduto:Terminal de Conex\u00e3o<br \/>\nUso Indicado:Mini<br \/>\nDisjuntores e Quadros de Distribui\u00e7\u00e3o<br \/>\nTipo:Pino Curto<br \/>\nFixa\u00e7\u00e3o:Frontal<br \/>\n <\/span><\/p>\n","protected":false},"featured_media":26082,"template":"","meta":{"_joinchat":[]},"product_brand":[],"product_cat":[122],"product_tag":[],"class_list":{"0":"post-12225","1":"product","2":"type-product","3":"status-publish","4":"has-post-thumbnail","6":"product_cat-quadros-e-cia","8":"first","9":"instock","10":"shipping-taxable","11":"purchasable","12":"product-type-simple"},"_links":{"self":[{"href":"https:\/\/www.multicasa.com.br\/inicio\/wp-json\/wp\/v2\/product\/12225","targetHints":{"allow":["GET"]}}],"collection":[{"href":"https:\/\/www.multicasa.com.br\/inicio\/wp-json\/wp\/v2\/product"}],"about":[{"href":"https:\/\/www.multicasa.com.br\/inicio\/wp-json\/wp\/v2\/types\/product"}],"wp:featuredmedia":[{"embeddable":true,"href":"https:\/\/www.multicasa.com.br\/inicio\/wp-json\/wp\/v2\/media\/26082"}],"wp:attachment":[{"href":"https:\/\/www.multicasa.com.br\/inicio\/wp-json\/wp\/v2\/media?parent=12225"}],"wp:term":[{"taxonomy":"product_brand","embeddable":true,"href":"https:\/\/www.multicasa.com.br\/inicio\/wp-json\/wp\/v2\/product_brand?post=12225"},{"taxonomy":"product_cat","embeddable":true,"href":"https:\/\/www.multicasa.com.br\/inicio\/wp-json\/wp\/v2\/product_cat?post=12225"},{"taxonomy":"product_tag","embeddable":true,"href":"https:\/\/www.multicasa.com.br\/inicio\/wp-json\/wp\/v2\/product_tag?post=12225"}],"curies":[{"name":"wp","href":"https:\/\/api.w.org\/{rel}","templated":true}]}}