{"id":12226,"date":"2025-06-20T18:14:25","date_gmt":"2025-06-20T22:14:25","guid":{"rendered":"https:\/\/www.multicasa.com.br\/inicio\/?post_type=product&#038;p=12226"},"modified":"2025-06-20T18:14:38","modified_gmt":"2025-06-20T22:14:38","slug":"kit-veicular-para-celular-com-suporte-carregador-e-usb-geonav","status":"publish","type":"product","link":"https:\/\/www.multicasa.com.br\/inicio\/produto\/kit-veicular-para-celular-com-suporte-carregador-e-usb-geonav\/","title":{"rendered":"Kit Veicular para Celular com Suporte, Carregador e USB Geonav"},"content":{"rendered":"<p>O Kit Veicular para Celular com Suporte, Carregador e USB Geonav \u00e9 ideal para fixar o aparelho na sa\u00edda de ar do seu carro, melhorando a utiliza\u00e7\u00e3o de GPS e navega\u00e7\u00e3o. O carregador veicular de 3.4A de alum\u00ednio, permite carregar dois dispositivos ao mesmo tempo. Produzido em poliuretano, o cabo USB tem 1 metro e \u00e9 perfeito para carregar seu aparelho, de forma pr\u00e1tica e confort\u00e1vel.<\/p>\n","protected":false},"excerpt":{"rendered":"<h4 style=\"margin: 0px;padding: 0px 0px 16px;font-family: Lato, sans-serif;font-weight: bold;line-height: 3rem;color: var(--dark-grey3);font-size: 22px;font-style: normal;letter-spacing: normal;text-align: start;text-indent: 0px;text-transform: none\">Informa\u00e7\u00f5es t\u00e9cnicas<\/h4>\n<p><span style=\"margin: 0px;padding: 0px;font-weight: 450;font-size: 14px;line-height: 21px;color: var(--dark-grey2);font-family: Lato, sans-serif;font-style: normal;letter-spacing: normal;text-align: start;text-indent: 0px;text-transform: none\">Produto: Kit Veicular<br \/>\nMarca: Geonav<br \/>\nModelo: PMIC31<br \/>\nMaterial: Poliuretano, alum\u00ednio, couro sint\u00e9tico<br \/>\nCor: Preto e prata<br \/>\nPot\u00eancia: 17w<br \/>\nCaracter\u00edsticas: 2 sa\u00eddas usb &#8211; 5vcc, conex\u00f5es micro usb, compatibilidade com aparelhos com entrada micro usb, extens\u00e3o do cabo 1 metro, permite carregar at\u00e9 dois dispositivos simultaneamente, possui suporte magn\u00e9tico com 6 \u00edm\u00e3s que possibilita segurar um smartphone de at\u00e9 6 polegadas, como o Samsung S8+.<br \/>\nQuantidade de pe\u00e7as: 3<br \/>\nItens inclusos: 1 cabo micro USB, 1 Suporte magn\u00e9tico, 1 Carregador ve\u00edcular 3.4<br \/>\nDimens\u00f5es do produto (C): 1m<\/span><\/p>\n","protected":false},"featured_media":12228,"template":"","meta":{"_joinchat":[]},"product_brand":[],"product_cat":[142],"product_tag":[],"class_list":{"0":"post-12226","1":"product","2":"type-product","3":"status-publish","4":"has-post-thumbnail","6":"product_cat-utilidades-para-automoveis","8":"first","9":"outofstock","10":"shipping-taxable","11":"product-type-simple"},"_links":{"self":[{"href":"https:\/\/www.multicasa.com.br\/inicio\/wp-json\/wp\/v2\/product\/12226","targetHints":{"allow":["GET"]}}],"collection":[{"href":"https:\/\/www.multicasa.com.br\/inicio\/wp-json\/wp\/v2\/product"}],"about":[{"href":"https:\/\/www.multicasa.com.br\/inicio\/wp-json\/wp\/v2\/types\/product"}],"wp:featuredmedia":[{"embeddable":true,"href":"https:\/\/www.multicasa.com.br\/inicio\/wp-json\/wp\/v2\/media\/12228"}],"wp:attachment":[{"href":"https:\/\/www.multicasa.com.br\/inicio\/wp-json\/wp\/v2\/media?parent=12226"}],"wp:term":[{"taxonomy":"product_brand","embeddable":true,"href":"https:\/\/www.multicasa.com.br\/inicio\/wp-json\/wp\/v2\/product_brand?post=12226"},{"taxonomy":"product_cat","embeddable":true,"href":"https:\/\/www.multicasa.com.br\/inicio\/wp-json\/wp\/v2\/product_cat?post=12226"},{"taxonomy":"product_tag","embeddable":true,"href":"https:\/\/www.multicasa.com.br\/inicio\/wp-json\/wp\/v2\/product_tag?post=12226"}],"curies":[{"name":"wp","href":"https:\/\/api.w.org\/{rel}","templated":true}]}}