{"id":12227,"date":"2025-06-20T18:14:25","date_gmt":"2025-06-20T22:14:25","guid":{"rendered":"https:\/\/www.multicasa.com.br\/inicio\/?post_type=product&#038;p=12227"},"modified":"2025-06-20T18:14:39","modified_gmt":"2025-06-20T22:14:39","slug":"cortador-de-maca-em-inox-uny-gift","status":"publish","type":"product","link":"https:\/\/www.multicasa.com.br\/inicio\/produto\/cortador-de-maca-em-inox-uny-gift\/","title":{"rendered":"Cortador de Ma\u00e7\u00e3 em Inox Uny Gift"},"content":{"rendered":"<p>Um jeito mais pr\u00e1tico e r\u00e1pido de cortar a sua fruta chegou com o Cortador de Ma\u00e7\u00e3 da Uny Gift. Possui al\u00e7as que evitam o contato das m\u00e3os com as l\u00e2minas que, por sua vez, tiram o caro\u00e7o o cortam a fruta em 8 peda\u00e7os iguais. Feito de pl\u00e1stico com a parte cortante em a\u00e7o, \u00e9 de f\u00e1cil higieniza\u00e7\u00e3o e leva mais agilidade a sua cozinha.<\/p>\n","protected":false},"excerpt":{"rendered":"<h4 style=\"margin: 0px;padding: 0px 0px 16px;font-family: Lato, sans-serif;font-weight: bold;line-height: 3rem;color: var(--dark-grey3);font-size: 22px;font-style: normal;letter-spacing: normal;text-align: start;text-indent: 0px;text-transform: none\">Informa\u00e7\u00f5es t\u00e9cnicas<\/h4>\n<p><span style=\"margin: 0px;padding: 0px;font-weight: 450;font-size: 14px;line-height: 21px;color: var(--dark-grey2);font-family: Lato, sans-serif;font-style: normal;letter-spacing: normal;text-align: start;text-indent: 0px;text-transform: none\">Produto: Cortador de Ma\u00e7\u00e3<br \/>\nMarca: Uny home<br \/>\nMaterial: Pl\u00e1stico<br \/>\nl\u00e2minas de a\u00e7o inox<br \/>\nCor: prata, vermelho<br \/>\nItens inclusos: 1 Cortador de ma\u00e7\u00e3<br \/>\nDimens\u00f5es do produto (A x L x P): 20 x 7 x 10cm<\/span><\/p>\n","protected":false},"featured_media":12237,"template":"","meta":{"_joinchat":[]},"product_brand":[],"product_cat":[63],"product_tag":[],"class_list":{"0":"post-12227","1":"product","2":"type-product","3":"status-publish","4":"has-post-thumbnail","6":"product_cat-utilidades-do-lar","8":"first","9":"outofstock","10":"shipping-taxable","11":"product-type-simple"},"_links":{"self":[{"href":"https:\/\/www.multicasa.com.br\/inicio\/wp-json\/wp\/v2\/product\/12227","targetHints":{"allow":["GET"]}}],"collection":[{"href":"https:\/\/www.multicasa.com.br\/inicio\/wp-json\/wp\/v2\/product"}],"about":[{"href":"https:\/\/www.multicasa.com.br\/inicio\/wp-json\/wp\/v2\/types\/product"}],"wp:featuredmedia":[{"embeddable":true,"href":"https:\/\/www.multicasa.com.br\/inicio\/wp-json\/wp\/v2\/media\/12237"}],"wp:attachment":[{"href":"https:\/\/www.multicasa.com.br\/inicio\/wp-json\/wp\/v2\/media?parent=12227"}],"wp:term":[{"taxonomy":"product_brand","embeddable":true,"href":"https:\/\/www.multicasa.com.br\/inicio\/wp-json\/wp\/v2\/product_brand?post=12227"},{"taxonomy":"product_cat","embeddable":true,"href":"https:\/\/www.multicasa.com.br\/inicio\/wp-json\/wp\/v2\/product_cat?post=12227"},{"taxonomy":"product_tag","embeddable":true,"href":"https:\/\/www.multicasa.com.br\/inicio\/wp-json\/wp\/v2\/product_tag?post=12227"}],"curies":[{"name":"wp","href":"https:\/\/api.w.org\/{rel}","templated":true}]}}