{"id":12241,"date":"2025-06-20T18:14:40","date_gmt":"2025-06-20T22:14:40","guid":{"rendered":"https:\/\/www.multicasa.com.br\/inicio\/?post_type=product&#038;p=12241"},"modified":"2025-06-20T18:14:49","modified_gmt":"2025-06-20T22:14:49","slug":"porta-papel-higienico-plastico-branco-com-textura-granilite-plasutil","status":"publish","type":"product","link":"https:\/\/www.multicasa.com.br\/inicio\/produto\/porta-papel-higienico-plastico-branco-com-textura-granilite-plasutil\/","title":{"rendered":"Porta Papel Higi\u00eanico Pl\u00e1stico Branco com Textura Granilite Plas\u00fatil"},"content":{"rendered":"<p>Delicado e pr\u00e1tico, o Porta Papel Higi\u00eanico Branco Plas\u00fatil \u00e9 ideal para armazenar 1 rolo de papel higi\u00eanico e possui abertura que facilita o manuseio, dispensando o contato com o rolo por inteiro. Sua tampa com fechamento rosca mant\u00e9m papel livre de contamina\u00e7\u00f5es e seu design discreto com textura granilite am\u00eandoa evita o constrangimento de carregar o rolo inteiro com voc\u00ea. Leve seu papel higi\u00eanico para qualquer lugar!<\/p>\n","protected":false},"excerpt":{"rendered":"<h4 style=\"margin: 0px;padding: 0px 0px 16px;font-family: Lato, sans-serif;font-weight: bold;line-height: 3rem;color: var(--dark-grey3);font-size: 22px;font-style: normal;letter-spacing: normal;text-align: start;text-indent: 0px;text-transform: none\">Informa\u00e7\u00f5es t\u00e9cnicas<\/h4>\n<p><span style=\"margin: 0px;padding: 0px;font-weight: 450;font-size: 14px;line-height: 21px;color: var(--dark-grey2);font-family: Lato, sans-serif;font-style: normal;letter-spacing: normal;text-align: start;text-indent: 0px;text-transform: none\">Produto: Porta Papel Higi\u00eanico<br \/>\nMarca: Plas\u00fatil<br \/>\nMaterial: Pl\u00e1stico<br \/>\nCor: Branco<br \/>\nCaracter\u00edsticas: Com abertura superior<br \/>\nTampa com fechamento de rosca<br \/>\nCapacidade interna de 1,2L<br \/>\nTextura Granilite Am\u00eandoa<br \/>\nItens Inclusos: 1 porta papel higi\u00eanico<br \/>\nDimens\u00f5es do produto (A): 13,3cm<br \/>\nDi\u00e2metro do produto: 12,7cm<\/span><\/p>\n","protected":false},"featured_media":12273,"template":"","meta":{"_joinchat":[]},"product_brand":[],"product_cat":[69],"product_tag":[],"class_list":{"0":"post-12241","1":"product","2":"type-product","3":"status-publish","4":"has-post-thumbnail","6":"product_cat-acessorios-para-banheiro","8":"first","9":"outofstock","10":"shipping-taxable","11":"product-type-simple"},"_links":{"self":[{"href":"https:\/\/www.multicasa.com.br\/inicio\/wp-json\/wp\/v2\/product\/12241","targetHints":{"allow":["GET"]}}],"collection":[{"href":"https:\/\/www.multicasa.com.br\/inicio\/wp-json\/wp\/v2\/product"}],"about":[{"href":"https:\/\/www.multicasa.com.br\/inicio\/wp-json\/wp\/v2\/types\/product"}],"wp:featuredmedia":[{"embeddable":true,"href":"https:\/\/www.multicasa.com.br\/inicio\/wp-json\/wp\/v2\/media\/12273"}],"wp:attachment":[{"href":"https:\/\/www.multicasa.com.br\/inicio\/wp-json\/wp\/v2\/media?parent=12241"}],"wp:term":[{"taxonomy":"product_brand","embeddable":true,"href":"https:\/\/www.multicasa.com.br\/inicio\/wp-json\/wp\/v2\/product_brand?post=12241"},{"taxonomy":"product_cat","embeddable":true,"href":"https:\/\/www.multicasa.com.br\/inicio\/wp-json\/wp\/v2\/product_cat?post=12241"},{"taxonomy":"product_tag","embeddable":true,"href":"https:\/\/www.multicasa.com.br\/inicio\/wp-json\/wp\/v2\/product_tag?post=12241"}],"curies":[{"name":"wp","href":"https:\/\/api.w.org\/{rel}","templated":true}]}}