{"id":12244,"date":"2025-06-20T18:14:40","date_gmt":"2025-06-20T22:14:40","guid":{"rendered":"https:\/\/www.multicasa.com.br\/inicio\/?post_type=product&#038;p=12244"},"modified":"2025-06-20T18:14:50","modified_gmt":"2025-06-20T22:14:50","slug":"kit-chave-precisao-6-pecas-stanley","status":"publish","type":"product","link":"https:\/\/www.multicasa.com.br\/inicio\/produto\/kit-chave-precisao-6-pecas-stanley\/","title":{"rendered":"Kit Chave Precis\u00e3o 6 pe\u00e7as Stanley"},"content":{"rendered":"<p>O Kit Chave Precis\u00e3o Stanley \u00e9 o que voc\u00ea precisa para concluir servi\u00e7os delicados em manuten\u00e7\u00e3o de \u00f3culos, c\u00e2meras fotogr\u00e1ficas, rel\u00f3gios e demais aparelhos de tamanhos pequenos. O jogo conta com 6 pe\u00e7as de chave Fenda e philips com cabos ergon\u00f4micos feitos com borracha endurecida e com acabamento em \u00f3xido preto o que promove durabilidade e ader\u00eancia ao produto. Acompanha estojo de pl\u00e1stico para voc\u00ea levar e armazenar onde quiser.<\/p>\n","protected":false},"excerpt":{"rendered":"<h4 style=\"margin: 0px;padding: 0px 0px 16px;font-family: Lato, sans-serif;font-weight: bold;line-height: 3rem;color: var(--dark-grey3);font-size: 22px;font-style: normal;letter-spacing: normal;text-align: start;text-indent: 0px;text-transform: none\">Informa\u00e7\u00f5es t\u00e9cnicas<\/h4>\n<p><span style=\"margin: 0px;padding: 0px;font-weight: 450;font-size: 14px;line-height: 21px;color: var(--dark-grey2);font-family: Lato, sans-serif;font-style: normal;letter-spacing: normal;text-align: start;text-indent: 0px;text-transform: none\">Produto: Kit de Chave de precis\u00e3o<br \/>\nMarca: Stanley<br \/>\nMaterial: Borracha endurecida<br \/>\nAcabamento: \u00d3xido preto<br \/>\nCor: Amarelo e preto<br \/>\nUso Indicado: Para apertar e soltar parafusos pequenos<br \/>\nCaracter\u00edsticas: Cabos ergon\u00f4micos<br \/>\nResistente \u00e0 corros\u00e3o<br \/>\nQuantidade de pe\u00e7as: 7<br \/>\nItens Inclusos: 1 estojo de pl\u00e1stico<br \/>\n4 chaves de fenda 1.4, 2.0, 2.4 E 3.0mm<br \/>\n2 chaves philips 0 e 1<br \/>\nDimens\u00f5es do produto (A X L X P) x (C): 2 x 10 x 19cm<br \/>\nChaves &#8211; 12cm<br \/>\nPeso do Produto: 0,08kg<\/span><\/p>\n","protected":false},"featured_media":12274,"template":"","meta":{"_joinchat":[]},"product_brand":[],"product_cat":[137],"product_tag":[],"class_list":{"0":"post-12244","1":"product","2":"type-product","3":"status-publish","4":"has-post-thumbnail","6":"product_cat-ferramentas-manuais","8":"first","9":"outofstock","10":"shipping-taxable","11":"product-type-simple"},"_links":{"self":[{"href":"https:\/\/www.multicasa.com.br\/inicio\/wp-json\/wp\/v2\/product\/12244","targetHints":{"allow":["GET"]}}],"collection":[{"href":"https:\/\/www.multicasa.com.br\/inicio\/wp-json\/wp\/v2\/product"}],"about":[{"href":"https:\/\/www.multicasa.com.br\/inicio\/wp-json\/wp\/v2\/types\/product"}],"wp:featuredmedia":[{"embeddable":true,"href":"https:\/\/www.multicasa.com.br\/inicio\/wp-json\/wp\/v2\/media\/12274"}],"wp:attachment":[{"href":"https:\/\/www.multicasa.com.br\/inicio\/wp-json\/wp\/v2\/media?parent=12244"}],"wp:term":[{"taxonomy":"product_brand","embeddable":true,"href":"https:\/\/www.multicasa.com.br\/inicio\/wp-json\/wp\/v2\/product_brand?post=12244"},{"taxonomy":"product_cat","embeddable":true,"href":"https:\/\/www.multicasa.com.br\/inicio\/wp-json\/wp\/v2\/product_cat?post=12244"},{"taxonomy":"product_tag","embeddable":true,"href":"https:\/\/www.multicasa.com.br\/inicio\/wp-json\/wp\/v2\/product_tag?post=12244"}],"curies":[{"name":"wp","href":"https:\/\/api.w.org\/{rel}","templated":true}]}}