{"id":12245,"date":"2025-06-20T18:14:40","date_gmt":"2025-06-20T22:14:40","guid":{"rendered":"https:\/\/www.multicasa.com.br\/inicio\/?post_type=product&#038;p=12245"},"modified":"2025-12-16T19:28:31","modified_gmt":"2025-12-16T23:28:31","slug":"inseticida-aerossol-mata-cupim-straik-400ml","status":"publish","type":"product","link":"https:\/\/www.multicasa.com.br\/inicio\/produto\/inseticida-aerossol-mata-cupim-straik-400ml\/","title":{"rendered":"Inseticida Aerossol Mata Cupim Straik 400ml"},"content":{"rendered":"<p>O inseticida aerossol mata cupim Straik combate os focos de cupins, protrgendo seus m\u00f3veis de madeira e outras superf\u00edcies. \u00c0 base de \u00e1gua, n\u00e3o faz mal \u00e0 sa\u00fade e cont\u00e9m uma ventosa que evita vazamentos durante a aplica\u00e7\u00e3o. O seu rem\u00e9dio para cupim age instant\u00e2neamente e continua agindo depois com mais efici\u00eancia e protec\u00e3o.<\/p>\n","protected":false},"excerpt":{"rendered":"<h4 style=\"margin: 0px;padding: 0px 0px 16px;font-family: Lato, sans-serif;font-weight: bold;line-height: 3rem;color: var(--dark-grey3);font-size: 22px;font-style: normal;letter-spacing: normal;text-align: start;text-indent: 0px;text-transform: none\">Informa\u00e7\u00f5es t\u00e9cnicas<\/h4>\n<p><span style=\"margin: 0px;padding: 0px;font-weight: 450;font-size: 14px;line-height: 21px;color: var(--dark-grey2);font-family: Lato, sans-serif;font-style: normal;letter-spacing: normal;text-align: start;text-indent: 0px;text-transform: none\">Produto: Inseticida mata cupim<br \/>\nMarca: Straik<br \/>\nConte\u00fado: 400ml<br \/>\nCaracter\u00edsticas: N\u00e3o faz mal a sa\u00fade<br \/>\nF\u00f3rmula a base de \u00e1gua<br \/>\nMata mais r\u00e1pido<br \/>\nPossui tubo flex\u00edvel com uma ventosa antifluxo<br \/>\nItens Inclusos: 1 Inseticida mata cupim<br \/>\n<\/span><\/p>\n","protected":false},"featured_media":12275,"template":"","meta":{"_joinchat":[]},"product_brand":[],"product_cat":[132],"product_tag":[],"class_list":{"0":"post-12245","1":"product","2":"type-product","3":"status-publish","4":"has-post-thumbnail","6":"product_cat-inseticidas","8":"first","9":"outofstock","10":"shipping-taxable","11":"purchasable","12":"product-type-simple"},"_links":{"self":[{"href":"https:\/\/www.multicasa.com.br\/inicio\/wp-json\/wp\/v2\/product\/12245","targetHints":{"allow":["GET"]}}],"collection":[{"href":"https:\/\/www.multicasa.com.br\/inicio\/wp-json\/wp\/v2\/product"}],"about":[{"href":"https:\/\/www.multicasa.com.br\/inicio\/wp-json\/wp\/v2\/types\/product"}],"wp:featuredmedia":[{"embeddable":true,"href":"https:\/\/www.multicasa.com.br\/inicio\/wp-json\/wp\/v2\/media\/12275"}],"wp:attachment":[{"href":"https:\/\/www.multicasa.com.br\/inicio\/wp-json\/wp\/v2\/media?parent=12245"}],"wp:term":[{"taxonomy":"product_brand","embeddable":true,"href":"https:\/\/www.multicasa.com.br\/inicio\/wp-json\/wp\/v2\/product_brand?post=12245"},{"taxonomy":"product_cat","embeddable":true,"href":"https:\/\/www.multicasa.com.br\/inicio\/wp-json\/wp\/v2\/product_cat?post=12245"},{"taxonomy":"product_tag","embeddable":true,"href":"https:\/\/www.multicasa.com.br\/inicio\/wp-json\/wp\/v2\/product_tag?post=12245"}],"curies":[{"name":"wp","href":"https:\/\/api.w.org\/{rel}","templated":true}]}}