{"id":12246,"date":"2025-06-20T18:14:40","date_gmt":"2025-06-20T22:14:40","guid":{"rendered":"https:\/\/www.multicasa.com.br\/inicio\/?post_type=product&#038;p=12246"},"modified":"2025-11-26T11:34:50","modified_gmt":"2025-11-26T15:34:50","slug":"borrifador-de-plastico-pkz-550ml","status":"publish","type":"product","link":"https:\/\/www.multicasa.com.br\/inicio\/produto\/borrifador-de-plastico-pkz-550ml\/","title":{"rendered":"Borrifador de Pl\u00e1stico PKZ 550ml"},"content":{"rendered":"<p>Use o borrifador de pl\u00e1stico PKZ para aplicar diversos l\u00edquidos da melhor forma. Ajuda na economia e pode ser utilizado para in\u00fameras atividades. Use para umidificar superf\u00edcies, borrifar produtos de limpeza e tamb\u00e9m em afazeres de jardinagem. Tem capacidade m\u00e1xima de 550ml.<\/p>\n","protected":false},"excerpt":{"rendered":"<h4 style=\"margin: 0px;padding: 0px 0px 16px;font-family: Lato, sans-serif;font-weight: bold;line-height: 3rem;color: var(--dark-grey3);font-size: 22px;font-style: normal;letter-spacing: normal;text-align: start;text-indent: 0px;text-transform: none\">Informa\u00e7\u00f5es t\u00e9cnicas<\/h4>\n<p><span style=\"margin: 0px;padding: 0px;font-weight: 450;font-size: 14px;line-height: 21px;color: var(--dark-grey2);font-family: Lato, sans-serif;font-style: normal;letter-spacing: normal;text-align: start;text-indent: 0px;text-transform: none\">Produto: Borrifador<br \/>\nMarca: PKZ<br \/>\nMaterial: Pl\u00e1stico<br \/>\nCor: Preto, branco<br \/>\nCapacidade: 550ml<br \/>\nCaracter\u00edsticas: Transparente<br \/>\nItens inclusos: 1 Borrifador<br \/>\nDimens\u00f5es do produto (A X L): 24 x 8cm<\/span><\/p>\n","protected":false},"featured_media":12276,"template":"","meta":{"_joinchat":[]},"product_brand":[],"product_cat":[71],"product_tag":[],"class_list":{"0":"post-12246","1":"product","2":"type-product","3":"status-publish","4":"has-post-thumbnail","6":"product_cat-chuveiros","8":"first","9":"outofstock","10":"shipping-taxable","11":"purchasable","12":"product-type-simple"},"_links":{"self":[{"href":"https:\/\/www.multicasa.com.br\/inicio\/wp-json\/wp\/v2\/product\/12246","targetHints":{"allow":["GET"]}}],"collection":[{"href":"https:\/\/www.multicasa.com.br\/inicio\/wp-json\/wp\/v2\/product"}],"about":[{"href":"https:\/\/www.multicasa.com.br\/inicio\/wp-json\/wp\/v2\/types\/product"}],"wp:featuredmedia":[{"embeddable":true,"href":"https:\/\/www.multicasa.com.br\/inicio\/wp-json\/wp\/v2\/media\/12276"}],"wp:attachment":[{"href":"https:\/\/www.multicasa.com.br\/inicio\/wp-json\/wp\/v2\/media?parent=12246"}],"wp:term":[{"taxonomy":"product_brand","embeddable":true,"href":"https:\/\/www.multicasa.com.br\/inicio\/wp-json\/wp\/v2\/product_brand?post=12246"},{"taxonomy":"product_cat","embeddable":true,"href":"https:\/\/www.multicasa.com.br\/inicio\/wp-json\/wp\/v2\/product_cat?post=12246"},{"taxonomy":"product_tag","embeddable":true,"href":"https:\/\/www.multicasa.com.br\/inicio\/wp-json\/wp\/v2\/product_tag?post=12246"}],"curies":[{"name":"wp","href":"https:\/\/api.w.org\/{rel}","templated":true}]}}