{"id":12247,"date":"2025-06-20T18:14:40","date_gmt":"2025-06-20T22:14:40","guid":{"rendered":"https:\/\/www.multicasa.com.br\/inicio\/?post_type=product&#038;p=12247"},"modified":"2025-06-20T18:14:53","modified_gmt":"2025-06-20T22:14:53","slug":"reator-eletronico-afp-ecp-2x40w-bivolt","status":"publish","type":"product","link":"https:\/\/www.multicasa.com.br\/inicio\/produto\/reator-eletronico-afp-ecp-2x40w-bivolt\/","title":{"rendered":"Reator Eletr\u00f4nico AFP ECP 2x40W Bivolt"},"content":{"rendered":"<p>O Reator Eletr\u00f4nico AFP ECP modelo 2&#215;40\/36w tem alimenta\u00e7\u00e3o bivolt e segue a tabela de aplica\u00e7\u00e3o AF Lumi. Ideal para l\u00e2mpadas T8, T10 e T12, possui THD quando em 127v de 10% e em 220v de 20%. N\u00e3o aquece o ambiente, possui filtro para elimina\u00e7\u00e3o de r\u00e1dio interfer\u00eancia e funciona como prolongador da vida \u00fatil das l\u00e2mpadas. Garantindo baixo surto de corrente ?in rush curren? na entrada do reator que evita o desgaste premature de interruptores e disjuntores, possui fator de pot\u00eancia a 127v de 0,98C e a 220v de 0,96C. O reator eletr\u00f4nico conta, ainda, com prote\u00e7\u00e3o contra contato acidental ?choque el\u00e9trico? com as partes vivas do reator independente do inv\u00f3lucro met\u00e1lico da lumin\u00e1ria, tornando-se indispens\u00e1vel para quem busca qualidade e seguran\u00e7a.<\/p>\n","protected":false},"excerpt":{"rendered":"<h4 style=\"margin: 0px;padding: 0px 0px 16px;font-family: Lato, sans-serif;font-weight: bold;line-height: 3rem;color: var(--dark-grey3);font-size: 22px;font-style: normal;letter-spacing: normal;text-align: start;text-indent: 0px;text-transform: none\">Informa\u00e7\u00f5es t\u00e9cnicas<\/h4>\n<p><span style=\"margin: 0px;padding: 0px;font-weight: 450;font-size: 14px;line-height: 21px;color: var(--dark-grey2);font-family: Lato, sans-serif;font-style: normal;letter-spacing: normal;text-align: start;text-indent: 0px;text-transform: none\">Produto: Reator Eletr\u00f4nico AFP<br \/>\nMarca: ECP<br \/>\nModelo: 2&#215;40\/36V<br \/>\nCor: Cinza<br \/>\nTens\u00e3o El\u00e9trica: Bivolt<br \/>\nCaracter\u00edsticas: Compat\u00edvel com l\u00e2mpadas T8, T10 e T12<br \/>\nTHD: 127v &#8211; 10% e 220v &#8211; 20%<br \/>\nTabela de Aplica\u00e7\u00e3o AF Lumi<br \/>\nFator de pot\u00eancia: 127v de 0,98C e 220v de 0,96C<br \/>\nProte\u00e7\u00e3o contra contato acidental<br \/>\nBaixo surto de corrente<br \/>\nItens inclusos: 1 Reator eletr\u00f4nico AFP ECP<br \/>\nDimens\u00f5es do produto (A X L X P): 3,4 x 6,55 x 8,85cm<br \/>\nGarantia: 2 anos<\/span><\/p>\n","protected":false},"featured_media":12277,"template":"","meta":{"_joinchat":[]},"product_brand":[],"product_cat":[83],"product_tag":[],"class_list":{"0":"post-12247","1":"product","2":"type-product","3":"status-publish","4":"has-post-thumbnail","6":"product_cat-reatores-e-cia","8":"first","9":"outofstock","10":"shipping-taxable","11":"product-type-simple"},"_links":{"self":[{"href":"https:\/\/www.multicasa.com.br\/inicio\/wp-json\/wp\/v2\/product\/12247","targetHints":{"allow":["GET"]}}],"collection":[{"href":"https:\/\/www.multicasa.com.br\/inicio\/wp-json\/wp\/v2\/product"}],"about":[{"href":"https:\/\/www.multicasa.com.br\/inicio\/wp-json\/wp\/v2\/types\/product"}],"wp:featuredmedia":[{"embeddable":true,"href":"https:\/\/www.multicasa.com.br\/inicio\/wp-json\/wp\/v2\/media\/12277"}],"wp:attachment":[{"href":"https:\/\/www.multicasa.com.br\/inicio\/wp-json\/wp\/v2\/media?parent=12247"}],"wp:term":[{"taxonomy":"product_brand","embeddable":true,"href":"https:\/\/www.multicasa.com.br\/inicio\/wp-json\/wp\/v2\/product_brand?post=12247"},{"taxonomy":"product_cat","embeddable":true,"href":"https:\/\/www.multicasa.com.br\/inicio\/wp-json\/wp\/v2\/product_cat?post=12247"},{"taxonomy":"product_tag","embeddable":true,"href":"https:\/\/www.multicasa.com.br\/inicio\/wp-json\/wp\/v2\/product_tag?post=12247"}],"curies":[{"name":"wp","href":"https:\/\/api.w.org\/{rel}","templated":true}]}}