{"id":12250,"date":"2025-06-20T18:14:41","date_gmt":"2025-06-20T22:14:41","guid":{"rendered":"https:\/\/www.multicasa.com.br\/inicio\/?post_type=product&#038;p=12250"},"modified":"2025-06-20T18:14:58","modified_gmt":"2025-06-20T22:14:58","slug":"barra-de-apoio-para-banheiro-com-ventosa-ortho-pauher","status":"publish","type":"product","link":"https:\/\/www.multicasa.com.br\/inicio\/produto\/barra-de-apoio-para-banheiro-com-ventosa-ortho-pauher\/","title":{"rendered":"Barra de Apoio para Banheiro com Ventosa Ortho Pauher"},"content":{"rendered":"<p>A Barra de Apoio para Banheiro da Ortho Pauher \u00e9 port\u00e1til e de f\u00e1cil aplica\u00e7\u00e3o em apenas alguns segundos j\u00e1 est\u00e1 feita a coloca\u00e7\u00e3o usando tecnologia de ventosas sem a necessidade de usar ferramentas, fazer buracos na parede ou transtornos em casa. Foi desenvolvida para que de forma pr\u00e1tica oferecesse seguran\u00e7a ao usu\u00e1rio em diversas situa\u00e7\u00f5es cotidianas com aplica\u00e7\u00e3o em muitas depend\u00eancias do lar.<\/p>\n","protected":false},"excerpt":{"rendered":"<h4 style=\"margin: 0px;padding: 0px 0px 16px;font-family: Lato, sans-serif;font-weight: bold;line-height: 3rem;color: var(--dark-grey3);font-size: 22px;font-style: normal;letter-spacing: normal;text-align: start;text-indent: 0px;text-transform: none\">Informa\u00e7\u00f5es t\u00e9cnicas<\/h4>\n<p><span style=\"margin: 0px;padding: 0px;font-weight: 450;font-size: 14px;line-height: 21px;color: var(--dark-grey2);font-family: Lato, sans-serif;font-style: normal;letter-spacing: normal;text-align: start;text-indent: 0px;text-transform: none\">Produto: Barra de Apoio<br \/>\nMarca: Ortho Pauher<br \/>\nMaterial: ABS e PU<br \/>\nCor: Branco<br \/>\nCaracter\u00edsticas: Com ventosa, suporta peso 100kg, port\u00e1til e de f\u00e1cil aplica\u00e7\u00e3o<br \/>\nItens inclusos: 1 Barra de apoio<br \/>\nDimens\u00f5es do produto (C X L ): 29,5 x 9,5cm<br \/>\nPeso: 100g<\/span><\/p>\n","protected":false},"featured_media":12280,"template":"","meta":{"_joinchat":[]},"product_brand":[],"product_cat":[69],"product_tag":[],"class_list":{"0":"post-12250","1":"product","2":"type-product","3":"status-publish","4":"has-post-thumbnail","6":"product_cat-acessorios-para-banheiro","8":"first","9":"outofstock","10":"shipping-taxable","11":"product-type-simple"},"_links":{"self":[{"href":"https:\/\/www.multicasa.com.br\/inicio\/wp-json\/wp\/v2\/product\/12250","targetHints":{"allow":["GET"]}}],"collection":[{"href":"https:\/\/www.multicasa.com.br\/inicio\/wp-json\/wp\/v2\/product"}],"about":[{"href":"https:\/\/www.multicasa.com.br\/inicio\/wp-json\/wp\/v2\/types\/product"}],"wp:featuredmedia":[{"embeddable":true,"href":"https:\/\/www.multicasa.com.br\/inicio\/wp-json\/wp\/v2\/media\/12280"}],"wp:attachment":[{"href":"https:\/\/www.multicasa.com.br\/inicio\/wp-json\/wp\/v2\/media?parent=12250"}],"wp:term":[{"taxonomy":"product_brand","embeddable":true,"href":"https:\/\/www.multicasa.com.br\/inicio\/wp-json\/wp\/v2\/product_brand?post=12250"},{"taxonomy":"product_cat","embeddable":true,"href":"https:\/\/www.multicasa.com.br\/inicio\/wp-json\/wp\/v2\/product_cat?post=12250"},{"taxonomy":"product_tag","embeddable":true,"href":"https:\/\/www.multicasa.com.br\/inicio\/wp-json\/wp\/v2\/product_tag?post=12250"}],"curies":[{"name":"wp","href":"https:\/\/api.w.org\/{rel}","templated":true}]}}