{"id":12254,"date":"2025-06-20T18:14:41","date_gmt":"2025-06-20T22:14:41","guid":{"rendered":"https:\/\/www.multicasa.com.br\/inicio\/?post_type=product&#038;p=12254"},"modified":"2025-06-23T10:07:32","modified_gmt":"2025-06-23T14:07:32","slug":"fecho-de-contato-preto-betters-210x10-mm-6-unidades","status":"publish","type":"product","link":"https:\/\/www.multicasa.com.br\/inicio\/produto\/fecho-de-contato-preto-betters-210x10-mm-6-unidades\/","title":{"rendered":"Fecho de Contato Preto Betters 210&#215;10 mm &#8211; 6 unidades"},"content":{"rendered":"<p>Feito para auxiliar na organiza\u00e7\u00e3o e manuten\u00e7\u00e3o di\u00e1ria, o fecho de contato preto da Betters mede 210 x 10 mm e pode ser usado para organizar cabos e fios. Produzido em material de excelente qualidade e durabilidade, a abra\u00e7adeira com fecho de velcro \u00e9 pr\u00e1tica, n\u00e3o tem resina, n\u00e3o risca e pode ser usada diversas vezes. Embalagem com 6 unidades.<\/p>\n","protected":false},"excerpt":{"rendered":"<h4 style=\"margin: 0px;padding: 0px 0px 16px;font-family: Lato, sans-serif;font-weight: bold;line-height: 3rem;color: var(--dark-grey3);font-size: 22px;font-style: normal;letter-spacing: normal;text-align: start;text-indent: 0px;text-transform: none\">Informa\u00e7\u00f5es t\u00e9cnicas<\/h4>\n<p><span style=\"margin: 0px;padding: 0px;font-weight: 450;font-size: 14px;line-height: 21px;color: var(--dark-grey2);font-family: Lato, sans-serif;font-style: normal;letter-spacing: normal;text-align: start;text-indent: 0px;text-transform: none\">Produto: Fecho de Contato<br \/>\nMarca: Betters<br \/>\nMaterial: Velcro<br \/>\nCor: Preto<br \/>\nCaracter\u00edsticas: Sem Resina<br \/>\nN\u00e3o risca<br \/>\nItens Inclusos: 1 Fecho de contato<br \/>\nDimens\u00f5es do produto (L X P): 21 x 1cm<br \/>\n<\/span><\/p>\n","protected":false},"featured_media":25180,"template":"","meta":{"_joinchat":[]},"product_brand":[],"product_cat":[143],"product_tag":[],"class_list":{"0":"post-12254","1":"product","2":"type-product","3":"status-publish","4":"has-post-thumbnail","6":"product_cat-tintas-e-cia","8":"first","9":"outofstock","10":"shipping-taxable","11":"product-type-simple"},"_links":{"self":[{"href":"https:\/\/www.multicasa.com.br\/inicio\/wp-json\/wp\/v2\/product\/12254","targetHints":{"allow":["GET"]}}],"collection":[{"href":"https:\/\/www.multicasa.com.br\/inicio\/wp-json\/wp\/v2\/product"}],"about":[{"href":"https:\/\/www.multicasa.com.br\/inicio\/wp-json\/wp\/v2\/types\/product"}],"wp:featuredmedia":[{"embeddable":true,"href":"https:\/\/www.multicasa.com.br\/inicio\/wp-json\/wp\/v2\/media\/25180"}],"wp:attachment":[{"href":"https:\/\/www.multicasa.com.br\/inicio\/wp-json\/wp\/v2\/media?parent=12254"}],"wp:term":[{"taxonomy":"product_brand","embeddable":true,"href":"https:\/\/www.multicasa.com.br\/inicio\/wp-json\/wp\/v2\/product_brand?post=12254"},{"taxonomy":"product_cat","embeddable":true,"href":"https:\/\/www.multicasa.com.br\/inicio\/wp-json\/wp\/v2\/product_cat?post=12254"},{"taxonomy":"product_tag","embeddable":true,"href":"https:\/\/www.multicasa.com.br\/inicio\/wp-json\/wp\/v2\/product_tag?post=12254"}],"curies":[{"name":"wp","href":"https:\/\/api.w.org\/{rel}","templated":true}]}}