{"id":12255,"date":"2025-06-20T18:14:41","date_gmt":"2025-06-20T22:14:41","guid":{"rendered":"https:\/\/www.multicasa.com.br\/inicio\/?post_type=product&#038;p=12255"},"modified":"2025-06-23T10:28:27","modified_gmt":"2025-06-23T14:28:27","slug":"porta-shampoo-e-escova-com-ventosas-transparente-sao-bernardo","status":"publish","type":"product","link":"https:\/\/www.multicasa.com.br\/inicio\/produto\/porta-shampoo-e-escova-com-ventosas-transparente-sao-bernardo\/","title":{"rendered":"Porta Shampoo e Escova com Ventosas Transparente S\u00e3o Bernardo"},"content":{"rendered":"<p>Deixe seu banheiro mais organizado com o Porta Shampoo e Escova S\u00e3o Bernardo. Feito de pl\u00e1stico, possui ventosas que podem ser fixadas na parede sem que haja necessidade de furos. Perfeito para quem busca organiza\u00e7\u00e3o e otimiza\u00e7\u00e3o de espa\u00e7os.<\/p>\n","protected":false},"excerpt":{"rendered":"<h4 style=\"margin: 0px;padding: 0px 0px 16px;font-family: Lato, sans-serif;font-weight: bold;line-height: 3rem;color: var(--dark-grey3);font-size: 22px;font-style: normal;letter-spacing: normal;text-align: start;text-indent: 0px;text-transform: none\">Informa\u00e7\u00f5es t\u00e9cnicas<\/h4>\n<p><span style=\"margin: 0px;padding: 0px;font-weight: 450;font-size: 14px;line-height: 21px;color: var(--dark-grey2);font-family: Lato, sans-serif;font-style: normal;letter-spacing: normal;text-align: start;text-indent: 0px;text-transform: none\">Produto: Porta Shampoo e Escovas<br \/>\nMarca: S\u00e3o Bernardo<br \/>\nMaterial: Pl\u00e1stico<br \/>\nCor: Transparente<br \/>\nCaracter\u00edstica: Com ventosas<br \/>\nPara fixa\u00e7\u00e3o em paredes<br \/>\nItens Inclusos: 1 porta shampoo e escovas<br \/>\nDimens\u00f5es do produto (A x L x P): 5,5 x 38 x 11cm<\/span><\/p>\n","protected":false},"featured_media":25789,"template":"","meta":{"_joinchat":[]},"product_brand":[],"product_cat":[69],"product_tag":[],"class_list":{"0":"post-12255","1":"product","2":"type-product","3":"status-publish","4":"has-post-thumbnail","6":"product_cat-acessorios-para-banheiro","8":"first","9":"outofstock","10":"shipping-taxable","11":"product-type-simple"},"_links":{"self":[{"href":"https:\/\/www.multicasa.com.br\/inicio\/wp-json\/wp\/v2\/product\/12255","targetHints":{"allow":["GET"]}}],"collection":[{"href":"https:\/\/www.multicasa.com.br\/inicio\/wp-json\/wp\/v2\/product"}],"about":[{"href":"https:\/\/www.multicasa.com.br\/inicio\/wp-json\/wp\/v2\/types\/product"}],"wp:featuredmedia":[{"embeddable":true,"href":"https:\/\/www.multicasa.com.br\/inicio\/wp-json\/wp\/v2\/media\/25789"}],"wp:attachment":[{"href":"https:\/\/www.multicasa.com.br\/inicio\/wp-json\/wp\/v2\/media?parent=12255"}],"wp:term":[{"taxonomy":"product_brand","embeddable":true,"href":"https:\/\/www.multicasa.com.br\/inicio\/wp-json\/wp\/v2\/product_brand?post=12255"},{"taxonomy":"product_cat","embeddable":true,"href":"https:\/\/www.multicasa.com.br\/inicio\/wp-json\/wp\/v2\/product_cat?post=12255"},{"taxonomy":"product_tag","embeddable":true,"href":"https:\/\/www.multicasa.com.br\/inicio\/wp-json\/wp\/v2\/product_tag?post=12255"}],"curies":[{"name":"wp","href":"https:\/\/api.w.org\/{rel}","templated":true}]}}