{"id":12256,"date":"2025-06-20T18:14:41","date_gmt":"2025-06-20T22:14:41","guid":{"rendered":"https:\/\/www.multicasa.com.br\/inicio\/?post_type=product&#038;p=12256"},"modified":"2025-08-17T19:19:01","modified_gmt":"2025-08-17T23:19:01","slug":"assento-almofadado-oval-linea-max-branco-mebuki","status":"publish","type":"product","link":"https:\/\/www.multicasa.com.br\/inicio\/produto\/assento-almofadado-oval-linea-max-branco-mebuki\/","title":{"rendered":"Assento Almofadado Oval Linea Max Branco Mebuki"},"content":{"rendered":"<p>O Assento Sanit\u00e1rio Almofadado da Mebuki s\u00e3o produzidos com a mat\u00e9ria-prima nova, at\u00f3xica e de proced\u00eancia que garante melhor acabamento e maior durabilidade, sua limpeza \u00e9 super f\u00e1cil e possui manuseio higi\u00eanico, o produto \u00e9 adapt\u00e1vel a todos os tipos. <\/p>\n","protected":false},"excerpt":{"rendered":"<h4 style=\"margin: 0px;padding: 0px 0px 16px;font-family: Lato, sans-serif;font-weight: bold;line-height: 3rem;color: var(--dark-grey3);font-size: 22px;font-style: normal;letter-spacing: normal;text-align: start;text-indent: 0px;text-transform: none\">Informa\u00e7\u00f5es t\u00e9cnicas<\/h4>\n<p><span style=\"margin: 0px;padding: 0px;font-weight: 450;font-size: 14px;line-height: 21px;color: var(--dark-grey2);font-family: Lato, sans-serif;font-style: normal;letter-spacing: normal;text-align: start;text-indent: 0px;text-transform: none\">Modelo: L\u00ednea Max<br \/>\nAcabamento: Brilhante<br \/>\nEmbalagem: Pl\u00e1stico<br \/>\nFormato: Oval<br \/>\nAcompanha Fixa\u00e7\u00e3o: Sim<br \/>\nCor: Branco<br \/>\nDimens\u00f5es: 39&#215;44 cm<br \/>\nMarca: Mebuki<br \/>\nProduto: Assento Sanit\u00e1rio<br \/>\nTipo de Material: Polietileno<\/span><\/p>\n","protected":false},"featured_media":24638,"template":"","meta":{"_joinchat":[]},"product_brand":[],"product_cat":[70],"product_tag":[],"class_list":{"0":"post-12256","1":"product","2":"type-product","3":"status-publish","4":"has-post-thumbnail","6":"product_cat-assentos-e-cia","8":"first","9":"outofstock","10":"shipping-taxable","11":"purchasable","12":"product-type-simple"},"_links":{"self":[{"href":"https:\/\/www.multicasa.com.br\/inicio\/wp-json\/wp\/v2\/product\/12256","targetHints":{"allow":["GET"]}}],"collection":[{"href":"https:\/\/www.multicasa.com.br\/inicio\/wp-json\/wp\/v2\/product"}],"about":[{"href":"https:\/\/www.multicasa.com.br\/inicio\/wp-json\/wp\/v2\/types\/product"}],"wp:featuredmedia":[{"embeddable":true,"href":"https:\/\/www.multicasa.com.br\/inicio\/wp-json\/wp\/v2\/media\/24638"}],"wp:attachment":[{"href":"https:\/\/www.multicasa.com.br\/inicio\/wp-json\/wp\/v2\/media?parent=12256"}],"wp:term":[{"taxonomy":"product_brand","embeddable":true,"href":"https:\/\/www.multicasa.com.br\/inicio\/wp-json\/wp\/v2\/product_brand?post=12256"},{"taxonomy":"product_cat","embeddable":true,"href":"https:\/\/www.multicasa.com.br\/inicio\/wp-json\/wp\/v2\/product_cat?post=12256"},{"taxonomy":"product_tag","embeddable":true,"href":"https:\/\/www.multicasa.com.br\/inicio\/wp-json\/wp\/v2\/product_tag?post=12256"}],"curies":[{"name":"wp","href":"https:\/\/api.w.org\/{rel}","templated":true}]}}