{"id":12291,"date":"2025-06-20T18:15:04","date_gmt":"2025-06-20T22:15:04","guid":{"rendered":"https:\/\/www.multicasa.com.br\/inicio\/?post_type=product&#038;p=12291"},"modified":"2025-10-31T10:53:33","modified_gmt":"2025-10-31T14:53:33","slug":"arejador-para-torneira-padrao-deca-fabrimar-blukit","status":"publish","type":"product","link":"https:\/\/www.multicasa.com.br\/inicio\/produto\/arejador-para-torneira-padrao-deca-fabrimar-blukit\/","title":{"rendered":"Arejador para Torneira Padr\u00e3o Deca\/Fabrimar Blukit"},"content":{"rendered":"<p>Ideal para cozinhas, o arejador articulado para torneira padr\u00e3o Deca\/Fabrimar da Blukit tem a fun\u00e7\u00e3o de misturar ar ao jato de \u00e1gua, diminuindo o fluxo de respingos, facilitando no direcionamento da \u00e1gua, mas sem diminuir a press\u00e3o. Cromado e feito de liga de cobre, \u00e9 compat\u00edvel com roscas M19, M21, M22 e M24, medindo 1,5 cm.<\/p>\n","protected":false},"excerpt":{"rendered":"<h4 style=\"margin: 0px;padding: 0px 0px 16px;font-family: Lato, sans-serif;font-weight: bold;line-height: 3rem;color: var(--dark-grey3);font-size: 22px;font-style: normal;letter-spacing: normal;text-align: start;text-indent: 0px;text-transform: none\">Informa\u00e7\u00f5es t\u00e9cnicas<\/h4>\n<p><span style=\"margin: 0px;padding: 0px;font-weight: 450;font-size: 14px;line-height: 21px;color: var(--dark-grey2);font-family: Lato, sans-serif;font-style: normal;letter-spacing: normal;text-align: start;text-indent: 0px;text-transform: none\">Produto: Arejador Articulado<br \/>\nMarca: Blukit<br \/>\nMaterial: Liga de cobre e cromado<br \/>\nCor: prata, branco<br \/>\nCaracter\u00edsticas: Rosca M19, M21, M22 e M24<br \/>\nItens Inclusos: 1 Arejador articulado<br \/>\nDimens\u00f5es do produto (A X L): 1,5 x 1,5cm<br \/>\n<\/span><\/p>\n","protected":false},"featured_media":12339,"template":"","meta":{"_joinchat":[]},"product_brand":[],"product_cat":[67],"product_tag":[],"class_list":{"0":"post-12291","1":"product","2":"type-product","3":"status-publish","4":"has-post-thumbnail","6":"product_cat-torneiras-e-cia","8":"first","9":"outofstock","10":"shipping-taxable","11":"product-type-simple"},"_links":{"self":[{"href":"https:\/\/www.multicasa.com.br\/inicio\/wp-json\/wp\/v2\/product\/12291","targetHints":{"allow":["GET"]}}],"collection":[{"href":"https:\/\/www.multicasa.com.br\/inicio\/wp-json\/wp\/v2\/product"}],"about":[{"href":"https:\/\/www.multicasa.com.br\/inicio\/wp-json\/wp\/v2\/types\/product"}],"wp:featuredmedia":[{"embeddable":true,"href":"https:\/\/www.multicasa.com.br\/inicio\/wp-json\/wp\/v2\/media\/12339"}],"wp:attachment":[{"href":"https:\/\/www.multicasa.com.br\/inicio\/wp-json\/wp\/v2\/media?parent=12291"}],"wp:term":[{"taxonomy":"product_brand","embeddable":true,"href":"https:\/\/www.multicasa.com.br\/inicio\/wp-json\/wp\/v2\/product_brand?post=12291"},{"taxonomy":"product_cat","embeddable":true,"href":"https:\/\/www.multicasa.com.br\/inicio\/wp-json\/wp\/v2\/product_cat?post=12291"},{"taxonomy":"product_tag","embeddable":true,"href":"https:\/\/www.multicasa.com.br\/inicio\/wp-json\/wp\/v2\/product_tag?post=12291"}],"curies":[{"name":"wp","href":"https:\/\/api.w.org\/{rel}","templated":true}]}}