{"id":12293,"date":"2025-06-20T18:15:05","date_gmt":"2025-06-20T22:15:05","guid":{"rendered":"https:\/\/www.multicasa.com.br\/inicio\/?post_type=product&#038;p=12293"},"modified":"2025-10-31T10:22:20","modified_gmt":"2025-10-31T14:22:20","slug":"arruela-lisa-1-4-bemfixa-20-unidades","status":"publish","type":"product","link":"https:\/\/www.multicasa.com.br\/inicio\/produto\/arruela-lisa-1-4-bemfixa-20-unidades\/","title":{"rendered":"Arruela Lisa 1\/4&#8243; Bemfixa 20 Unidades"},"content":{"rendered":"<p>A Arruela Lisa 1\/4&#8243; Bemfixa \u00e9 utilizada como complemento na aplica\u00e7\u00e3o com outros fixadores aumentando a \u00e1rea de apoio da porca ou da cabe\u00e7a do parafuso, quando a superf\u00edcie \u00e9 irregular. O pacote conta com 20 pe\u00e7as que podem ser usadas na montagem de m\u00e1quinas e equipamentos.<\/p>\n","protected":false},"excerpt":{"rendered":"<h4 style=\"margin: 0px;padding: 0px 0px 16px;font-family: Lato, sans-serif;font-weight: bold;line-height: 3rem;color: var(--dark-grey3);font-size: 22px;font-style: normal;letter-spacing: normal;text-align: start;text-indent: 0px;text-transform: none\">Informa\u00e7\u00f5es t\u00e9cnicas<\/h4>\n<p><span style=\"margin: 0px;padding: 0px;font-weight: 450;font-size: 14px;line-height: 21px;color: var(--dark-grey2);font-family: Lato, sans-serif;font-style: normal;letter-spacing: normal;text-align: start;text-indent: 0px;text-transform: none\">Produto: Arruela Lisa<br \/>\nMarca: Bemfixa<br \/>\nMaterial: A\u00e7o<br \/>\nCor: Prata<br \/>\nQuantidade de Pe\u00e7as: 4<br \/>\nItens inclusos: 20 Arruelas Lisas<br \/>\nDi\u00e2metro: 1\/4&#8243; (6mm)<br \/>\n<\/span><\/p>\n","protected":false},"featured_media":24633,"template":"","meta":{"_joinchat":[]},"product_brand":[],"product_cat":[135],"product_tag":[],"class_list":{"0":"post-12293","1":"product","2":"type-product","3":"status-publish","4":"has-post-thumbnail","6":"product_cat-parafusos-e-buchas","8":"first","9":"outofstock","10":"shipping-taxable","11":"purchasable","12":"product-type-simple"},"_links":{"self":[{"href":"https:\/\/www.multicasa.com.br\/inicio\/wp-json\/wp\/v2\/product\/12293","targetHints":{"allow":["GET"]}}],"collection":[{"href":"https:\/\/www.multicasa.com.br\/inicio\/wp-json\/wp\/v2\/product"}],"about":[{"href":"https:\/\/www.multicasa.com.br\/inicio\/wp-json\/wp\/v2\/types\/product"}],"wp:featuredmedia":[{"embeddable":true,"href":"https:\/\/www.multicasa.com.br\/inicio\/wp-json\/wp\/v2\/media\/24633"}],"wp:attachment":[{"href":"https:\/\/www.multicasa.com.br\/inicio\/wp-json\/wp\/v2\/media?parent=12293"}],"wp:term":[{"taxonomy":"product_brand","embeddable":true,"href":"https:\/\/www.multicasa.com.br\/inicio\/wp-json\/wp\/v2\/product_brand?post=12293"},{"taxonomy":"product_cat","embeddable":true,"href":"https:\/\/www.multicasa.com.br\/inicio\/wp-json\/wp\/v2\/product_cat?post=12293"},{"taxonomy":"product_tag","embeddable":true,"href":"https:\/\/www.multicasa.com.br\/inicio\/wp-json\/wp\/v2\/product_tag?post=12293"}],"curies":[{"name":"wp","href":"https:\/\/api.w.org\/{rel}","templated":true}]}}