{"id":12323,"date":"2025-06-20T18:15:27","date_gmt":"2025-06-20T22:15:27","guid":{"rendered":"https:\/\/www.multicasa.com.br\/inicio\/?post_type=product&#038;p=12323"},"modified":"2026-03-17T16:00:17","modified_gmt":"2026-03-17T20:00:17","slug":"luva-de-correr-para-tubo-soldavel-tigre","status":"publish","type":"product","link":"https:\/\/www.multicasa.com.br\/inicio\/produto\/luva-de-correr-para-tubo-soldavel-tigre\/","title":{"rendered":"Luva de Correr para Tubo Sold\u00e1vel Tigre"},"content":{"rendered":"<p>A Luva de Correr para Tubo Sold\u00e1vel da Tigre \u00e9 idal para que voc\u00ea possa resolver de forma pr\u00e1tica problemas de rachaduras, furos e vazamentos que ocorrem em pontos das tubula\u00e7\u00f5es de \u00e1gua fria em ambientes comerciais ou residenciais.<\/p>\n<p>Fabricado em mat\u00e9ria-prima de PVC, \u00e9 uma luva de correr ideal para press\u00f5s de servi\u00e7os de at\u00e9 75 (M.C.A).<\/p>\n","protected":false},"excerpt":{"rendered":"<h4 style=\"margin: 0px;padding: 0px 0px 16px;font-family: Lato, sans-serif;font-weight: bold;line-height: 3rem;color: var(--dark-grey3);font-size: 22px;font-style: normal;letter-spacing: normal;text-align: start;text-indent: 0px;text-transform: none\">Informa\u00e7\u00f5es t\u00e9cnicas<\/h4>\n<p><span style=\"margin: 0px;padding: 0px;font-weight: 450;font-size: 14px;line-height: 21px;color: var(--dark-grey2);font-family: Lato, sans-serif;font-style: normal;letter-spacing: normal;text-align: start;text-indent: 0px;text-transform: none\">Produto: Luva de Correr para Tubo Sold\u00e1vel<br \/>\nMarca: Tigre<br \/>\nMaterial: PVC<br \/>\nCor: Marrom<br \/>\nItens inclusos: Luva de Correr para Tubo Sold\u00e1vel Tigre<br \/>\nDimens\u00f5es do produto: ?3,1 x 3,1 x 4,6cm<\/span><\/p>\n","protected":false},"featured_media":25497,"template":"","meta":{"_joinchat":[]},"product_brand":[],"product_cat":[73],"product_tag":[],"class_list":{"0":"post-12323","1":"product","2":"type-product","3":"status-publish","4":"has-post-thumbnail","6":"product_cat-tubos-e-conexoes","8":"first","9":"outofstock","10":"shipping-taxable","11":"purchasable","12":"product-type-simple"},"_links":{"self":[{"href":"https:\/\/www.multicasa.com.br\/inicio\/wp-json\/wp\/v2\/product\/12323","targetHints":{"allow":["GET"]}}],"collection":[{"href":"https:\/\/www.multicasa.com.br\/inicio\/wp-json\/wp\/v2\/product"}],"about":[{"href":"https:\/\/www.multicasa.com.br\/inicio\/wp-json\/wp\/v2\/types\/product"}],"wp:featuredmedia":[{"embeddable":true,"href":"https:\/\/www.multicasa.com.br\/inicio\/wp-json\/wp\/v2\/media\/25497"}],"wp:attachment":[{"href":"https:\/\/www.multicasa.com.br\/inicio\/wp-json\/wp\/v2\/media?parent=12323"}],"wp:term":[{"taxonomy":"product_brand","embeddable":true,"href":"https:\/\/www.multicasa.com.br\/inicio\/wp-json\/wp\/v2\/product_brand?post=12323"},{"taxonomy":"product_cat","embeddable":true,"href":"https:\/\/www.multicasa.com.br\/inicio\/wp-json\/wp\/v2\/product_cat?post=12323"},{"taxonomy":"product_tag","embeddable":true,"href":"https:\/\/www.multicasa.com.br\/inicio\/wp-json\/wp\/v2\/product_tag?post=12323"}],"curies":[{"name":"wp","href":"https:\/\/api.w.org\/{rel}","templated":true}]}}