{"id":12367,"date":"2025-06-20T18:15:51","date_gmt":"2025-06-20T22:15:51","guid":{"rendered":"https:\/\/www.multicasa.com.br\/inicio\/?post_type=product&#038;p=12367"},"modified":"2026-04-29T11:20:20","modified_gmt":"2026-04-29T15:20:20","slug":"reparo-para-valvula-de-descarga-11-4-deca","status":"publish","type":"product","link":"https:\/\/www.multicasa.com.br\/inicio\/produto\/reparo-para-valvula-de-descarga-11-4-deca\/","title":{"rendered":"Reparo para V\u00e1lvula de Descarga 11\/4 Deca"},"content":{"rendered":"<p>O Reparo para V\u00e1lvula de Descarga 1.1\/4&#8243; Deca \u00e9 um produto que garante economia e efici\u00eancia para evitar desperd\u00edcios na descarga do banheiro. <\/p>\n<p>Fabricado com material de a\u00e7o inoxid\u00e1vel, elast\u00f4meros, liga de cobre e pl\u00e1sticos de engenharia que proporcionam excelente durabilidade ao produto.<\/p>\n","protected":false},"excerpt":{"rendered":"<h4 style=\"margin: 0px;padding: 0px 0px 16px;font-family: Lato, sans-serif;font-weight: bold;line-height: 3rem;color: var(--dark-grey3);font-size: 22px;font-style: normal;letter-spacing: normal;text-align: start;text-indent: 0px;text-transform: none\">Informa\u00e7\u00f5es t\u00e9cnicas<\/h4>\n<p><span style=\"margin: 0px;padding: 0px;font-weight: 450;font-size: 14px;line-height: 21px;color: var(--dark-grey2);font-family: Lato, sans-serif;font-style: normal;letter-spacing: normal;text-align: start;text-indent: 0px;text-transform: none\">Produto: Reparo para V\u00e1lvula de Descarga<br \/>\nMarca: Deca<br \/>\nCor: Preto<br \/>\nItens Inclusos: 1 Kit Reparo para V\u00e1lvula de descarga 11\/4<br \/>\nDimens\u00f5es do produto (A x L x P): 12 x 12 x 12 cm<\/span><\/p>\n","protected":false},"featured_media":12395,"template":"","meta":{"_joinchat":[]},"product_brand":[],"product_cat":[74],"product_tag":[],"class_list":{"0":"post-12367","1":"product","2":"type-product","3":"status-publish","4":"has-post-thumbnail","6":"product_cat-reparos-hidraulicos","8":"first","9":"instock","10":"shipping-taxable","11":"purchasable","12":"product-type-simple"},"_links":{"self":[{"href":"https:\/\/www.multicasa.com.br\/inicio\/wp-json\/wp\/v2\/product\/12367","targetHints":{"allow":["GET"]}}],"collection":[{"href":"https:\/\/www.multicasa.com.br\/inicio\/wp-json\/wp\/v2\/product"}],"about":[{"href":"https:\/\/www.multicasa.com.br\/inicio\/wp-json\/wp\/v2\/types\/product"}],"wp:featuredmedia":[{"embeddable":true,"href":"https:\/\/www.multicasa.com.br\/inicio\/wp-json\/wp\/v2\/media\/12395"}],"wp:attachment":[{"href":"https:\/\/www.multicasa.com.br\/inicio\/wp-json\/wp\/v2\/media?parent=12367"}],"wp:term":[{"taxonomy":"product_brand","embeddable":true,"href":"https:\/\/www.multicasa.com.br\/inicio\/wp-json\/wp\/v2\/product_brand?post=12367"},{"taxonomy":"product_cat","embeddable":true,"href":"https:\/\/www.multicasa.com.br\/inicio\/wp-json\/wp\/v2\/product_cat?post=12367"},{"taxonomy":"product_tag","embeddable":true,"href":"https:\/\/www.multicasa.com.br\/inicio\/wp-json\/wp\/v2\/product_tag?post=12367"}],"curies":[{"name":"wp","href":"https:\/\/api.w.org\/{rel}","templated":true}]}}