{"id":12448,"date":"2025-06-20T18:16:38","date_gmt":"2025-06-20T22:16:38","guid":{"rendered":"https:\/\/www.multicasa.com.br\/inicio\/?post_type=product&#038;p=12448"},"modified":"2025-10-31T10:22:46","modified_gmt":"2025-10-31T14:22:46","slug":"kit-de-ponta-bits-precisao-x-cell-com-pinca-33-pecas","status":"publish","type":"product","link":"https:\/\/www.multicasa.com.br\/inicio\/produto\/kit-de-ponta-bits-precisao-x-cell-com-pinca-33-pecas\/","title":{"rendered":"Kit de Ponta Bits Precis\u00e3o X-Cell com Pin\u00e7a 33 pe\u00e7as"},"content":{"rendered":"<p>O Kit de ponta bits precis\u00e3o X-Cell \u00e9 ideal para quem procura variedade de chaves em um \u00fanico produto. Com as pe\u00e7as confeccionadas nos mais finos materiais com m\u00e1quinas de precis\u00e3o para promover m\u00e1xima exatid\u00e3o durante o trabalho. Possui uma pin\u00e7a, ponteiras niqueladas magn\u00e9ticas, cabo emborrachado e um estojo com tampa acr\u00edlica permitindo transportar seus acess\u00f3rios com mais tranquilidade. Conta com 33 pe\u00e7as entre elas: Torx, Allen, Fenda, philips, tri\u00e2ngulo, mercedes e estrela. Ferramentas fabricadas em a\u00e7o carbono diminuindo a possibilidade de oxida\u00e7\u00e3o. Compacto, pr\u00e1tico e perfeito para voc\u00ea levar para onde quiser.<\/p>\n","protected":false},"excerpt":{"rendered":"<h4 style=\"margin: 0px;padding: 0px 0px 16px;font-family: Lato, sans-serif;font-weight: bold;line-height: 3rem;color: var(--dark-grey3);font-size: 22px;font-style: normal;letter-spacing: normal;text-align: start;text-indent: 0px;text-transform: none\">Informa\u00e7\u00f5es t\u00e9cnicas<\/h4>\n<p><span style=\"margin: 0px;padding: 0px;font-weight: 450;font-size: 14px;line-height: 21px;color: var(--dark-grey2);font-family: Lato, sans-serif;font-style: normal;letter-spacing: normal;text-align: start;text-indent: 0px;text-transform: none\">Produto: Kit de pontas<br \/>\nTipo: Chaves<br \/>\nMarca: X-Cell<br \/>\nMaterial: Borracha<br \/>\nCor: Amarelo, vermelho e prata<br \/>\nQuantidade de pe\u00e7as: 34<br \/>\nItens Inclusos: Torx: t3, t4, t5, t6, t7, t8, t9, t10, t15, t20<br \/>\nAllen: h0.9, h1.3, h1.5, h2.0, h2.5, h3.0, h3.5, h4.0<br \/>\nFenda: 1.0, 1.5, 2.0, 2.5, 3.0, 3.5, 4.0;<br \/>\nphilips: 1.0, 1.5, 2.0, 2.5, 3.5 , Tri\u00e2ngulo: 2.0, 2.3<br \/>\nMercedes: y2.0, y2.5<br \/>\n1 Estrela 2.0<br \/>\n1 Pin\u00e7a<br \/>\n1 Estojo<br \/>\nDimens\u00f5es do Produto (A X L): 14 x 10,5cm<br \/>\n<\/span><\/p>\n","protected":false},"featured_media":12508,"template":"","meta":{"_joinchat":[]},"product_brand":[],"product_cat":[152],"product_tag":[],"class_list":{"0":"post-12448","1":"product","2":"type-product","3":"status-publish","4":"has-post-thumbnail","6":"product_cat-ferramentas-eletricas","8":"first","9":"outofstock","10":"shipping-taxable","11":"purchasable","12":"product-type-simple"},"_links":{"self":[{"href":"https:\/\/www.multicasa.com.br\/inicio\/wp-json\/wp\/v2\/product\/12448","targetHints":{"allow":["GET"]}}],"collection":[{"href":"https:\/\/www.multicasa.com.br\/inicio\/wp-json\/wp\/v2\/product"}],"about":[{"href":"https:\/\/www.multicasa.com.br\/inicio\/wp-json\/wp\/v2\/types\/product"}],"wp:featuredmedia":[{"embeddable":true,"href":"https:\/\/www.multicasa.com.br\/inicio\/wp-json\/wp\/v2\/media\/12508"}],"wp:attachment":[{"href":"https:\/\/www.multicasa.com.br\/inicio\/wp-json\/wp\/v2\/media?parent=12448"}],"wp:term":[{"taxonomy":"product_brand","embeddable":true,"href":"https:\/\/www.multicasa.com.br\/inicio\/wp-json\/wp\/v2\/product_brand?post=12448"},{"taxonomy":"product_cat","embeddable":true,"href":"https:\/\/www.multicasa.com.br\/inicio\/wp-json\/wp\/v2\/product_cat?post=12448"},{"taxonomy":"product_tag","embeddable":true,"href":"https:\/\/www.multicasa.com.br\/inicio\/wp-json\/wp\/v2\/product_tag?post=12448"}],"curies":[{"name":"wp","href":"https:\/\/api.w.org\/{rel}","templated":true}]}}