{"id":12517,"date":"2025-06-20T18:17:24","date_gmt":"2025-06-20T22:17:24","guid":{"rendered":"https:\/\/www.multicasa.com.br\/inicio\/?post_type=product&#038;p=12517"},"modified":"2026-01-05T15:50:18","modified_gmt":"2026-01-05T19:50:18","slug":"prateleira-de-vidro-de-canto-bemfixa-20x20cm","status":"publish","type":"product","link":"https:\/\/www.multicasa.com.br\/inicio\/produto\/prateleira-de-vidro-de-canto-bemfixa-20x20cm\/","title":{"rendered":"Prateleira de Vidro de Canto Bemfixa 20x20cm"},"content":{"rendered":"<p>Com a Prateleira de Canto Bemfixa produzida em vidro de 20x20cm, voc\u00ea deixa sua casa organizada e charmosa, podendo ser utilizada em v\u00e1rios ambientes como: sala, banheiro, dormit\u00f3rio, lavanderia, cozinha e etc. Suporta at\u00e9 3kg e acompanha suporte, buchas e parafusos para instala\u00e7\u00e3o.<\/p>\n","protected":false},"excerpt":{"rendered":"<h4 style=\"margin: 0px;padding: 0px 0px 16px;font-family: Lato, sans-serif;font-weight: bold;line-height: 3rem;color: var(--dark-grey3);font-size: 22px;font-style: normal;letter-spacing: normal;text-align: start;text-indent: 0px;text-transform: none\">Informa\u00e7\u00f5es t\u00e9cnicas<\/h4>\n<p><span style=\"margin: 0px;padding: 0px;font-weight: 450;font-size: 14px;line-height: 21px;color: var(--dark-grey2);font-family: Lato, sans-serif;font-style: normal;letter-spacing: normal;text-align: start;text-indent: 0px;text-transform: none\">Produto: Prateleira<br \/>\nTipo: De canto<br \/>\nMarca: Bemfixa<br \/>\nMaterial: Vidro<br \/>\nCor: Incolor<br \/>\nCaracter\u00edsticas: Suporta at\u00e9 3kg<br \/>\nQuantiade de pe\u00e7as: 7<br \/>\nItens Inclusos: 1 prateleira de vidro<br \/>\n2 suportes de metal<br \/>\n2 parafusos inox<br \/>\n2 buchas<br \/>\nEspessura: 8mm<br \/>\nDimens\u00f5es do produto (A x L x P): 20 x 20cm<\/span><\/p>\n","protected":false},"featured_media":12596,"template":"","meta":{"_joinchat":[]},"product_brand":[],"product_cat":[146],"product_tag":[],"class_list":{"0":"post-12517","1":"product","2":"type-product","3":"status-publish","4":"has-post-thumbnail","6":"product_cat-prateleiras-e-cia","8":"first","9":"outofstock","10":"shipping-taxable","11":"purchasable","12":"product-type-simple"},"_links":{"self":[{"href":"https:\/\/www.multicasa.com.br\/inicio\/wp-json\/wp\/v2\/product\/12517","targetHints":{"allow":["GET"]}}],"collection":[{"href":"https:\/\/www.multicasa.com.br\/inicio\/wp-json\/wp\/v2\/product"}],"about":[{"href":"https:\/\/www.multicasa.com.br\/inicio\/wp-json\/wp\/v2\/types\/product"}],"wp:featuredmedia":[{"embeddable":true,"href":"https:\/\/www.multicasa.com.br\/inicio\/wp-json\/wp\/v2\/media\/12596"}],"wp:attachment":[{"href":"https:\/\/www.multicasa.com.br\/inicio\/wp-json\/wp\/v2\/media?parent=12517"}],"wp:term":[{"taxonomy":"product_brand","embeddable":true,"href":"https:\/\/www.multicasa.com.br\/inicio\/wp-json\/wp\/v2\/product_brand?post=12517"},{"taxonomy":"product_cat","embeddable":true,"href":"https:\/\/www.multicasa.com.br\/inicio\/wp-json\/wp\/v2\/product_cat?post=12517"},{"taxonomy":"product_tag","embeddable":true,"href":"https:\/\/www.multicasa.com.br\/inicio\/wp-json\/wp\/v2\/product_tag?post=12517"}],"curies":[{"name":"wp","href":"https:\/\/api.w.org\/{rel}","templated":true}]}}