{"id":12621,"date":"2025-06-20T18:18:38","date_gmt":"2025-06-20T22:18:38","guid":{"rendered":"https:\/\/www.multicasa.com.br\/inicio\/?post_type=product&#038;p=12621"},"modified":"2025-10-31T10:23:01","modified_gmt":"2025-10-31T14:23:01","slug":"esponja-para-proteger-unhas-esfrebom-bettanin","status":"publish","type":"product","link":"https:\/\/www.multicasa.com.br\/inicio\/produto\/esponja-para-proteger-unhas-esfrebom-bettanin\/","title":{"rendered":"Esponja para Proteger Unhas Esfrebom Bettanin"},"content":{"rendered":"<p>O design da Esponja para Proteger Unhas da Esfrebom Bettanin foi desenvolvido para voc\u00ea fazer a limpeza da sua casa sem estragar o seu esmalte. Possui formato nas laterais que permite o encaixe perfeito dos dedos, evitando que as unhas tenham contato direto com a parte abrasiva. \u00c9 f\u00e1cil de segurar e pode ser guardada em qualquer dispenser.<\/p>\n","protected":false},"excerpt":{"rendered":"<h4 style=\"margin: 0px;padding: 0px 0px 16px;font-family: Lato, sans-serif;font-weight: bold;line-height: 3rem;color: var(--dark-grey3);font-size: 22px;font-style: normal;letter-spacing: normal;text-align: start;text-indent: 0px;text-transform: none\">Informa\u00e7\u00f5es t\u00e9cnicas<\/h4>\n<p><span style=\"margin: 0px;padding: 0px;font-weight: 450;font-size: 14px;line-height: 21px;color: var(--dark-grey2);font-family: Lato, sans-serif;font-style: normal;letter-spacing: normal;text-align: start;text-indent: 0px;text-transform: none\">Produto: Esponja para Proteger Unhas<br \/>\nMarca: Bettanin<br \/>\nMaterial: Espuma<br \/>\nCor: Verde amarelo<br \/>\nCaracter\u00edsticas: Formato especial que protege as unhas<br \/>\nMais f\u00e1cil de segurar<br \/>\nItens Inclusos: 1 Esponja para proteger unhas<br \/>\nDimens\u00f5es do produto (A x L x P): 10 x 7,5 x 4,2cm<br \/>\n<\/span><\/p>\n","protected":false},"featured_media":12689,"template":"","meta":{"_joinchat":[]},"product_brand":[],"product_cat":[96],"product_tag":[],"class_list":{"0":"post-12621","1":"product","2":"type-product","3":"status-publish","4":"has-post-thumbnail","6":"product_cat-limpeza-e-cia","8":"first","9":"outofstock","10":"shipping-taxable","11":"purchasable","12":"product-type-simple"},"_links":{"self":[{"href":"https:\/\/www.multicasa.com.br\/inicio\/wp-json\/wp\/v2\/product\/12621","targetHints":{"allow":["GET"]}}],"collection":[{"href":"https:\/\/www.multicasa.com.br\/inicio\/wp-json\/wp\/v2\/product"}],"about":[{"href":"https:\/\/www.multicasa.com.br\/inicio\/wp-json\/wp\/v2\/types\/product"}],"wp:featuredmedia":[{"embeddable":true,"href":"https:\/\/www.multicasa.com.br\/inicio\/wp-json\/wp\/v2\/media\/12689"}],"wp:attachment":[{"href":"https:\/\/www.multicasa.com.br\/inicio\/wp-json\/wp\/v2\/media?parent=12621"}],"wp:term":[{"taxonomy":"product_brand","embeddable":true,"href":"https:\/\/www.multicasa.com.br\/inicio\/wp-json\/wp\/v2\/product_brand?post=12621"},{"taxonomy":"product_cat","embeddable":true,"href":"https:\/\/www.multicasa.com.br\/inicio\/wp-json\/wp\/v2\/product_cat?post=12621"},{"taxonomy":"product_tag","embeddable":true,"href":"https:\/\/www.multicasa.com.br\/inicio\/wp-json\/wp\/v2\/product_tag?post=12621"}],"curies":[{"name":"wp","href":"https:\/\/api.w.org\/{rel}","templated":true}]}}