{"id":12649,"date":"2025-06-20T18:19:01","date_gmt":"2025-06-20T22:19:01","guid":{"rendered":"https:\/\/www.multicasa.com.br\/inicio\/?post_type=product&#038;p=12649"},"modified":"2026-04-14T16:00:21","modified_gmt":"2026-04-14T20:00:21","slug":"suporte-vertical-para-1-modulo-4x2-pial-pialplus","status":"publish","type":"product","link":"https:\/\/www.multicasa.com.br\/inicio\/produto\/suporte-vertical-para-1-modulo-4x2-pial-pialplus\/","title":{"rendered":"Suporte Vertical para 1 M\u00f3dulo 4&#215;2 Pial Pialplus"},"content":{"rendered":"<p>O Suporte Vertical para 1 m\u00f3dulo 4&#215;2 da Pialplus \u00e9 indicado para que voc\u00ea possa instalar m\u00f3dulos de tomada de maneira pr\u00e1tica e segura. Desenvolvido com material pl\u00e1stico resistente e dur\u00e1vel, \u00e9 um suporte vertical de acabamento discreto.<\/p>\n","protected":false},"excerpt":{"rendered":"<h4 style=\"margin: 0px;padding: 0px 0px 16px;font-family: Lato, sans-serif;font-weight: bold;line-height: 3rem;color: var(--dark-grey3);font-size: 22px;font-style: normal;letter-spacing: normal;text-align: start;text-indent: 0px;text-transform: none\">Informa\u00e7\u00f5es t\u00e9cnicas<\/h4>\n<p><span style=\"margin: 0px;padding: 0px;font-weight: 450;font-size: 14px;line-height: 21px;color: var(--dark-grey2);font-family: Lato, sans-serif;font-style: normal;letter-spacing: normal;text-align: start;text-indent: 0px;text-transform: none\">Produto: Suporte Vertical para 1 m\u00f3dulo 4&#215;2<br \/>\nMarca: Pial<br \/>\nCor: Branco<br \/>\nCaracter\u00edsticas: Alta durabilidade<br \/>\nItens Inclusos: Mini Soquete para L\u00e2mpada Fluorescente Redondo com Rabicho I-Need<br \/>\nDimens\u00f5es do produto (C X L): 5cm X 3cm<\/span><\/p>\n","protected":false},"featured_media":26042,"template":"","meta":{"_joinchat":[]},"product_brand":[],"product_cat":[144],"product_tag":[],"class_list":{"0":"post-12649","1":"product","2":"type-product","3":"status-publish","4":"has-post-thumbnail","6":"product_cat-tomadas-e-cia","8":"first","9":"outofstock","10":"shipping-taxable","11":"product-type-simple"},"_links":{"self":[{"href":"https:\/\/www.multicasa.com.br\/inicio\/wp-json\/wp\/v2\/product\/12649","targetHints":{"allow":["GET"]}}],"collection":[{"href":"https:\/\/www.multicasa.com.br\/inicio\/wp-json\/wp\/v2\/product"}],"about":[{"href":"https:\/\/www.multicasa.com.br\/inicio\/wp-json\/wp\/v2\/types\/product"}],"wp:featuredmedia":[{"embeddable":true,"href":"https:\/\/www.multicasa.com.br\/inicio\/wp-json\/wp\/v2\/media\/26042"}],"wp:attachment":[{"href":"https:\/\/www.multicasa.com.br\/inicio\/wp-json\/wp\/v2\/media?parent=12649"}],"wp:term":[{"taxonomy":"product_brand","embeddable":true,"href":"https:\/\/www.multicasa.com.br\/inicio\/wp-json\/wp\/v2\/product_brand?post=12649"},{"taxonomy":"product_cat","embeddable":true,"href":"https:\/\/www.multicasa.com.br\/inicio\/wp-json\/wp\/v2\/product_cat?post=12649"},{"taxonomy":"product_tag","embeddable":true,"href":"https:\/\/www.multicasa.com.br\/inicio\/wp-json\/wp\/v2\/product_tag?post=12649"}],"curies":[{"name":"wp","href":"https:\/\/api.w.org\/{rel}","templated":true}]}}